{"id":97,"date":"2016-01-28T16:54:41","date_gmt":"2016-01-28T15:54:41","guid":{"rendered":"http:\/\/sge.org\/ibercarto\/?page_id=97"},"modified":"2016-06-03T14:59:49","modified_gmt":"2016-06-03T12:59:49","slug":"portugal-bibliografia-cartografica-de-autores-portugueses-anos-2010-2012","status":"publish","type":"page","link":"https:\/\/old.sge.org\/ibercarto\/bibliografia-cartografica\/portugal-bibliografia-cartografica-de-autores-portugueses-anos-2010-2012\/","title":{"rendered":"PORTUGAL.- Bibliograf\u00eda cartogr\u00e1fica de autores portugueses, a\u00f1os 2010-2012"},"content":{"rendered":"<section  class='av_textblock_section av-av_textblock-0366cc7376be6c9e82a3e9cc8987b64f'  itemscope=\"itemscope\" itemtype=\"https:\/\/schema.org\/CreativeWork\" ><div class='avia_textblock'  itemprop=\"text\" ><h3><strong><br \/>\n2010<\/strong><\/h3>\n<p>DIAS,\u00a0\u00a0Maria Helena (2010)<\/p>\n<p><em>Cursos e percursos para o mar oceano: interven\u00e7\u00f5es nos rios portugueses e representa\u00e7\u00f5es da cartografia militar<\/em>.\u00a0Lisboa: Instituto Geogr\u00e1fico do Ex\u00e9rcito.<\/p>\n<p>DAVEAU, Suzanne (2010)<\/p>\n<p><em>Um antigo mapa corogr\u00e1fico de Portugal (c. 1525): reconstitui\u00e7\u00e3o a partir do C\u00f3dice de Hamburgo. Lisboa: Centro de Estudos Geogr\u00e1ficos da Universidade de Lisboa\u00a0<\/em><\/p>\n<p>FEIJ\u00c3O, Maria Joaquina Esteves (2010)<\/p>\n<p><em>Direct\u00f3rio de mapotecas ou colec\u00e7\u00f5es de mapas em institui\u00e7\u00f5es portuguesas. Dispon\u00edvel em:<a href=\"http:\/\/www.sge.org\/fileadmin\/contenidos\/imagenes_ibercarto\/actividades\/DIRECTORIO_CARTOTECAS_PORTUGUESAS.pdf\">http:\/\/www.sge.org\/fileadmin\/contenidos\/imagenes_ibercarto<br \/>\n\/actividades\/DIRECTORIO_CARTOTECAS_PORTUGUESAS.pdf<\/a><\/em><\/p>\n<h3>GARCIA, Jo\u00e3o Carlos (2010)<\/h3>\n<ul>\n<li>&#8220;Santar\u00e9m \u2018le navigateur\u2019 \u00e0 Paris: cartes, diplomatie et soci\u00e9t\u00e9s savantes&#8221;. In:\u00a0<em>Naissances de la G\u00e9ographie Moderne (1760-1860). Lyon\u00a0: \u00c9cole Normale Sup\u00e9rieure de Lyon, pp. 57-82.<\/em><\/li>\n<li>&#8220;A Lusit\u00e2nia para o Cardeal Guido Sforza: um mapa de Portugal de 1561 na Biblioteca Nacional&#8221;. In:\u00a0<em>Revista da Faculdade de Letras da Universidade do Porto. Hist\u00f3ria.<em>\u00a0Porto: F.L.U.P. S\u00e9rie III, vol. 11, pp. 363-368.<\/em><\/em><\/li>\n<\/ul>\n<p>GARCIA, Jo\u00e3o Carlos;\u00a0\u00a0RODRIGUES, Vitor Lu\u00eds Gaspar; TORR\u00c3O, Maria Manuel Ferraz,\u00a0\u00a0coord. (2010)<\/p>\n<p><em>Ilhas, portos e ciudades: cartografia de Cabo Verde (s\u00e9culos XVIII-XX)<em>.\u00a0Cidade da Praia; Lisboa: Universidade de Cabo Verde; Instituto de Investiga\u00e7\u00e3o Cient\u00edfica Tropical.<\/em><\/em><\/p>\n<p>MOREIRA, Lu\u00eds Miguel (2010)<\/p>\n<p>\u201cMapping the Country: the role of Portuguese military cartography (from 17th to 19th century)\u201d, In:\u00a0<em>Napole\u00e3o: antecedentes, campanhas militares e impactos de longa dura\u00e7\u00e3o. In:\u00a0<em>Actas do XXXV Congresso Internacional de Historia Militar. Lisboa:Comiss\u00e3o Portuguesa de\u00a0<\/em><\/em><em><em><em><em><em><em><em><em><em><em><em><em>Hist\u00f3ria Militar\u00a0(CPHM), pp. 1156-1163.<\/em><\/em><\/em><\/em><\/em><\/em><\/em><\/em><\/em><\/em><\/em><\/em><\/p>\n<p>OLIVEIRA, Francisco Roque de (2010)<\/p>\n<ul>\n<li>\u201cHist\u00f3ria da cartografia brasileira e mapoteconomia segundo Jaime Cortes\u00e3o: o curso do Itamaraty de 1944\u201d. In:<em>\u00a0\u00a0<\/em><em><em><em><em><em><em><em>Mem\u00f3rias do<em>III Simp\u00f3sio Iberoamericano de Hist\u00f3ria da Cartografia \u2013 Agendas para a Hist\u00f3ria da Cartografia Iberoamericana.<\/em>S\u00e3o Paulo:Universidade de S\u00e3o Paulo. Dispon\u00edvel em:<a href=\"http:\/\/3siahc.files.wordpress.com\/2010\/04\/francisco-roque-3siach-2010.pdf\">http:\/\/3siahc.files.wordpress.com\/2010\/04\/francisco-roque-3siach-2010.pdf<\/a><\/em><\/em><\/em><\/em><\/em><\/em><\/em><\/li>\n<li>\u201cM\u00e9todo geogr\u00e1fico, cartografia e geopol\u00edtica: a prop\u00f3sito da reedi\u00e7\u00e3o da\u00a0<em>Hist\u00f3ria do Brasil nos velhos mapas<\/em>\u00a0de Jaime Cortes\u00e3o\u201d. In:\u00a0<em>Anais de Hist\u00f3ria de Al\u00e9m-Mar.<\/em>\u00a0Lisboa: Universidade Nova de Lisboa, Volume XI, pp. 225-246.<\/li>\n<li>\u201c<em>Terra australis recenter inventa\u201d: o ressurgimento do mito da quarta parte do mundo na cartografia renascentista.<\/em><em><em><em><em><em><em>\u00a0Coimbra: Museu da Ci\u00eancia da Universidade de Coimbra, Dispon\u00edvel em:<a href=\"http:\/\/www.museudaciencia.com\/gfx\/bd\/100323152814_roque_oliveira2.pdf\">http:\/\/www.museudaciencia.com\/gfx\/\/bd\/100323152814_roque_<br \/>\noliveira2.pdf<\/a><\/em><\/em><\/em><\/em><\/em><\/em><\/li>\n<\/ul>\n<p>OLIVEIRA, Francisco Roque de;\u00a0MENDOZA VARGAS, H\u00e9ctor, coord. (2010)<\/p>\n<ul>\n<li><em>Mapas de metade do mundo: a cartografia e a constru\u00e7\u00e3o territorial dos espa\u00e7os americanos: s\u00e9culos XVI a XIX = Mapas de la mitad del mundo. La cartograf\u00eda y la construcci\u00f3n territorial de los espacios americanos: siglos XVI al XIX<\/em><em>\u00a0[Maps of half the world: the cartography and the construction of territorial American spaces: sixteenth to nineteenth centuries].Lisboa: Centro de Estudos Geogr\u00e1ficos, Universidade de Lisboa; Ciudad de M\u00e9xico: Instituto de Geografia, Universidad Nacional Aut\u00f3noma de M\u00e9xico.<\/em><\/li>\n<\/ul>\n<p>ROM\u00c3O, J. M. (2010)<\/p>\n<p><em>O papel da Cartografia Geol\u00f3gica no desenvolvimento do territ\u00f3rio. In:\u00a0<em>Maleo<\/em><em><em><em><em><em><em>: boletim informativo da Sociedade Geol\u00f3gica de Portugal. Lisboa: Sociedade Geol\u00f3gica de Portugal. N\u00ba 1 (Dezembro), pp. 9-10<\/em><\/em><\/em><\/em><\/em><\/em><\/em><\/p>\n<p>SANTOS, Maria Em\u00edlia Madeira; GARCIA Jo\u00e3o Carlos, coord. (2010)<\/p>\n<p><em>\u00c1lbum Cartogr\u00e1fico de Cabo Verde. Comiss\u00e3o de Cartografia (1883-1936). Cidade da Praia; Lisboa: Instituto de Investiga\u00e7\u00e3o e do Patrim\u00f3nio Culturais.<\/em><\/p>\n<p><strong>\u00a0<\/strong><\/p>\n<h3><strong>2011<\/strong><\/h3>\n<p><em>COSTA, Nuno Silva (<\/em>2011)<\/p>\n<p><em><em>Mapas de um &#8216;Portugal Imperial&#8217;: cultura e propaganda coloniais entre Guerras<\/em><\/em><em><em><em><em><em><em>.\u00a0Porto: Figueirinhas.<\/em><\/em><\/em><\/em><\/em><\/em><\/p>\n<p>GARCIA, de Jo\u00e3o Carlos, coord. (2011)<\/p>\n<ul>\n<li><em>A Planta da Cidade do Porto no s\u00e9culo XIX: Cartografia e Urbanismo. Porto: C\u00e2mara Municipal do Porto; Departamento de Geografia da Faculdade de Letras da Universidade do Porto.<\/em><\/li>\n<\/ul>\n<p>GARCIA, de Jo\u00e3o Carlos;\u00a0\u00a0COSTA, Jorge Vale;\u00a0\u00a0COSTA, S\u00edlvio\u00a0coord. (2011)<\/p>\n<p><em>Cartografia do Brasil na Biblioteca P\u00fablica Municipal do Porto[Documento eletr\u00f3nico]:\u00a0<em>cat\u00e1logo<\/em><em><em><em><em><em><em>. Porto: Biblioteca P\u00fablica Municipal do Porto; Departamento de Geografia da Faculdade de Letras da Universidade do Porto.<\/em><\/em><\/em><\/em><\/em><\/em><\/em><\/p>\n<p>GARCIA, Jo\u00e3o Carlos; ALMEIDA, Andr\u00e9 Ferrand de (2011)<\/p>\n<p>\u201cOs Mapas do Brasil na Engenharia Militar Portuguesa (1750-1822)\u201d. In:\u00a0<em>Anais do 1\u00ba Simp\u00f3sio Brasileiro de Cartografia Hist\u00f3rica: passado presente nos velhos mapas: conhecimento e poder [CD-Rom]<em>. Belo Horizonte: Centro de Refer\u00eancia em Cartografia Hist\u00f3rica, Universidade Federal de Minas Gerais.<\/em><\/em><\/p>\n<p>GASPAR, Joaquim Alves (2011)<\/p>\n<p>\u201cUsing Empirical map projections for Modeling Early Nautical Charts\u201d.\u00a0\u00a0In:\u00a0\u00a0<em>Advances in Cartography and GIScience.\u00a0<\/em>(Lecture Notes in Geoinformation and Cartography).\u00a0Berlin: Springer-Verlag, Vol. 2 , pp. 227-247.<\/p>\n<p><em>MOREIRA, Lu\u00eds Miguel (<\/em>2011)<\/p>\n<p><em><em>O Alto Minho na obra do Engenheiro Militar Cust\u00f3dio Jos\u00e9 Gomes de Villasboas<\/em><\/em><em><em><em><em><em><em><em>.\u00a0Lisboa: Centro de Estudos Geogr\u00e1ficos da Universidade de Lisboa.<\/em><\/em><\/em><\/em><\/em><\/em><\/em><\/p>\n<h3><strong>2012<\/strong><\/h3>\n<p>ALVES GASPAR, Joaquim (2012)<\/p>\n<p>\u201cBlunders, Errors and Entanglements: Scrutinizing the Cantino Planisphere with a Cartometric Eye\u201d.\u00a0In:\u00a0<em>Imago Mundi<\/em>, Vol.\u00a0\u00a064, n\u00ba 2, pp. 181-200.<\/p>\n<p>BIBLIOTECA E ARQUIVO HIST\u00d3RICO DE OBRAS P\u00daBLICAS. (2012)<\/p>\n<p><em><em>\u00a0\u00a0\u00a0\u00a0\u00a0\u00a0\u00a0\u00a0\u00a0\u00a0\u00a0\u00a0Cat\u00e1logo da cole\u00e7\u00e3o de cartas geogr\u00e1ficas<\/em><\/em><em><em><em><em><em><em><em>\u00a0(XVII-XXI)<\/em>. Lisboa: SGMEE\u00a0(Secretaria-Geral\u00a0do Minist\u00e9rio da Economia e do Emprego).<\/em><\/em><\/em><\/em><\/em><\/em><\/p>\n<h3><strong>TESES DE DOUTORAMENTO<\/strong><\/h3>\n<p>GASPAR, Joaquim Alves (2010)<\/p>\n<p><em>From the Portulan Chart of the Mediterranean to the Latitude Chart of the Atlantic: Cartometric Analysis and Modeling<\/em>.Disserta\u00e7\u00e3o de Doutoramento em Gest\u00e3o da Informa\u00e7\u00e3o: Sistemas de Informa\u00e7\u00e3o Geogr\u00e1fica, apresentada ao Instituto Superior de Estat\u00edstica e Gest\u00e3o da Informa\u00e7\u00e3o.<\/p>\n<p><strong>TESES<\/strong><strong>\u00a0DE MESTRADO<\/strong><\/p>\n<p>DOMINGUES, Sandra Cristina Neves Fernandes (2010)<\/p>\n<p><em>Os recursos cartogr\u00e1ficos e as bases de autoridade: normas e aplica\u00e7\u00f5es.<\/em>Disserta\u00e7\u00e3o de Mestrado em Ci\u00eancias da Documenta\u00e7\u00e3o e Informa\u00e7\u00e3o, Biblioteconomia e Documenta\u00e7\u00e3o, apresentada \u00e0 Faculdade de Letras da Universidade de Lisboa.<\/p>\n<p>VAZA, Ana Rita Alves da (2010)<\/p>\n<p><em>Made and Sold by Bardin: estudo e tratamento de um par de globos do final do s\u00e9culo XVIII<\/em>. Disserta\u00e7\u00e3o de Mestrado em Conserva\u00e7\u00e3o e Restauro, apresentada \u00e0 Faculdade de Ci\u00eancias e Tecnologia da Universidade Nova de Lisboa.<\/p>\n<p>SILVA, Lu\u00eds Pedro Sousa (2011)<\/p>\n<p><em>Os Mapas no Ensino da Hist\u00f3ria: das orienta\u00e7\u00f5es curriculares \u00e0s pr\u00e1ticas docentes<\/em>. Disserta\u00e7\u00e3o de Mestrado em Ensino de Hist\u00f3ria e Geografia do 3\u00ba Ciclo, do Ensino B\u00e1sico e Ensino Secund\u00e1rio, apresentada \u00e0 Faculdade de Letras da Universidade do Porto<\/p>\n<p>Por:\u00a0\u00a0Maria Joaquina Esteves Feij\u00e3o<\/p>\n<\/div><\/section>\n","protected":false},"excerpt":{"rendered":"","protected":false},"author":1,"featured_media":0,"parent":77,"menu_order":10,"comment_status":"closed","ping_status":"closed","template":"","meta":{"footnotes":""},"class_list":["post-97","page","type-page","status-publish","hentry"],"_links":{"self":[{"href":"https:\/\/old.sge.org\/ibercarto\/wp-json\/wp\/v2\/pages\/97","targetHints":{"allow":["GET"]}}],"collection":[{"href":"https:\/\/old.sge.org\/ibercarto\/wp-json\/wp\/v2\/pages"}],"about":[{"href":"https:\/\/old.sge.org\/ibercarto\/wp-json\/wp\/v2\/types\/page"}],"author":[{"embeddable":true,"href":"https:\/\/old.sge.org\/ibercarto\/wp-json\/wp\/v2\/users\/1"}],"replies":[{"embeddable":true,"href":"https:\/\/old.sge.org\/ibercarto\/wp-json\/wp\/v2\/comments?post=97"}],"version-history":[{"count":5,"href":"https:\/\/old.sge.org\/ibercarto\/wp-json\/wp\/v2\/pages\/97\/revisions"}],"predecessor-version":[{"id":245,"href":"https:\/\/old.sge.org\/ibercarto\/wp-json\/wp\/v2\/pages\/97\/revisions\/245"}],"up":[{"embeddable":true,"href":"https:\/\/old.sge.org\/ibercarto\/wp-json\/wp\/v2\/pages\/77"}],"wp:attachment":[{"href":"https:\/\/old.sge.org\/ibercarto\/wp-json\/wp\/v2\/media?parent=97"}],"curies":[{"name":"wp","href":"https:\/\/api.w.org\/{rel}","templated":true}]}}