{"id":95,"date":"2016-01-28T16:54:26","date_gmt":"2016-01-28T15:54:26","guid":{"rendered":"http:\/\/sge.org\/ibercarto\/?page_id=95"},"modified":"2016-06-03T14:59:28","modified_gmt":"2016-06-03T12:59:28","slug":"portugal-bibliografia-cartografica-de-autores-portugueses-anos-2006-2010","status":"publish","type":"page","link":"https:\/\/old.sge.org\/ibercarto\/bibliografia-cartografica\/portugal-bibliografia-cartografica-de-autores-portugueses-anos-2006-2010\/","title":{"rendered":"PORTUGAL.- Bibliograf\u00eda cartogr\u00e1fica de autores portugueses, a\u00f1os 2006-2010"},"content":{"rendered":"<section  class='av_textblock_section av-av_textblock-0366cc7376be6c9e82a3e9cc8987b64f'  itemscope=\"itemscope\" itemtype=\"https:\/\/schema.org\/CreativeWork\" ><div class='avia_textblock'  itemprop=\"text\" ><h3><strong>2006<\/strong><\/h3>\n<p>BIBLIOTECA NACIONAL DE PORTUGAL (2006)<\/p>\n<p>A hist\u00f3ria da cartografia na obra do 2o Visconde de Santar\u00e9m: exposi\u00e7\u00e3o cartobibliogr\u00e1fica [cat\u00e1logo]. Lisboa: Biblioteca Nacional de Portugal. Parcialmente dispon\u00edvel em:\u00a0<a href=\"http:\/\/www.bnportugal.pt\/agenda\/docs-agenda\/visconde-santarem.pdf\">www.bnportugal.pt\/agenda\/docs-agenda\/visconde-santarem.pdf<\/a><\/p>\n<p>DIAS, Maria Helena (2006)<\/p>\n<p>Portugalliae descriptio: do 1\u00ba mapa conhecido (1561) ao 1\u00ba mapa moderno (1865) [cat\u00e1logo]. Lisboa: Instituto Geogr\u00e1fico do Ex\u00e9rcito. Tamb\u00e9m dispon\u00edvel em:<a href=\"http:\/\/www.igeoe.pt\/produtos\/descriptio\/portugalliaedescriptio.htm\">www.igeoe.pt\/produtos\/descriptio\/portugalliaedescriptio.htm<\/a><\/p>\n<p>FERNANDES, M\u00e1rio Gon\u00e7alves, coord. (2006)<\/p>\n<p>Manoel de Azevedo Fortes (1660-1749): Cartografia, Cultura e Urbanismo. Porto: Gabinete de Estudos de Desenvolvimento e Ordenamento do Territ\u00f3rio, Departamento de Geografia da Faculdade de Letras da Universidade do Porto.<\/p>\n<p>MARQUES, Alfredo Pinheiro, coord. (2006)<\/p>\n<p>Atlas Miller.\u00a0\u00a0Barcelona:\u00a0\u00a0M. Moleiro Editor, S.A.<\/p>\n<p>SANTOS, Maria Em\u00edlia Madeira; LOBATO, Manuel, coord. (2006)<\/p>\n<p>O Dom\u00ednio da Dist\u00e2ncia. Lisboa: Instituto de Investiga\u00e7\u00e3o Cient\u00edfica e Tropical. Publicado no \u00e2mbito do projecto: \u201cCartografia, Pol\u00edtica e Territ\u00f3rios coloniais. Comiss\u00e3o de Cartografia (1883-1936): um registo patrimonial para a compreens\u00e3o hist\u00f3rica dos problemas actuais\u201d.<\/p>\n<h3><\/h3>\n<h3><strong>2007<\/strong><\/h3>\n<p>ALEGRIA, Maria Fernanda; DAVEAU, Suzanne; GARCIA, Jo\u00e3o Carlos; RELA\u00d1O, Francesc (2007)<\/p>\n<p>&#8220;Portuguese Cartography in the Renaissance&#8221; In: The History of Cartography: Cartography in the Renaissance, vol. III. Chicago : The University of Chicago Press, p. 975-1068.<\/p>\n<p>ALMEIDA, Andr\u00e9 Ferrand; GARCIA, Jo\u00e3o Carlos (2007)<\/p>\n<p>Portugal en la Regi\u00f3n Platina: Homenaje a Lu\u00eds Ferrand de Almeida [Cat\u00e1logo]. Montevideo, Embaixada de Portugal.<\/p>\n<p>AMORIM, In\u00eas (2007)<\/p>\n<p>Porto de Aveiro: entre a terra e o mar [cat\u00e1logo]. Coimbra: Edi\u00e7\u00f5es Minerva.<\/p>\n<p>COSTA, Nuno Andr\u00e9 Silva (2007)<\/p>\n<p>Cartografia, cultura e propaganda coloniais em Portugal (c.1918-1945). Tese de mestrado em Hist\u00f3ria Cultural e Pol\u00edtica, apresentada na Faculdade de Ci\u00eancias Sociais e Humanas da Universidade Nova de Lisboa.<\/p>\n<p>COUTINHO, Ana Sofia (2007)<\/p>\n<p>Imagens cartogr\u00e1ficas de Portugal na primeira metade do s\u00e9culo XVIII. Tese de mestrado em Estudos Locais e Regionais, apresentada na Faculdade de Letras da Universidade do Porto.<\/p>\n<p>DIAS, Maria Helena, Coord. (2007)<\/p>\n<p>Portugal em v\u00e9speras das invas\u00f5es francesas: conhecimento geogr\u00e1fico e configura\u00e7\u00f5es [cat\u00e1logo]. Lisboa: Instituto Geogr\u00e1fico do Ex\u00e9rcito. Tamb\u00e9m dispon\u00edvel em:<a href=\"http:\/\/www.igeoe.pt\/downloads\/expo_portugal_invasoes\/Portugal_vesperas_Invasoes_Francesas.pdf\">www.igeoe.pt\/downloads\/expo_portugal_invasoes\/Portugal_vesperas_Invasoes_Francesas.pdf<\/a><\/p>\n<p>FEIJ\u00c3O, Maria Joaquina Esteves (2007)<\/p>\n<p>O Acesso \u00e0 Documenta\u00e7\u00e3o Cartogr\u00e1fica: a situa\u00e7\u00e3o em Portugal. Tese de mestrado em Ci\u00eancias Documentais, apresentada na Universidade de \u00c9vora.<\/p>\n<p>GARCIA, Jo\u00e3o Carlos (2007)<\/p>\n<p>\u201cRealidades y desvarios: Armando Cortes\u00e3o y la Historia de la Cartograf\u00eda Portuguesa\u201d. In: El Mundo de los Mapas. Santander: Fundaci\u00f3n Marcelino Bot\u00edn, p. 199-214.<\/p>\n<p>GARCIA, Jo\u00e3o Carlos; MENDOZA VARGAS, H\u00e9ctor (2007)<\/p>\n<p>\u201cA Hist\u00f3ria da Cartografia nos pa\u00edses ibero-americanos\u201d. In: Terra Brasilis: Revista de Hist\u00f3ria do Pensamento Geogr\u00e1fico no Brasil. Anos VI-VII-VIII, n\u00ba 7-8-9 (2005-2007), p. 9-29.<\/p>\n<p>RIBEIRO, Didiana Margarida Fachada Lopes Fernandes Branco (2007)<\/p>\n<p>O Pa\u00eds Vinhateiro do Alto Douro na primeira metade do s\u00e9culo XIX: viagens e representa\u00e7\u00f5es. Tese de mestrado em Estudos Locais e Regionais, apresentada na Faculdade de Letras da Universidade do Porto.<\/p>\n<p>TEIXEIRA, Manuel C., dir. (2007)<\/p>\n<p>Revista Urbanismo de Origem Portuguesa. vol. 7. Lisboa: Centro de Estudos de Urbanismo e de Arquitectura. Mais informa\u00e7\u00e3o dispon\u00edvel em:<a href=\"http:\/\/revistas.ceurban.com\/numero7\/indice.htm\">revistas.ceurban.com\/numero7\/indice.htm<\/a><\/p>\n<h3><strong>2008<\/strong><\/h3>\n<p>AMORIM, In\u00eas; GARCIA, Jo\u00e3o Carlos, coord. (2008)<\/p>\n<p>A Barra e os Portos da Ria de Aveiro, 1808-1932: Arquivo da Administra\u00e7\u00e3o do Porto de Aveiro. Aveiro: Administra\u00e7\u00e3o do Porto de Aveiro. Tamb\u00e9m dispon\u00edvel em castelhano.<\/p>\n<p>DIAS, Maria Helena (2008)<\/p>\n<p>\u201cRepresenta\u00e7\u00f5es das formas do terreno nas cartas portuguesas\u201d. In: Boletim do Instituto Geogr\u00e1fico do Ex\u00e9rcito. N\u00ba 70, p. 4-12. Tamb\u00e9m dispon\u00edvel em:\u00a0<a href=\"http:\/\/www.fl.ul.pt\/mapoteca\/boletim%202008_mhdias.pdf\">www.fl.ul.pt\/mapoteca\/boletim%202008_mhdias.pdf<\/a><\/p>\n<p>DIAS, Maria Helena, coord. (2008)<\/p>\n<p>Portugalliae Civitates: perspectivas cartogr\u00e1ficas militares: [cat\u00e1logo]. Lisboa: Instituto Geogr\u00e1fico do Ex\u00e9rcito. Tamb\u00e9m dispon\u00edvel em:<a href=\"http:\/\/www.fl.ul.pt\/mapoteca\/catalogo_civitates.pdf\">www.fl.ul.pt\/mapoteca\/catalogo_civitates.pdf<\/a><\/p>\n<p>GARCIA, Jo\u00e3o Carlos (2008)<\/p>\n<p>\u201cEl Ge\u00f3grafo trabaja en su casa: espa\u00e7os portugueses na produ\u00e7\u00e3o cartogr\u00e1fica de Tom\u00e1s L\u00f3pez\u201d. In: Pen\u00ednsula: Revista de Estudos Ib\u00e9ricos, n\u00ba 5. Porto: Instituto de Estudos Ib\u00e9ricos da Faculdade de Letras da Universidade do Porto, p. 103-125<\/p>\n<p>GARCIA, Jo\u00e3o Carlos; ALMEIDA, Andr\u00e9 Ferrand de (2008)<\/p>\n<p>&#8220;Il Deserto e le Rive del Mar: analisi di un portolano del Cinquecento&#8221;. In: Il Portolano dell\u2019Ammiraglio Corsaro: una carta nautical portughese del XVI secolo ritrovata nella Biblioteca Centrale della Regione Siciliana. Palermo: Biblioteca Centrale della Regione Siciliana \u2018Alberto Bombace\u2019, p. 23-33 e 53-56.<\/p>\n<p>GARCIA, Jo\u00e3o Carlos; BRANCO, Didiana (2008)<\/p>\n<p>\u201cForrester e a Cartografia Vinhateira do Douro\u201d. In: Bar\u00e3o de Forrester. Raz\u00e3o e Sentimento: Uma Hist\u00f3ria do Douro, 1831-1861. Peso da R\u00e9gua: Museu do Douro, p. 68-85.<\/p>\n<p>GARCIA, Jo\u00e3o Carlos; RIBEIRO, Jorge Macieirinha, COSTA, Nuno Silva (2008)<\/p>\n<p>\u201cRepresenta\u00e7\u00f5es do sal nos mapas do Arquivo da Administra\u00e7\u00e3o do Porto de Aveiro\u201d. In: A Articula\u00e7\u00e3o do Sal Portugu\u00eas aos Circuitos Mundiais: antigos e novos consumos. Porto: Instituto de Hist\u00f3ria Moderna da Universidade do Porto, p. 265-271.<\/p>\n<p>OLIVEIRA, Jos\u00e9 Tom\u00e1s (2008)<\/p>\n<p>\u201cNery Delgado: pioneiro da cartografia geol\u00f3gica dos terrenos Paleoz\u00f3icos de Portugal\u201d. In: Nery Delgado, 1835-1908: ge\u00f3logo do Reino. Lisboa: Museu Geol\u00f3gico\u00a0e Centro de Hist\u00f3ria e Filosofia da Ci\u00eancia da Faculdade de Ci\u00eancias e Tecnologia da Universidade Nova de Lisboa, p. 47-61.<\/p>\n<p>RAMALHO, Miguel de Magalh\u00e3es, coord. (2008)<\/p>\n<p>Nery Delgado, 1835-1908: ge\u00f3logo do Reino. Lisboa: Museu Geol\u00f3gico: Centro de Hist\u00f3ria e Filosofia da Ci\u00eancia da Faculdade de Ci\u00eancias e Tecnologia da Universidade Nova de Lisboa.<\/p>\n<p>SIM\u00d5ES, Carina Correia (2008)<\/p>\n<p>Uma imagem do Mundo nos in\u00edcios do s\u00e9culo XVI: o Planisf\u00e9rio an\u00f3nimo de 1502. Tese de mestrado em Hist\u00f3ria dos Descobrimentos e da Expans\u00e3o Portuguesa, apresentada na Faculdade de Letras da Universidade de Lisboa.<\/p>\n<h3><\/h3>\n<h3><strong>2009<\/strong><\/h3>\n<p>ALMEIDA, Andr\u00e9 Ferrand de (2009)<\/p>\n<ul>\n<li>&#8220;Mapa da Costa do Brasil entre Pernambuco e o Rio da Prata&#8221;. In: Encompassing the Globe: Portugal e o Mundo nos s\u00e9culos XVI e XVII. Lisboa: Museu Nacional de Arte Antiga, p.187. Tamb\u00e9m publicado em ingl\u00eas.<\/li>\n<\/ul>\n<ul>\n<li>O Mapa Geogr\u00e1fico de Am\u00e9rica Meridional, de Juan de la Cruz Cano y Olmedilla. In: Anais do Museu Paulista, vol.17, no.2, p.79-89. Tamb\u00e9m dispon\u00edvel em: .<\/li>\n<\/ul>\n<ul>\n<li>A viagem de Jos\u00e9 Gon\u00e7alves da Fonseca e a cartografia do Rio Madeira (1749-1752)&#8221;. In: Anais do Museu Paulista, vol.17, no.2, p.215-235. Tamb\u00e9m dispon\u00edvel em: .<\/li>\n<\/ul>\n<p>DIAS, Maria Helena, coord. (2009)<\/p>\n<p>Finis Portugalliae: nos confins de Portugal: cartografia militar e identidade territorial: [cat\u00e1logo]. Lisboa: Instituto Geogr\u00e1fico do Ex\u00e9rcito.<\/p>\n<p>DIAS, Ruben P.; PAIS, Jo\u00e3o (2009)<\/p>\n<p>Homogeneiza\u00e7\u00e3o da cartografia geol\u00f3gica do Cenoz\u00f3ico da \u00c1rea Metropolitana de Lisboa, AML\u201c. In: Comunica\u00e7\u00f5es Geol\u00f3gicas, tome 96, p. 39-50. Tamb\u00e9m dispon\u00edvel em:\u00a0<a href=\"http:\/\/dspace.fct.unl.pt\/bitstream\/10362\/2704\/2\/Cartografia.PDF\">dspace.fct.unl.pt\/bitstream\/10362\/2704\/2\/Cartografia.PDF<\/a><\/p>\n<p>GARCIA, Jo\u00e3o Carlos (2009)<\/p>\n<p>Os Mapas da Segunda Invas\u00e3o Francesa. In: O Porto e as Invas\u00f5es Francesas, 1809. Lisboa: P\u00fablico; Porto: C\u00e2mara Municipal, p. 251-276.<\/p>\n<ul>\n<li>Cantino: Planisf\u00e9rio, conhecido como \u00abde Cantino\u00bb, Portugal, c. 1502. In: Encompassing the Globe: Portugal e o Mundo nos s\u00e9culos XVI e XVII. Lisboa: Museu Nacional de Arte Antiga, p. 60-61. Tamb\u00e9m publicado em ingl\u00eas.<\/li>\n<\/ul>\n<ul>\n<li>A Terra protegida por J\u00fapiter e Juno: Georg Wezeler, Bruxelas, c. 1530. In Encompassing the Globe: Portugal e o Mundo nos s\u00e9culos XVI e XVII. Lisboa: Museu Nacional de Arte Antiga, p. 82. Tamb\u00e9m publicado em ingl\u00eas.<\/li>\n<\/ul>\n<ul>\n<li>Cartas Geographicas de Portugal (1860-1899). In: Medir os C\u00e9us para dominar a Terra. Lisboa: Museu de Ci\u00eancia da Universidade de Lisboa, p. 17-21;<\/li>\n<\/ul>\n<ul>\n<li>&#8220;Esta carta \u00e9 da regi\u00e3o do Grande Brasil: projectos cartogr\u00e1ficos imperiais portugueses do s\u00e9culo XV. In: Geografia, tradi\u00e7\u00f5es e perspectivas: a presen\u00e7a de Pierre Monbeig. Buenos Aires e S\u00e3o Paulo: Clacso, Express\u00e3o Popular, vol. I, p. 247-256.<\/li>\n<\/ul>\n<p>SILVA, Milton C\u00e9sar Pereira da (2009)<\/p>\n<p>Os servi\u00e7os de documenta\u00e7\u00e3o cartogr\u00e1fica no contexto do ex\u00e9rcito portugu\u00eas: constru\u00e7\u00e3o de um direct\u00f3rio. Tese de mestrado em Ci\u00eancias da Documenta\u00e7\u00e3o e Informa\u00e7\u00e3o apresentada na Faculdade de Letras da Universidade de Lisboa.<\/p>\n<p>TORR\u00c3O, Maria Manuel Ferraz; SANTOS, Paula Cristina (2009)<\/p>\n<p>O Acervo de Gago Coutinho na Sociedade de Geografia de Lisboa e no Instituto de Investiga\u00e7\u00e3o Cient\u00edfica Tropical [Cat\u00e1logo]. Lisboa: Instituto de Investiga\u00e7\u00e3o Cient\u00edfica Tropical. Tamb\u00e9m dispon\u00edvel em:<a href=\"http:\/\/www2.iict.pt\/archive\/doc\/Roteiro_GCoutinho_Homem_Ciencia.pdf\">www2.iict.pt\/archive\/doc\/Roteiro_GCoutinho_Homem_Ciencia.pdf<\/a><\/p>\n<h3><strong>2010<\/strong><\/h3>\n<p>GARCIA, Jo\u00e3o Carlos; COSTA, Nuno da Silva (2010)<\/p>\n<p>\u201cA difus\u00e3o da imagem de Cabo Verde pelos mapas da Comiss\u00e3o de Cartografia (1922-1932)\u201d. In: \u00c1lbum Cartogr\u00e1fico de Cabo Verde: Comiss\u00e3o de Cartografia (1883-1936). Cidade da Praia: Instituto de Investiga\u00e7\u00e3o e do Patrim\u00f3nio Culturais, p. 102-114.<\/p>\n<p>GARCIA, Jo\u00e3o Carlos; MOREIRA, Lu\u00eds Miguel (2009)<\/p>\n<p>&#8220;Castro Laboreiro na Guerra da Restaura\u00e7\u00e3o: an\u00e1lise de duas plantas do castelo&#8221;. In: Boletim Cultural da C\u00e2mara Municipal de Melga\u00e7o. N\u00ba 8, p. 75-92.<\/p>\n<p>GARCIA, Jo\u00e3o Carlos; RIBEIRO, Jorge Macieirinha (2010)<\/p>\n<p>\u201cCabo Verde nos mapas manuscritos da Commiss\u00e3o de Cartographia\u201d. In: \u00c1lbum Cartogr\u00e1fico de Cabo Verde: Comiss\u00e3o de Cartografia (1883-1936). Cidade da Praia: Instituto de Investiga\u00e7\u00e3o e do Patrim\u00f3nio Culturais, p. 2-11.<\/p>\n<p>MOREIRA, Pedro Manuel Ramos (2010)<\/p>\n<p>O Alentejo no esp\u00f3lio cartogr\u00e1fico da Biblioteca P\u00fablica de \u00c9vora: constru\u00e7\u00e3o de uma colec\u00e7\u00e3o digital. Tese de mestrado em Ci\u00eancias Documentais, apresentada na Universidade de \u00c9vora.<\/p>\n<p><strong>Por: Maria Joaquina Esteves Feij\u00e3o<\/strong><\/p>\n<\/div><\/section>\n","protected":false},"excerpt":{"rendered":"","protected":false},"author":1,"featured_media":0,"parent":77,"menu_order":9,"comment_status":"closed","ping_status":"closed","template":"","meta":{"footnotes":""},"class_list":["post-95","page","type-page","status-publish","hentry"],"_links":{"self":[{"href":"https:\/\/old.sge.org\/ibercarto\/wp-json\/wp\/v2\/pages\/95","targetHints":{"allow":["GET"]}}],"collection":[{"href":"https:\/\/old.sge.org\/ibercarto\/wp-json\/wp\/v2\/pages"}],"about":[{"href":"https:\/\/old.sge.org\/ibercarto\/wp-json\/wp\/v2\/types\/page"}],"author":[{"embeddable":true,"href":"https:\/\/old.sge.org\/ibercarto\/wp-json\/wp\/v2\/users\/1"}],"replies":[{"embeddable":true,"href":"https:\/\/old.sge.org\/ibercarto\/wp-json\/wp\/v2\/comments?post=95"}],"version-history":[{"count":8,"href":"https:\/\/old.sge.org\/ibercarto\/wp-json\/wp\/v2\/pages\/95\/revisions"}],"predecessor-version":[{"id":244,"href":"https:\/\/old.sge.org\/ibercarto\/wp-json\/wp\/v2\/pages\/95\/revisions\/244"}],"up":[{"embeddable":true,"href":"https:\/\/old.sge.org\/ibercarto\/wp-json\/wp\/v2\/pages\/77"}],"wp:attachment":[{"href":"https:\/\/old.sge.org\/ibercarto\/wp-json\/wp\/v2\/media?parent=95"}],"curies":[{"name":"wp","href":"https:\/\/api.w.org\/{rel}","templated":true}]}}