{"id":93,"date":"2016-01-28T16:54:10","date_gmt":"2016-01-28T15:54:10","guid":{"rendered":"http:\/\/sge.org\/ibercarto\/?page_id=93"},"modified":"2016-06-03T14:58:46","modified_gmt":"2016-06-03T12:58:46","slug":"portugal-bibliografia-cartografica-de-autores-portugueses-anos-2001-2005","status":"publish","type":"page","link":"https:\/\/old.sge.org\/ibercarto\/bibliografia-cartografica\/portugal-bibliografia-cartografica-de-autores-portugueses-anos-2001-2005\/","title":{"rendered":"PORTUGAL.- Bibliograf\u00eda cartogr\u00e1fica de autores portugueses, a\u00f1os 2001-2005"},"content":{"rendered":"<section  class='av_textblock_section av-av_textblock-0366cc7376be6c9e82a3e9cc8987b64f'  itemscope=\"itemscope\" itemtype=\"https:\/\/schema.org\/CreativeWork\" ><div class='avia_textblock'  itemprop=\"text\" ><p class=\"bodytext\">ALCOFORADO, Maria Jo\u00e3o; DIAS, Maria Helena (2001)<br \/>\n<em>Imagens clim\u00e1ticas da regi\u00e3o de Lisboa<span class=\"Apple-converted-space\">\u00a0<\/span><\/em>[Documento electr\u00f3nico]<em>: enquadramento na diversidade clim\u00e1tica de Portugal Continental<\/em>. Lisboa: Centro de Estudos Geogr\u00e1ficos.<\/p>\n<p class=\"bodytext\">ALEGRIA, Maria Fernanda (2001)<br \/>\n\u201cA produ\u00e7\u00e3o cartogr\u00e1fica portuguesa sobre o Brasil: 1502-1655: tentativa de tipologia espacial e tem\u00e1tica\u201d. In<span class=\"Apple-converted-space\">\u00a0<\/span><em>Sextas jornadas de Hist\u00f3ria Ibero-Americana: actas.<\/em><span class=\"Apple-converted-space\">\u00a0<\/span>Lisboa: Colibri,. p. 59-89.<\/p>\n<p class=\"bodytext\">ALMEIDA, Andr\u00e9 Ferrand de (2001)<br \/>\n<em>A forma\u00e7\u00e3o do espa\u00e7o brasileiro e o projecto do novo atlas da Am\u00e9rica portuguesa.<\/em><span class=\"Apple-converted-space\">\u00a0<\/span>Lisboa: Comiss\u00e3o Nacional para as Comemora\u00e7\u00f5es dos Descobrimentos Portugueses.<\/p>\n<p class=\"bodytext\">DIAS, Maria Helena (2001)<br \/>\n&#8220;A imagem do espa\u00e7o nacional e o papel da Cartografia militar portuguesa&#8221;.<span class=\"Apple-converted-space\">\u00a0<\/span><em>Revista Militar.<span class=\"Apple-converted-space\">\u00a0<\/span><\/em>Lisboa: Empresa da Revista Militar. ISSN 0873-7630. 1 (2001) p. 27-57.<\/p>\n<p class=\"bodytext\">DIAS, Maria Helena (2001)<br \/>\n&#8220;Recordando um engenheiro portugu\u00eas ao servi\u00e7o da Cartografia militar&#8221;.<em>Boletim do Instituto Geogr\u00e1fico do Ex\u00e9rcito<\/em>. Lisboa: Instituto Geogr\u00e1fico do Ex\u00e9rcito. ISSN 0872-7600. 63, (Nov.2001) p. 37-51.<\/p>\n<p class=\"bodytext\">FERREIRA, M\u00e1rio Ol\u00edmpio Clemente (2001)<br \/>\n<em>O Tratado de Madrid e o Brasil Meridional.<\/em><span class=\"Apple-converted-space\">\u00a0<\/span>Lisboa: Comiss\u00e3o Nacional para as Comemora\u00e7\u00f5es dos Descobrimentos Portugueses.<\/p>\n<p class=\"bodytext\">GARCIA, Jo\u00e3o Carlos (2001)<br \/>\n&#8220;Nos contrafortes dos Andes: reflex\u00f5es geogr\u00e1ficas sobre a cartografia do Brasil setecentista&#8221;. In<span class=\"Apple-converted-space\">\u00a0<\/span><em>Sextas jornadas de Hist\u00f3ria Ibero-Americana: actas.<\/em>Lisboa: Colibri, p. 91-100.<\/p>\n<p class=\"bodytext\">GARCIA, Jo\u00e3o Carlos ; FEIJ\u00c3O, Maria Joaquina, coord. (2001)<br \/>\n<em>A nova Lusit\u00e2nia: imagens cartogr\u00e1ficas do Brasil nas colec\u00e7\u00f5es da Biblioteca Nacional 1700-1822: cat\u00e1logo<\/em>. Lisboa: Comiss\u00e3o Nacional para as Comemora\u00e7\u00f5es dos Descobrimentos Portugueses. ISBN: 972-787-035-X.<\/p>\n<p class=\"bodytext\">MARQUES, Miguel da Silva (2001)<br \/>\n<em>Cartografia antiga: tabela de equival\u00eancias de medidas: c\u00e1lculo de escalas e convers\u00e3o de valores de coordenadas geogr\u00e1ficas<\/em>. Lisboa: Biblioteca Nacional.<\/p>\n<h3 class=\"treb11boldnaranj\"><strong>\u00a02002<\/strong><\/h3>\n<p class=\"bodytext\">DIAS, Maria Helena\u00a0 (2002)<br \/>\n&#8220;Disponibilizar, utilizar e valorizar a informa\u00e7\u00e3o cartogr\u00e1fica hist\u00f3rica. O Projecto SIDCarta&#8221;. In<span class=\"Apple-converted-space\">\u00a0<\/span><em>Comunica\u00e7\u00f5es, ESIG 2002<span class=\"Apple-converted-space\">\u00a0<\/span><\/em>(CD-ROM). Lisboa: USIG.<\/p>\n<p class=\"bodytext\">GARCIA, Jo\u00e3o Carlos, coord. (2002)<br \/>\n<em>A mais dilatada vista do Mundo : invent\u00e1rio da colec\u00e7\u00e3o cartogr\u00e1fica da Casa da \u00cdnsua<\/em>. Lisboa: Comiss\u00e3o Nacional para as Comemora\u00e7\u00f5es dos Descobrimentos Portugueses.<\/p>\n<p class=\"bodytext\">GARCIA, Jo\u00e3o Carlos; ALEGRIA, Maria Fernanda (2002)<br \/>\n&#8220;A cartografia hidrogr\u00e1fica de Portugal continental na segunda metade do s\u00e9culo XIX e in\u00edcio do s\u00e9culo XX&#8221;. In<span class=\"Apple-converted-space\">\u00a0<\/span><em>O litoral em perspectiva hist\u00f3rica<\/em>:<em>s\u00e9culos XVI a XVIII: actas<\/em>. Porto: Faculdade de Letras da Universidade do Porto, p. 9-20.<\/p>\n<h3 class=\"treb11boldnaranj\"><strong>\u00a02003<\/strong><\/h3>\n<p class=\"bodytext\">BOI\u00c7A, Joaquim Manuel Ferreira, Coord. (2003)<br \/>\n<em>Cartografia de Oeiras: 4 s\u00e9culos de representa\u00e7\u00e3o do territ\u00f3rio: do S\u00e9culo XVI ao s\u00e9culo XX.<span class=\"Apple-converted-space\">\u00a0<\/span><\/em>Lisboa : C\u00e2mara Municipal de Oeiras. 111 p. ISBN 972-8508-90-5.<\/p>\n<p class=\"bodytext\">DIAS, Maria Helena, coord. (2003)<br \/>\n<em>Contributos para a Hist\u00f3ria da Cartografia militar portuguesa<\/em><span class=\"Apple-converted-space\">\u00a0<\/span>[CD-ROM]. Lisboa: Centro de Estudos Geogr\u00e1ficos, Direc\u00e7\u00e3o dos Servi\u00e7os de Engenharia, Instituto Geogr\u00e1fico do Ex\u00e9rcito.<\/p>\n<p class=\"bodytext\">PIROTO, Jo\u00e3o Maria de Vasconcelos, AFONSO, Aniceto,\u00a0 SERR\u00c3O, Jos\u00e9 Vicente, Coord.(2003)<br \/>\n<em>Conhecimento e defini\u00e7\u00e3o do territ\u00f3rio: os engenheiros militares: s\u00e9culos XVII-XIX.<span class=\"Apple-converted-space\">\u00a0<\/span><\/em>Lisboa: Direc\u00e7\u00e3o Geral dos Servi\u00e7os de Engenharia, Instituto dos Arquivos Nacionais \/Torre do Tombo, Arquivo Hist\u00f3rico Militar. ISBN 972-8107-75-7<\/p>\n<h3 class=\"treb11naranj\"><strong>2004<\/strong><\/h3>\n<p class=\"bodytext\">CAMPAR, Ant\u00f3nio, et al. eds. (2004)<br \/>\n<em>Olhar o Mundo, ler o territ\u00f3rio: uma viagem pelos mapas<\/em>. Coimbra: Instituto de Estudos Geogr\u00e1ficos. ISBN 972-05664-6-1<\/p>\n<p class=\"bodytext\">DIAS, Maria Helena, coord. (2004)<span class=\"Apple-converted-space\">\u00a0<\/span><br \/>\n<em>Mem\u00f3rias do Centro de Estudos Geogr\u00e1ficos: percorrendo o esp\u00f3lio das ilustra\u00e7\u00f5es<\/em><span class=\"Apple-converted-space\">\u00a0<\/span>[CD-ROM]<em>.<\/em><span class=\"Apple-converted-space\">\u00a0<\/span>Lisboa: Centro de Estudos Geogr\u00e1ficos.<\/p>\n<p class=\"bodytext\">\u00a0GASPAR, Joaquim Alves (2004)<br \/>\n<em>Dicion\u00e1rio de Ci\u00eancias Cartogr\u00e1ficas<\/em>. Lisboa: Lidel.<\/p>\n<h3 class=\"treb11boldnaranj\"><strong>2005<\/strong><\/h3>\n<p class=\"bodytext\">BIBLIOTECA NACIONAL (2005)<span class=\"Apple-converted-space\">\u00a0<\/span><br \/>\n<em>A cartografia do Brasil nas colec\u00e7\u00f5es da Biblioteca Nacional : 1700-1822<\/em>. 2\u00aa ed. revista e aumentada. Lisboa : Biblioteca Nacional. Disponivel em:<a class=\"nav\" href=\"http:\/\/purl.pt\/103\" target=\"_blank\" rel=\"external noopener\">http:\/\/purl.pt\/103<\/a>.<\/p>\n<p class=\"bodytext\">BRITO, Raquel Soeiro de; JULI\u00c3O, Rui Pedro; FERNANDES, Jos\u00e9 Norberto, coord. (2005)<br \/>\n<em>Atlas de Portugal<\/em>. \u00a0 Lisboa: \u00a0Instituto Geogr\u00e1fico Portugu\u00eas.<\/p>\n<p class=\"bodytext\">DIAS, Maria Helena (2005)<br \/>\n<em>Brigadeiro Jos\u00e9 Maria das Neves Costa, 1774-1841<\/em>:<span class=\"Apple-converted-space\">\u00a0<\/span><em>patrono do Instituto Geogr\u00e1fico do Ex\u00e9rcito.<\/em><span class=\"Apple-converted-space\">\u00a0<\/span>Lisboa: Instituto Geogr\u00e1fico do Ex\u00e9rcito.<\/p>\n<p class=\"bodytext\">DIAS, Maria Helena, et al., coord. (2005)<br \/>\n<em>Cartografia militar portuguesa dos s\u00e9culos XVIII e XIX: cartas, plantas, esbo\u00e7os e projectos: exposi\u00e7\u00e3o<span class=\"Apple-converted-space\">\u00a0<\/span><\/em>[CD-ROM]. Lisboa: Centro de Estudos Geogr\u00e1ficos. ISBN 972-636-151-6.<\/p>\n<p class=\"bodytext\">DIAS, Maria Helena [et al], coord. (2005-2006)<br \/>\n<em>Cartografia militar portuguesa dos s\u00e9culos XVIII e XIX: cartas, plantas, esbo\u00e7os e projectos.<\/em><span class=\"Apple-converted-space\">\u00a0<\/span>Ponta Delgada: Comando da Zona Militar dos A\u00e7ores; Angra do Hero\u00edsmo: Presid\u00eancia do Governo Regional dos A\u00e7ores.<\/p>\n<p class=\"bodytext\">DIAS, Maria Helena (2005)<br \/>\n\u201cNeves Costa: uma figura emblem\u00e1tica da Cartografia militar portuguesa\u201d.<em>Boletim do Instituto Geogr\u00e1fico do Ex\u00e9rcito,<span class=\"Apple-converted-space\">\u00a0<\/span><\/em>n\u00ba 67, pp. 4-7.<\/p>\n<p class=\"bodytext\">INSTITUTO GEOGR\u00c1FICO DO EX\u00c9RCITO (2005)<br \/>\n<em>Cen\u00e1rios geogr\u00e1ficos &amp; arte de defesa militar: Jos\u00e9 Maria das Neves Costa, 1774-1841, patrono do Instituto Geogr\u00e1fico do Ex\u00e9rcito: exposi\u00e7\u00e3o<\/em>. Lisboa: Instituto Geogr\u00e1fico do Ex\u00e9rcito.<\/p>\n<p class=\"bodytext\">MOREIRA, Maria Eug\u00e9nia S. Albergaria; DIAS, M. Helena (2005)<br \/>\n\u201cEnvironmental dynamics of the Sado estuary mouth (Portugal): the old cartographic representations and the modern processes\u201d. In<span class=\"Apple-converted-space\">\u00a0<\/span><em>Geomorfologia Litoral i Quaternari: homenage al Professor Vicen\u00e7 M. Rossell\u00f3 i Verger.<\/em>, Eul\u00e0lia Sanjaume; Joan F. Mateu, coord. Val\u00e8ncia: Publicacions Universitat de Val\u00e8ncia,\u00a0 pp. 273-282.<\/p>\n<p class=\"bodytext\">PINTO, J. A.V. Silva (2005)<br \/>\n<em>Levantamento da planta de Lisboa: 1904-1911.<\/em><span class=\"Apple-converted-space\">\u00a0<\/span>Textos einvestiga\u00e7\u00e3o de Lurdes Vaz e Jorge Mangorrinha. Lisboa: C\u00e2mara Municipal.<\/p>\n<\/div><\/section>\n","protected":false},"excerpt":{"rendered":"","protected":false},"author":1,"featured_media":0,"parent":77,"menu_order":8,"comment_status":"closed","ping_status":"closed","template":"","meta":{"footnotes":""},"class_list":["post-93","page","type-page","status-publish","hentry"],"_links":{"self":[{"href":"https:\/\/old.sge.org\/ibercarto\/wp-json\/wp\/v2\/pages\/93","targetHints":{"allow":["GET"]}}],"collection":[{"href":"https:\/\/old.sge.org\/ibercarto\/wp-json\/wp\/v2\/pages"}],"about":[{"href":"https:\/\/old.sge.org\/ibercarto\/wp-json\/wp\/v2\/types\/page"}],"author":[{"embeddable":true,"href":"https:\/\/old.sge.org\/ibercarto\/wp-json\/wp\/v2\/users\/1"}],"replies":[{"embeddable":true,"href":"https:\/\/old.sge.org\/ibercarto\/wp-json\/wp\/v2\/comments?post=93"}],"version-history":[{"count":3,"href":"https:\/\/old.sge.org\/ibercarto\/wp-json\/wp\/v2\/pages\/93\/revisions"}],"predecessor-version":[{"id":243,"href":"https:\/\/old.sge.org\/ibercarto\/wp-json\/wp\/v2\/pages\/93\/revisions\/243"}],"up":[{"embeddable":true,"href":"https:\/\/old.sge.org\/ibercarto\/wp-json\/wp\/v2\/pages\/77"}],"wp:attachment":[{"href":"https:\/\/old.sge.org\/ibercarto\/wp-json\/wp\/v2\/media?parent=93"}],"curies":[{"name":"wp","href":"https:\/\/api.w.org\/{rel}","templated":true}]}}