{"id":87,"date":"2016-01-28T16:53:09","date_gmt":"2016-01-28T15:53:09","guid":{"rendered":"http:\/\/sge.org\/ibercarto\/?page_id=87"},"modified":"2018-12-04T15:48:09","modified_gmt":"2018-12-04T14:48:09","slug":"espana-bibliografia-cartografica-2009-2010","status":"publish","type":"page","link":"https:\/\/old.sge.org\/ibercarto\/bibliografia-cartografica\/espana-bibliografia-cartografica-2009-2010\/","title":{"rendered":"ESPA\u00d1A.- Bibliografia cartogr\u00e1fica 2009-2010"},"content":{"rendered":"<section  class='av_textblock_section av-av_textblock-0366cc7376be6c9e82a3e9cc8987b64f'  itemscope=\"itemscope\" itemtype=\"https:\/\/schema.org\/CreativeWork\" ><div class='avia_textblock'  itemprop=\"text\" ><p><strong>Nota. Incluyen las referencias cartogr\u00e1ficas del a\u00f1o 2009\u00a0que no pudieron recogerse en el momento en que se confeccion\u00f3 la bibliograf\u00eda del a\u00f1o anterior<\/strong><\/p>\n<p><strong>Barranco Molina, Carlos<\/strong><\/p>\n<p>Evoluci\u00f3n del territorio. El Estrecho de Gibraltar analizado mediante dos documentos cartogr\u00e1ficos de diferentes \u00e9pocas. \u2013 En: Mapping Intreractivo n. 140, MARZO-ABRIL 2010. \u2013 ISSN: 1.131-9.100<\/p>\n<p><strong>Bosque Gonz\u00e1lez, Isabel del [et al.]<\/strong><\/p>\n<p>Cartograf\u00eda y demograf\u00eda hist\u00f3rica en una IDE WMS del plano de Madrid de Facundo Ca\u00f1ada. \u2013 En: Revista Catalana de Geografia IV \u00e8poca,\u00a0\u00a0volum XV, n\u00fam. 40, julio 2010.<\/p>\n<p><strong>Burgue\u00f1o, Jes\u00fas<\/strong><\/p>\n<p>Cartografia :\u00a0 testimoni visual de les terres de Lleida a\u00a0 trav\u00e9s del temps (segles XIII-XIX) \/ [textos: Jes\u00fas Burgue\u00f1o]. &#8212; [Lleida] :\u00a0 Institut d&#8217;Estudis Ilerdencs :\u00a0 Diputaci\u00f3 de Lleida, Patronat de Promoci\u00f3 Econ\u00f2mica, DL 2009. &#8212; 177 p. :\u00a0 il. col. ;\u00a020 cm &#8211; Cat\u00e0leg de l&#8217;exposici\u00f3 realitzada pels Serveis d&#8217;Arxiu i Llegats de l&#8217;Institut d&#8217;Estudis Ilerdencs, del 20 de febrer al 15 d&#8217;abril de 2009. &#8211; ISBN: 9788496908222<\/p>\n<p><strong>Burgue\u00f1o, Jes\u00fas<\/strong><\/p>\n<p>Els ge\u00f3metres del Cadastre de Catalunya (1720-1815) \/ Jes\u00fas Burgue\u00f1o. \u2013 En:\u00a0 Cuadernos de geograf\u00eda. &#8211; Universitat de Val\u00e8ncia. N\u00fam. 86 (2009), p. 265-288.<\/p>\n<p><strong>Calduch Cervera, Juan<\/strong><\/p>\n<p>Secuelas b\u00e9licas. La guerra del franc\u00e9s y los inicios de la &#8220;ciudad nueva&#8221; de Alacant. \u2013 En: La Guerra de la Independencia : Alicante (1808-1814) \/ Mar\u00eda Luisa \u00c1lvarez Ca\u00f1as (dir.). &#8211; Alicante: Instituto Alicantino de Cultura Juan Gil-Albert, D.L. 2010. p.p. 239-288. \u2013 ISBN 9788477845546<\/p>\n<p><strong>Campesino Fern\u00e1ndez, Antonio J.<\/strong><\/p>\n<p>Ciudades Portuarias fortificadas de Iberoam\u00e9rica: Cartagena de Indias, patrimonio mundial. \u2013 En: Las escalas de la geograf\u00eda : del mundo al lugar : homenaje al profesor Miguel Panadero Moya \/ edici\u00f3n preparada por Francisco Cebri\u00e1n Abell\u00e1n, F\u00e9lix Pillet Capdep\u00f3n, Jos\u00e9 Carpio Mart\u00edn. Pp. 671-696. \u2013 ISBN 9788484277538<\/p>\n<p><strong>C\u00e1mara Mu\u00f1oz, Alicia [et al.]<\/strong><\/p>\n<p>Leonardo Turriano, ingeniero del rey \/ autores, Alicia C\u00e1mara, Rafael Moreira, Marino Vigan\u00f2 ; transcripci\u00f3n y notas de la &#8220;Descripci\u00f3n de las Pla\u00e7as de Oran y Mazarquivir&#8221; a cargo de Daniel Crespo Delgado [Madrid]: Fundaci\u00f3n Juanelo Turriano, imp. 2010. &#8211; 282 p. (algunas pleg.): il. col. y n., mapas, planos;\u00a027 cm. \u2013 ISBN 9788492075591<\/p>\n<p><strong>Canal, Josep\u2026[et al.]<\/strong><\/p>\n<p>Girona en el segle XIII (1190-1285) : cartografia i descripci\u00f3 de la ciutat medieval : cartography and description of the medieval city]. &#8211; 185 p. (algunas pleg.) : mapas, planos col. &#8211; [Girona] : Ajuntament, 2010. \u2013 ISBN 9788484961482<\/p>\n<p><strong>Capello, Ernesto<\/strong><\/p>\n<p>Cart\u00f3grafos y cl\u00e9rigos: misiones geod\u00e9sicas y religiosas en el conocimiento geogr\u00e1fico del Ecuador (Siglos XVIII-XX). \u2013 En: Araucaria: Revista Iberoamericana de filosof\u00eda, pol\u00edtica y humanidades, N\u00ba 24, 2010, pags. 150-175. &#8211; ISSN 1575-6823<\/p>\n<p><strong>Carazo Lefort, Eduardo<\/strong><\/p>\n<p>Valladolid, forma urbis\u00a0\u00a0: restituci\u00f3n infogr\u00e1fica del patrimonio urbano perdido. &#8211; [Valladolid]: Ayuntamiento de Valladolid : Universidad de Valladolid, Secretariado de Publicaciones e Intercambio Editorial, D.L. 2010. &#8211; 205, [22] p.: il. col. y n., planos ; 23 x\u00a023 cm \u2013 ISBN 9788484485414<\/p>\n<p><strong>Castillo, Lina del<\/strong><\/p>\n<p>La Gran Colombia de la Gran Breta\u00f1a: la importancia del lugar en la producci\u00f3n de im\u00e1genes nacionales, 1819-1830. \u2013 En: Araucaria: Revista Iberoamericana de filosof\u00eda, pol\u00edtica y humanidades, N\u00ba 24, 2010, pags. 124-149. ISSN 1575-6823.<\/p>\n<p><strong>Catal\u00e0 Gorgues, Jes\u00fas Ignasi [et al.]<\/strong><\/p>\n<p>El Projecte de la carta geol\u00f2gica d&#8217;Europa i la participaci\u00f3 dels serveis geol\u00f2gics d&#8217;Espanya i Portugal \/ Jes\u00fas Ignasi Catal\u00e0 Gorgues ; Ana Carneiro. \u2013 En: Actes d&#8217;Hist\u00f2ria de la Ci\u00e8ncia i de la T\u00e8cnica. Nova \u00e8poca, vol. 3 (1) : 2010. P. 11-22<\/p>\n<p><strong>Cebri\u00e1n i Molina, Josep Llu\u00eds<\/strong><\/p>\n<p>La reina de Sab\u00e0 i el preste Joan en les cartes portolanes medievals \/\u00a0Josep Llu\u00eds Cebri\u00e1n i Molina. \u2013 En: Cuadernos de geograf\u00eda &#8211; Universitat de Val\u00e8ncia, N\u00fam. 86 (2009), p. 183-194.<\/p>\n<p><strong>Ciudades portuarias del mundo en el siglo XVI\u00a0<\/strong>\/ Braun &amp; Hogenberg, Civitates orbis terrarun (1572-1618) ; [coordinador, Jos\u00e9 Enrique Lechuga de Serantes ; traducciones, Yago Lechuga Lombos y Pablo Alcaraz Bustillo]. &#8211; [Madrid] : FOMAR, 2010. &#8211; 181 p.: il. col. ; 31 cm<\/p>\n<p><strong>Cort\u00e9s Jos\u00e9, Joaqu\u00edn<\/strong><\/p>\n<p>Cartograf\u00eda, un arma para la II Guerra Mundial: los Aliados y el Tercer Reich hicieron nuevos mapas de Andaluc\u00eda. \u2013 En: Andaluc\u00eda en la historia, N\u00ba. 28, 2010, pags. 86-91. \u2013 ISSN 1695-1956<\/p>\n<p><strong>Cuesta Domingo, Mariano [et al.]<\/strong><\/p>\n<p>Cartograf\u00eda hisp\u00e1nica : imagen de un mundo en crecimiento, 1503-1810 \/ Mariano Cuesta Domingo, Alfredo Surroca Carrascosa (direcci\u00f3n y coordinaci\u00f3n). &#8211; Madrid: Ministerio de Defensa, Secretaria General T\u00e9cnica, 2010. &#8211; 587 p. (algunas pleg.): il. col. y n., mapas, planos;\u00a024 m<\/p>\n<p><strong>Faus Prieto, Alfredo<\/strong><\/p>\n<p>El plano de la Particular contribuci\u00f3 de Valencia de Francisco Antonio Cassaus (1695) y sus corolarios del siglo XVII \/ Alfredo Faus Prieto. \u2013 En:\u00a0Cuadernos de geograf\u00eda. &#8211; Universitat de Val\u00e8ncia. N\u00fam. 86 (2009), p. 219-240<\/p>\n<p><strong>Fern\u00e1ndez Garc\u00eda, \u00c1lvaro<\/strong><\/p>\n<p>Cartograf\u00eda medieval : el enigma del mapamundi de 1375. &#8211; Madrid: Biblioteca Nueva, D.L. 2010. &#8211; 229 p., [16] p. de l\u00e1m. col. y n. ;\u00a024 cm \u2013 ISBN 9788497429061<\/p>\n<p><strong>Fern\u00e1ndez Wyttenbach, Alberto [et al.]<\/strong><\/p>\n<p>Integraci\u00f3n de Cartotecas Virtuales como herramienta de apoyo en la investigaci\u00f3n hist\u00f3rica y social. \u2013 En: Revista Catalana de Geografia IV \u00e8poca \/ volum XV \/ n\u00fam. 40 \/ julio, 2010<\/p>\n<p><strong>Garc\u00eda Rojas, Irma Beatriz<\/strong><\/p>\n<p>Cartograf\u00eda urbana mexicana 1880-1910: Guadalajara, M\u00e9xico, Puebla y Veracruz. \u2013 En: Araucaria: Revista Iberoamericana de filosof\u00eda, pol\u00edtica y humanidades, N\u00ba 24, 2010, pags. 197-217. &#8211; ISSN 1575-6823<\/p>\n<p><strong>G\u00e1mir Orueta, Agust\u00edn<\/strong><\/p>\n<p>La cartograf\u00eda en el cine: mapas y planos en las producciones cinematogr\u00e1ficas occidentales. \u2013 En:\u00a0Scripta Nova REVISTA ELECTR\u00d3NICA DE GEOGRAF\u00cdA Y CIENCIAS SOCIALES Universidad de Barcelona, Vol. XIV, n\u00fam. 334, 1 de septiembre de 2010. &#8211;\u00a0\u00a0ISSN: 1138-9788. Dep\u00f3sito Legal: B. 21.741-98<\/p>\n<p><strong>G\u00f3mez Mu\u00f1oz, Alicia [et. al.]<\/strong><\/p>\n<p>La Cartoteca Hist\u00f3rica Digital de Extremadura. \u2013 En: Mapping Intreractivo JUNIO-JULIO 2010. \u2013 ISSN: 1.131-9.100<\/p>\n<p><strong>Guinard Bujosa, Antoni<\/strong><\/p>\n<p>Antoni Despuig i Dameto, el mapa de Mallorca (1784-1785) i la Societat D&#8217;Amics del Pa\u00eds \/ Antoni Guinard Bujosa. &#8212; En:\u00a0Cuadernos de geograf\u00eda &#8211; Universitat de Val\u00e8ncia, N\u00fam. 86 (2009), p. 219-240<\/p>\n<p><strong>El nacimiento de Puente de G\u00e9nave. En los mapas<\/strong>. \u2013 En: Puente de G\u00e9nave, un municipio del siglo XX : Puente de G\u00e9nave 2010 \/ coordinador y autor, Ram\u00f3n Gallego Mart\u00ednez, Cap\u00edtulo II; pp. 39-57. \u2013 ISBN 9788496218970<\/p>\n<p><strong>Jim\u00e9nez Fraile, Ram\u00f3n<\/strong><\/p>\n<p>La Compa\u00f1\u00eda de las Indias: cartograf\u00eda y poder\u00edo mar\u00edtimo holand\u00e9s. \u2013 Sociedad Geogr\u00e1fica Espa\u00f1ola, N\u00ba 35, 2010, pags. 68-77. &#8211; ISSN 1577-3531<\/p>\n<p><strong>Kretschmer, Konrad<\/strong><\/p>\n<p>Els Portolans de l&#8217;edat mitjana :\u00a0una contribuci\u00f3 a la\u00a0 hist\u00f2ria de la cartografia i la n\u00e0utica \/ Konrad Kretschmer ; [direcci\u00f3 cient\u00edfica: Vicen\u00e7 M. Rossell\u00f3 i Verger]. &#8211; Barcelona :\u00a0 Institut Cartogr\u00e0fic de Catalunya, 2009. &#8212; 283, xxxii p. :\u00a0 map. col.;\u00a037 cm. &#8211; Trad. de: Die italienischen Portolane des Mittelalters. Berlin : E.S. Mittler und Sohn, 1909. &#8211; ISBN:\u00a0 9788439382225<\/p>\n<p><strong>Ladero Quesada, Miguel \u00c1ngel<\/strong><\/p>\n<p>Ciudades de la Espa\u00f1a medieval: introducci\u00f3n a su estudio \/ Miguel \u00c1ngel Ladero Quesada. &#8211; Madrid: Dykinson, 2010. &#8211; 130 p., [22] p. de planos: il., mapas;\u00a024 cm. \u2013 ISBN 9788498498684<\/p>\n<p><strong>Laorden Ramos, Carlos<\/strong><\/p>\n<p>Fortificaciones en Catalu\u00f1a : Tortosa y Bajo Ebro. &#8211; [Madrid]: Ministerio de Defensa, Secretar\u00eda General T\u00e9cnica, 2010. &#8211; 357 p.: il. col. y n., mapas, planos;\u00a029 cm. \u2013 ISBN 9788497815505<\/p>\n<p><strong>Lois, Carla<\/strong><\/p>\n<p>El mapa del Centenario o un espect\u00e1culo de la modernidad argentina en 1910. \u2013 En: Araucaria: Revista Iberoamericana de filosof\u00eda, pol\u00edtica y humanidades, N\u00ba 24, 2010, pags. 176-196. &#8211; ISSN 1575-6823<\/p>\n<p><strong>L\u00f3pez Arandia, Mar\u00eda Amparo<\/strong><\/p>\n<p>Controlar y dominar el territorio. La cartograf\u00eda francesa en la Guerra de la. \u2013 En: Andaluc\u00eda en guerra, 1808-1814 \/ coord. Mar\u00eda Amparo L\u00f3pez Arandia; Jos\u00e9 Miguel Delgado Barrado (dir.), 2010, , pags. 69-78. \u2013 ISBN 978-84-8439-504-1<\/p>\n<p><strong>Maeder, Ernesto J. A [et al.]<\/strong><\/p>\n<p>Atlas territorial y urbano de las misiones jesu\u00edticas de guaran\u00edes : Argentina, Paraguay y Brasil = Atlas territorial e urbano das miss\u00f5es jesu\u00edticas dos guaranis : Argentina, Paraguay e Brasi\u00a0\u00a0\/ Ernesto J.A. Maeder ; Ram\u00f3n Guti\u00e9rrez. &#8211; [Sevilla]: Instituto Andaluz del Patrimonio Hist\u00f3rico; D.L. 2010. &#8211; 114 p.: il. ; planos ;\u00a035 cm. \u2013 ISBN 9788482669599<\/p>\n<p><strong>Mart\u00edn Mer\u00e1s Verdejo, Luisa<\/strong><\/p>\n<p>La cartograf\u00eda en la era de los descubrimientos [= The cartography in the Discovery Age]. &#8211; Sociedad Geogr\u00e1fica Espa\u00f1ola, N\u00ba 35, 2010, pags. 50-67. &#8211; ISSN 1577-3531,<\/p>\n<p><strong>Mart\u00edn-Mer\u00e1s Verdejo,\u00a0\u00a0Luisa<\/strong>, \u201cLa carta de Juan de la Cosa y las primeras exploraciones a las Indias\u201d. En,\u00a0<em>P\u00e9ndulo, Revista de Ingenier\u00eda y Humanidades, N\u00ba XXI<\/em>. M\u00e1laga, 2010, pp.52-66..<\/p>\n<p><strong>Mart\u00edn-Mer\u00e1s Verdejo,\u00a0\u00a0Luisa,<\/strong>\u00a0\u201cLa expansi\u00f3n atl\u00e1ntica de la corona de Castilla\u201d , en\u00a0\u00a0<em>Juan de la Cosa y la \u00e9poca de los descubrimientos. \u2013\u00a0<\/em>Madrid :Sociedad Estatal de Conmemoraciones Culturales; 2010, pp. 33-49. ISBN 978-84-92827-77-0<\/p>\n<p><strong>Mart\u00edn-Mer\u00e1s Verdejo,\u00a0\u00a0Luisa<\/strong>\u00a0\u201cLas expediciones cartogr\u00e1ficas de la Marina\u201d\u00a0<em>en Cartograf\u00eda Hisp\u00e1nica: imagen de un mundo en construcci\u00f3n, 1503-1810<\/em>.- Madrid- Ministerio de Defensa; 2010, pp. 391-413.ISBN 978-84-9781-593-2<\/p>\n<p><strong>Masetti, Carla<\/strong><\/p>\n<p>La imagen cartogr\u00e1fica de Roma entre fines del Cuatrocientos y la primera mitad del Quinientos. &#8211; Revista de estudios colombinos, N\u00ba. 6, 2010, pags. 31-42. &#8211; ISSN 1699-3926<\/p>\n<p><strong>Montaner i Garcia Carme [et al.]<\/strong><\/p>\n<p>El servicio de cartograf\u00eda de la Confederaci\u00f3n Hidrogr\u00e1fica del Ebro durante la Guerra Civil espa\u00f1ola \/ Carme Montaner; Francesc Nadal; Urteaga Gonz\u00e1lez, Luis. \u2013 En: Bolet\u00edn de la Asociaci\u00f3n de Ge\u00f3grafos Espa\u00f1oles, N\u00ba. 52, 2010 , pags. 273-294. &#8211; ISSN 0212-9426<\/p>\n<p><strong>Montaner i Garcia, Carme,<\/strong><\/p>\n<p>Deu q\u00fcestions sobre la Cartoteca de Catalunya \/ Carme Montaner. &#8211; En:\u00a0\u00a0Item : revista de biblioteconomia i documentaci\u00f3.\u00a0N\u00fam 51 (juliol-desembre 2009), p. 14-17<\/p>\n<p><strong>Montaner i Garcia, Carme<\/strong><\/p>\n<p>L&#8217;Institut Cartogr\u00e0fic de Catalunya i la seva Cartoteca \/ Carme Montaner Garc\u00eda. &#8211; En:\u00a0Drassana : revista del Museu Mar\u00edtim, Desembre (2009), p.\u00a0 62-71<\/p>\n<p><strong>Mortera P\u00e9rez, Artemio<\/strong><\/p>\n<p>Las defensas de la bah\u00eda de Gij\u00f3n : siglos XVII-XX \/ Artemio Mortera P\u00e9rez. &#8211; [Gij\u00f3n]: Ayuntamiento de Gij\u00f3n ; [Oviedo]: KRK, 2010. &#8211; 320 p.: il. col. y n., planos ; 21 x\u00a021 cm. \u2013 ISBN 9788483672501<\/p>\n<p><strong>Nadal, Francesc<\/strong><\/p>\n<p>El atlas parcelario del municipio de Ll\u00edvia (Catalu\u00f1a) de 1849 \/ Francesc Nadal. &#8211; En:\u00a0 Historias de la cartograf\u00eda de Iberoam\u00e9rica : nuevos caminos, viejos problemas. &#8211; M\u00e9xico, D.F : Universidad Nacional Aut\u00f3noma de M\u00e9xico : Instituto Nacional de Estad\u00edstica y Geograf\u00eda , 2009. P. 123-128<\/p>\n<p><strong>Oleaga, Ram\u00f3n [et al.]<\/strong><\/p>\n<p>Euskal Herria Museoa : kartografia bilduma = colecci\u00f3n cartogr\u00e1fica \/ [testuak, Ram\u00f3n de Oleaga &#8230; et al. ; itzulpenak, euskara, @sap Traducciones, frantesa, Itziar Mart\u00edn, ingelesa, Mark Gardner. &#8211; [Bilbo]: Bizkaiko Foru Aldundia, Kultura Ondarearen Zerbitzua = Diputaci\u00f3n Foral de Bizkaia, Servicio de Patrimonio, D.L. 2010. &#8211; 239 p.: il. col. y n., planos ; 29 x\u00a029 cm; 1 CD-ROM. \u2013 ISBN 9788477524599<\/p>\n<p><strong>Ortega Chinchilla, Mar\u00eda Jos\u00e9<\/strong><\/p>\n<p>Percepci\u00f3n y representaci\u00f3n: el territorio andaluz en la cartograf\u00eda manuscrita del siglo XVIII \/ doctoranda, Mar\u00eda Jos\u00e9 Ortega Chinchilla ; director, Jes\u00fas A. Marina Barba. &#8211; [Granada]: Editorial de la Universidad de Granada, 2010. &#8211; 1 CD-ROM (366 p.): col. ;\u00a012 cm. \u2013 ISBN 978-84-693-1313-8<\/p>\n<p><strong>P\u00e1jaro Huertas, David<\/strong><\/p>\n<p>La cartograf\u00eda de tierras: una herencia mesoamericana \/ David P\u00e1jaro Huertas. \u2013 En: Ra Ximhai revista cient\u00edfica de sociedad, cultura y desarrollo sostenible, Vol. 6, N\u00ba. 2, 2010, pags. 153-167. &#8211; ISSN 1665-0441<\/p>\n<p><strong>Pe\u00f1alver G\u00f3mez, Eduardo [et al.]<\/strong><\/p>\n<p>Cartograf\u00eda hist\u00f3rica en la Biblioteca de la Universidad de Sevilla \/ Eduardo Pe\u00f1alver G\u00f3mez, Jos\u00e9 Carlos Posada Sime\u00f3n (coords.). &#8211; Sevilla: biblioteca universitaria, 2010. &#8211; 238 pp.; 21 x\u00a027,5 cm. \u2013 ISBN 9788447212606<\/p>\n<p><strong>Piqueras Haba, Juan<\/strong><\/p>\n<p>Cartograf\u00eda isl\u00e1mica de Sharq Al-Andalus siglos X-XII :\u00a0 Al-Idrisi y los precursores \/ Juan Piqueras Haba. &#8211; En:\u00a0Cuadernos de geograf\u00eda &#8211; Universitat de Val\u00e8ncia. N\u00fam. 86 (2009), 137-164<\/p>\n<p><strong>Pujades i Bataller, Ramon J.<\/strong><\/p>\n<p>Les cartes portolanes: or\u00edgens, caracter\u00edstiques i aportacions de la cultura catalana a la primera cartografia realista. \u2013 En: Revista de Catalunya, N\u00ba. 257, 2010 , pags. 23-44. &#8211; ISSN 0213-5876.<\/p>\n<p><strong>Reguera Rodr\u00edguez, Antonio T.<\/strong><\/p>\n<p>Los ge\u00f3grafos del rey \/ Antonio T. Reguera Rodr\u00edguez.\u00a0\u00a0&#8211; [Le\u00f3n]: Universidad de Le\u00f3n, 2010. &#8211; 558 p.: bil., mapas;\u00a025 cm. \u2013 ISBN 9788497735384<\/p>\n<p><strong>Rico S\u00e1nchez, Alberto<\/strong><\/p>\n<p>La Cartoteca Hist\u00f3rica del Centro Geogr\u00e1fico del Ej\u00e9rcito. &#8211; En: Ej\u00e9rcito de tierra espa\u00f1ol, ISSN 1696-7178, N\u00ba. 835, 2010, pags. 102-107<\/p>\n<p><strong>Rodr\u00edguez de Gracia, Hilario<\/strong><\/p>\n<p>Trabajos cartogr\u00e1ficos realizados en los Montes de Toledo durante el primer tercio del siglo XIX. \u2013 En: Las escalas de la geograf\u00eda : del mundo al lugar : homenaje al profesor Miguel Panadero Moya \/ edici\u00f3n preparada por Francisco Cebri\u00e1n Abell\u00e1n, F\u00e9lix Pillet Capdep\u00f3n, Jos\u00e9 Carpio Mart\u00edn. Pp. 519-545<\/p>\n<p><strong>Rodr\u00edguez de la Torre, Fernando<\/strong><\/p>\n<p>Jos\u00e9 Gumilla, misionero, explorador, ge\u00f3grafo y etn\u00f3logo en la Orinoqu\u00eda de la primera mitad del siglo XVIII . \u2013 En: Las escalas de la geograf\u00eda : del mundo al lugar : homenaje al profesor Miguel Panadero Moya \/ edici\u00f3n preparada por Francisco Cebri\u00e1n Abell\u00e1n, F\u00e9lix Pillet Capdep\u00f3n, Jos\u00e9 Carpio Mart\u00edn. Pp. 813-836<\/p>\n<p><strong>Rossell\u00f3 i Verger, Vicen\u00e7 M.<\/strong><\/p>\n<p>Marees i Atles catal\u00e0 (1375) \/ Vicen\u00e7 M. Rossell\u00f3 i Verger. &#8212; En:\u00a0 Cuadernos de geograf\u00eda &#8211; Universitat de Val\u00e8ncia. N\u00fam. 86 (2009), 165-182<\/p>\n<p><strong>Ruiz Morales, Mario<\/strong><\/p>\n<p>Los georamas del siglo XIX instalados en Par\u00eds y Londres. \u2013 En Mapping Intreractivo n. 139 FEBRERO-MARZO 2010. &#8211;\u00a0\u00a0ISSN: 1.131-9.100<\/p>\n<p><strong>Ruiz Morales, Mario<\/strong><\/p>\n<p>Im\u00e1genes esf\u00e9ricas del cielo y de la tierra. \u2013 En: Mapping Interactivo. AGOSTO \u2013 SEPTIEMBRE. &#8211;\u00a0\u00a0ISSN: 1.131-9.100<\/p>\n<p><strong>Ruiz Morales, Mario<\/strong><\/p>\n<p>Inoh Tadataka (1745-1818), un geodesta desconocido en Occidente. \u2013 En: Mapping interantivo. OCTUBRE &#8211; NOVIEMBRE 2010. &#8211; ISSN: ISSN: 1.131-9.100<\/p>\n<p><strong>S\u00e1enz-L\u00f3pez P\u00e9rez, Sandra,<\/strong><\/p>\n<p>El d\u00eda que Crist\u00f3bal Col\u00f3n descubri\u00f3 Am\u00e9rica a trav\u00e9s de las fuentes literarias, art\u00edsticas, cartogr\u00e1ficas y arqueol\u00f3gicas. \u2013 En E-excelence, Liceus, 2010, \u00e1rea Publicaciones Electr\u00f3nicas, ISBN: 978-84-9822-879-3 (24 pp.)<\/p>\n<p><strong>S\u00e1nchez Barrero, Pedro D\u00e1maso<\/strong><\/p>\n<p>Itinerarios y caminos romanos en el entorno emeritense. &#8211; [M\u00e9rida]: Asamblea de Extremadura, D.L. 2010. &#8211; 164 p.: il. col. y n., mapas, planos; 24 x\u00a024 cm. \u2013 ISBN 9788496757295<\/p>\n<p><strong>S\u00e1nchez Rubio, Carlos (coord.)<\/strong><\/p>\n<p>Historia e imagen de un asedio:Badajoz 1705 \/ S\u00e1nchez Rubio, Carlos Mar\u00eda (coord.). \u2013 Badajoz : Cuatro Gatos, 2010, 34 p : 4 mapas pleg. ISBN 978846936156<\/p>\n<p><strong>Serra de Manresa, Valent\u00ed<\/strong><\/p>\n<p>Els frares caputxins i la cartografia. \u2013 En: Estudios franciscanos: publicaci\u00f3n peri\u00f3dica de Ciencias Eclesi\u00e1sticas de las Provincias Capuchinas Ib\u00e9ricas, Vol. 111, N\u00ba. 448, 2010, pags. 161-170. &#8211; ISSN 0210-4393<\/p>\n<p><strong>Surroca Carrascosa, Alfredo<\/strong><\/p>\n<p>La marina espa\u00f1ola y la ciencia cartogr\u00e1fica. &#8211; En: XXVIII Semana de Estudios del Mar \/ Semana de Estudios del Mar. 28\u00aa. 2010. Madrid. [Melilla]: Asociaci\u00f3n de Estudios del Mar, D.L. 2010. . Pp. 105-118<\/p>\n<p><strong>Tarrag\u00f3, Salvador<\/strong><\/p>\n<p>El Pla de les rodalies de Barcelona i el projecte de la seva reforma i Eixample \/ Salvador Tarrag\u00f3 i Cid. &#8211; [Ed. facs\u00edmil dels mapes de Cerd\u00e0 de 1855 i 1859]. &#8211; Barcelona : Institut Cartogr\u00e0fic de Catalunya, 2009. &#8212; 51 p. il., map. ; 31 x\u00a031 cm + 2 map. pleg.<\/p>\n<p><strong>Torres Faus, Francesc<\/strong><\/p>\n<p>La col\u00b7lecci\u00f3 cartogr\u00e0fica de l&#8217;Arxiu del Regne de Val\u00e8ncia \/ Francesc Torres Faus. &#8212; En:\u00a0Cuadernos de geograf\u00eda &#8211; Universitat de Val\u00e8ncia. N\u00fam. 86 (2009), p. 195-218<\/p>\n<p><strong>Urteaga, Luis<\/strong><\/p>\n<p>La cartograf\u00eda colonial espa\u00f1ola durante la Segunda Rep\u00fablica (1931-1936 \/ Luis Urteaga ; Francesc Nadal. &#8211; En: Estudios geogr\u00e1ficos, ISSN 0014-1496, Vol. 71, N\u00ba 268, 2010, pags. 267-297<\/p>\n<p><strong>Urteaga, Luis<\/strong><\/p>\n<p>El mapa del norte de Marruecos a escala 1:500.000 y la\u00a0 conferencia de Algeciras de 1906 \/ Luis Urteaga. &#8211; En:\u00a0Historias de la cartograf\u00eda de Iberoam\u00e9rica : nuevos caminos, viejos problemas. &#8211; M\u00e9xico, D.F : Universidad Nacional Aut\u00f3noma de M\u00e9xico. Instituto Nacional de Estad\u00edstica y Geograf\u00eda , 2009. &#8211; p. 139-160<\/p>\n<\/div><\/section>\n","protected":false},"excerpt":{"rendered":"","protected":false},"author":1,"featured_media":0,"parent":77,"menu_order":5,"comment_status":"closed","ping_status":"closed","template":"","meta":{"footnotes":""},"class_list":["post-87","page","type-page","status-publish","hentry"],"_links":{"self":[{"href":"https:\/\/old.sge.org\/ibercarto\/wp-json\/wp\/v2\/pages\/87","targetHints":{"allow":["GET"]}}],"collection":[{"href":"https:\/\/old.sge.org\/ibercarto\/wp-json\/wp\/v2\/pages"}],"about":[{"href":"https:\/\/old.sge.org\/ibercarto\/wp-json\/wp\/v2\/types\/page"}],"author":[{"embeddable":true,"href":"https:\/\/old.sge.org\/ibercarto\/wp-json\/wp\/v2\/users\/1"}],"replies":[{"embeddable":true,"href":"https:\/\/old.sge.org\/ibercarto\/wp-json\/wp\/v2\/comments?post=87"}],"version-history":[{"count":5,"href":"https:\/\/old.sge.org\/ibercarto\/wp-json\/wp\/v2\/pages\/87\/revisions"}],"predecessor-version":[{"id":833,"href":"https:\/\/old.sge.org\/ibercarto\/wp-json\/wp\/v2\/pages\/87\/revisions\/833"}],"up":[{"embeddable":true,"href":"https:\/\/old.sge.org\/ibercarto\/wp-json\/wp\/v2\/pages\/77"}],"wp:attachment":[{"href":"https:\/\/old.sge.org\/ibercarto\/wp-json\/wp\/v2\/media?parent=87"}],"curies":[{"name":"wp","href":"https:\/\/api.w.org\/{rel}","templated":true}]}}