{"id":81,"date":"2016-01-28T16:52:14","date_gmt":"2016-01-28T15:52:14","guid":{"rendered":"http:\/\/sge.org\/ibercarto\/?page_id=81"},"modified":"2016-06-03T14:51:38","modified_gmt":"2016-06-03T12:51:38","slug":"espana-bibliografia-cartografica-2006-2007","status":"publish","type":"page","link":"https:\/\/old.sge.org\/ibercarto\/bibliografia-cartografica\/espana-bibliografia-cartografica-2006-2007\/","title":{"rendered":"ESPA\u00d1A.- Bibliograf\u00eda cartogr\u00e1fica 2006-2007"},"content":{"rendered":"<section  class='av_textblock_section av-av_textblock-0366cc7376be6c9e82a3e9cc8987b64f'  itemscope=\"itemscope\" itemtype=\"https:\/\/schema.org\/CreativeWork\" ><div class='avia_textblock'  itemprop=\"text\" ><p class=\"bodytext\"><strong>Alegre, Pau,<span class=\"Apple-converted-space\">\u00a0<\/span><\/strong>Estudi introductori a l&#8217;edici\u00f3 del facs\u00edmil del mapa &#8220;Catalu\u00f1a con las nuevas divisiones&#8221; d&#8217;A. H. Dufour (1837) : el mapa com a mirall de la biografia individual i de la hist\u00f2ria col\u00b7lectiva . En: Dufour, A. H.<em>Catalu\u00f1a con las nuevas divisiones<span class=\"Apple-converted-space\">\u00a0<\/span><\/em>[Document cartogr\u00e0fic].- Barcelona : Institut Cartogr\u00e0fic de Catalunya, DL 2006, pp. 9-41<\/p>\n<p class=\"bodytext\"><strong>Almaz\u00e1n G\u00e1rate; Jos\u00e9 Luis, Verd\u00fa; V\u00e1zquez Amparo et alii,<span class=\"Apple-converted-space\">\u00a0<\/span><\/strong><strong>\u201c<\/strong>El primer enlace geod\u00e9sico entre Europa y \u00c1frica\u201d . En:<span class=\"Apple-converted-space\">\u00a0<\/span><em>Mapping : revista internacional de ciencias de la tierra.<\/em><span class=\"Apple-converted-space\">\u00a0<\/span>2006, N\u00fam. 111 (2006), pp. 10-14<\/p>\n<p class=\"bodytext\"><strong>Atlas Miller<\/strong><span class=\"Apple-converted-space\">\u00a0<\/span>\/ [traducci\u00f3n del portugu\u00e9s al espa\u00f1ol, Basilio Losada]. &#8211; Barcelona : M. Moleiro Editor, [2006]. &#8211; 427 p. : il. col. y n. ; 36 cm. Publ. junto con el v. facs.: Atlas n\u00e1utico portugu\u00e9s,conocido como &#8220;Atlas Miller&#8221;<\/p>\n<p class=\"bodytext\"><strong>Barber, Peter,<\/strong><span class=\"Apple-converted-space\">\u00a0<\/span>(ed.) El gran libro de los mapas.- Madrid : Ediciones Paid\u00f3s Ib\u00e9rica, 2006<\/p>\n<p class=\"bodytext\"><strong>Baselga Moreno, Sergio<\/strong>, Fundamentos de cartograf\u00eda matem\u00e1tica. &#8211; Valencia : Universidad Polit\u00e9cnica de Valencia. Servicio de Publicaciones, 2006<\/p>\n<p class=\"bodytext\"><strong>Barranco Molina, Carlos<\/strong>,<span class=\"Apple-converted-space\">\u00a0<\/span><em>Elementos de topograf\u00eda<\/em>. &#8211; Huelva : Universidad de Huelva. Servicio de Publicaciones, 2007<\/p>\n<p class=\"bodytext\"><strong>Batll\u00f3 Ortiz, Josep,<span class=\"Apple-converted-space\">\u00a0<\/span><\/strong>Montaner Garcia, Carme. \u201cLa Col\u00b7lecci\u00f3 d\u2019instruments de topografia i cartografia de l\u2019Institut Cartogr\u00e0fic de Catalunya\u201d.<span class=\"Apple-converted-space\">\u00a0<\/span><em>En : Actes de la VIII Trobada d&#8217;Hist\u00f2ria de la Ci\u00e8ncia i de la T\u00e8cnica<\/em>.- Barcelona : SCHCT, 2006. pp. 255-260<\/p>\n<p class=\"bodytext\"><strong>Bornholt, Jens P.<span class=\"Apple-converted-space\">\u00a0<\/span><\/strong>Cuatro siglos de Expresiones geogr\u00e1ficas del istmo centroamericano, 1500-1900. &#8211; Guatemala : Universidad Francisco Marroquin, 2007.- 2007 p. : il. ; 20 x 30 cm<\/p>\n<p class=\"bodytext\"><strong>Capdevila i Subirana, Joan, ,<span class=\"Apple-converted-space\">\u00a0<\/span><\/strong>Estudi introductori a l&#8217;edici\u00f3 facs\u00edmil del &#8220;Plan du si\u00e9ge de la ville de Barcelone avec la carte de la c\u00f4te de la mer depuis le Cap de Cervere jusqu&#8217;aux environs de Llobregat, dedi\u00e9 au Roy, 1698&#8221;. En: Beaulieu, S\u00e9bastien de Pontault, sieur d .<span class=\"Apple-converted-space\">\u00a0<\/span><em>Plan du si\u00e9ge de la ville de Barcelone avec la carte de la c\u00f4te de la mer depuis le Cap de Cervere jusqu&#8217;aux environs de Llobregat dedi\u00e9 au Roy 1698.<\/em><span class=\"Apple-converted-space\">\u00a0<\/span>-Barcelona : Institut Cartogr\u00e0fic de Catalunya, DL 2006, pp. 9-21<\/p>\n<p class=\"bodytext\">La<span class=\"Apple-converted-space\">\u00a0<\/span><strong>Cartografia cadastral a Espanya (segles XVIII-XX)<\/strong><span class=\"Apple-converted-space\">\u00a0<\/span>: pon\u00e8ncies presentades al Seminari d\u2019Hist\u00f2ria de la Cartografia celebrat al l\u2019Institut Cartogr\u00e0fic de Catalunya els dies 20-21 d\u2019octubre de 2005.- Barcelona : Institut Cartogr\u00e0fic de Catalunya, 2007. \u2013 199 p. : il. ; 27 cm. \u2013 ISBN: 978 84-393-7381-0<\/p>\n<p class=\"bodytext\"><strong>Chueca Pazos, Manuel,<span class=\"Apple-converted-space\">\u00a0<\/span><\/strong><em>La ingenier\u00eda cartogr\u00e1fica, su peripecia vital en Espa\u00f1a, la aportaci\u00f3n valenciana<\/em>.- Valencia : Real Acad\u00e8mia de Cultura Valenciana, 2006.- 205 p. : il. col., mapas ; 24 cm<\/p>\n<p class=\"bodytext\"><strong>Dom\u00ednguez Somonte, Manuel ; Belda Fuero, Miguel,<\/strong><em>Topograf\u00eda y sistemas de informaci\u00f3n geogr\u00e1fica.-<span class=\"Apple-converted-space\">\u00a0<\/span><\/em>[Madrid] : Asociaci\u00f3n de Ingenier\u00eda y Dise\u00f1o Asistido, 2006<\/p>\n<p class=\"bodytext\"><strong>Duran, Llu\u00eds,<span class=\"Apple-converted-space\">\u00a0<\/span><\/strong>Estudi introductori a l&#8217;edici\u00f3 facs\u00edmil del &#8220;Mapa de Catalunya&#8221; per F. Flos y Calcat : renaixen\u00e7a, catalanisme i territori. En:<span class=\"Apple-converted-space\">\u00a0<\/span><em>Flos i Calcat, Francesc. Mapa de Catalunya<\/em><span class=\"Apple-converted-space\">\u00a0<\/span>[Document cartogr\u00e0fic]. &#8211; Barcelona : Institut Cartogr\u00e0fic de Catalunya, DL 2006, pp. 12-21<\/p>\n<p class=\"bodytext\"><strong>Galera i Monegal, Montserrat,<span class=\"Apple-converted-space\">\u00a0<\/span><\/strong>Estudi introductori a l&#8217;edici\u00f3 del facs\u00edmil del mapa &#8220;Nova principatus Cataloniae descriptio&#8221; : el primer mapa impr\u00e8s de Catalunya (1602-1605). En: Vrients, Jan Baptista.<span class=\"Apple-converted-space\">\u00a0<\/span><em>Nova principatus Cataloniae descriptio<\/em><span class=\"Apple-converted-space\">\u00a0<\/span>[Document cartogr\u00e0fic]. &#8211; Barcelona : Institut Cartogr\u00e0fic de Catalunya, 2006, pp. 9-21<\/p>\n<p class=\"bodytext\"><strong>Geis Nielsen, Christian , [ et. al. ],<\/strong><span class=\"Apple-converted-space\">\u00a0<\/span>Cartograf\u00eda geoambiental de la costa brava meridional. &#8211; Girona : Universidad de Girona. Servicio de Publicaciones, 2006<\/p>\n<p class=\"bodytext\"><strong>Hernando Rica, Agust\u00edn, \u201c<\/strong>La reforma de la mirada : logos y ret\u00f3rica en la Geographia de Ptolomeo (1535)\u201d. En:<span class=\"Apple-converted-space\">\u00a0<\/span><em>Eria revista de geograf\u00eda<\/em>. Oviedo : Departamento de Geograf\u00eda de la Universidad de Oviedo, [1980]-. N\u00ba 69 (2006), pp. 5-33<\/p>\n<p class=\"bodytext\"><strong>Hernando Rica, Agust\u00edn,<span class=\"Apple-converted-space\">\u00a0<\/span><\/strong>Estudi introductori a l&#8217;edici\u00f3 facs\u00edmil del &#8220;Mapa del Principado de Catalu\u00f1a (&#8230;)&#8221; : la imatge de Catalunya dibuixada per Tom\u00e1s L\u00f3pez (1776) . En: L\u00f3pez, Tom\u00e1s 1730?-1802.<span class=\"Apple-converted-space\">\u00a0<\/span><em>Mapa del Principado de Catalu\u00f1a comprehende los corregimientos de Barcelona, Cervera, Gerona, Lerida, Manresa, Matar\u00f3, Puigcerd\u00e1, Talarn, Tarragona, Tortosa, Villafranca, Vique, y la subdelegaci\u00f3n del Valle de Ar\u00e1n<\/em>[Document cartogr\u00e0fic].- Barcelona : Institut Cartogr\u00e0fic de Catalunya, DL 2006, pp. 7-25<\/p>\n<p class=\"bodytext\"><strong>Jacobson, Cliff<\/strong>, Mapa y br\u00fajula Ediciones Tutor, 2006<\/p>\n<p class=\"bodytext\"><strong>L\u00f3pez G\u00f3mez, Antonio; Manso Porto, Carmen<\/strong><em>, Cartograf\u00eda del siglo XVIII : Tom\u00e1s L\u00f3pez en la Real Academia de la Historia<\/em>.- Madrid : Real Academia de la Historia, 2006.- 586 p. : il. ; 34 cm<\/p>\n<p class=\"bodytext\"><strong>Manso Porto, Carmen<\/strong>, \u201cLa Cosmograf\u00eda de Ptolomeo de la Real Academia de la Historia y su relaci\u00f3n con Crist\u00f3bal Col\u00f3n&#8221;, en<span class=\"Apple-converted-space\">\u00a0<\/span><em>Cartograf\u00eda e Historia Natural del Nuevo Mundo. Libros, grabados y manuscritos en Italia y Espa\u00f1a entre los siglos XV y XVIII,<span class=\"Apple-converted-space\">\u00a0<\/span><\/em>V Centenario de la muerte de Crist\u00f3bal Col\u00f3n, 1506-2006, Valladolid, Sala de Exposiciones \u201cPalacio de Pimentel\u201d, 12 de abril-28 de mayo de 2006<em>,<\/em><span class=\"Apple-converted-space\">\u00a0<\/span>pp. 57-65<\/p>\n<p class=\"bodytext\">Los<span class=\"Apple-converted-space\">\u00a0<\/span><strong>Mapas en la Guerra Civil espa\u00f1ola<\/strong><span class=\"Apple-converted-space\">\u00a0<\/span>: 1936-1939. Barcelona : Institut Cartogr\u00e0fic de Catalunya, 2007. 115 p. : il. ; 29 cm. Cat\u00e0leg de l&#8217;exposici\u00f3 celebrada a Barcelona, a la seu de l&#8217;Institut Cartogr\u00e0fic de Catalunya, de gener a mar\u00e7 de 2007. ISBN: 84-393-7296-5<\/p>\n<p class=\"bodytext\">Els<span class=\"Apple-converted-space\">\u00a0<\/span><strong>Mapes en la Guerra Civil espanyola<\/strong><span class=\"Apple-converted-space\">\u00a0<\/span>: 1936-1939. Barcelona : Institut Cartogr\u00e0fic de Catalunya, 2007. 111 p. : il., 29 cm. Cat\u00e0leg de l&#8217;exposici\u00f3 celebrada a Barcelona, a la seu de l&#8217;Institut Cartogr\u00e0fic de Catalunya, de gener a mar\u00e7 de 2007. ISBN: 84-393-7295-7<\/p>\n<p class=\"bodytext\"><strong>Marcos, \u00c1ngel<\/strong>,<span class=\"Apple-converted-space\">\u00a0<\/span><em>Cartograf\u00eda e historia natural del Nuevo Mundo<\/em>.- [Madrid] : Taller de la Imagen, S. L, 2006<\/p>\n<p class=\"bodytext\"><strong>Mart\u00edn-Mer\u00e1s, Luisa<\/strong>, \u201cFondos cartogr\u00e1ficos del Museo Naval de Madrid<em>\u201d.<\/em>En:<span class=\"Apple-converted-space\">\u00a0<\/span><em>Bolet\u00edn Informativo del Sistema Archivistico de la Defensa<\/em>, n\u00ba 9, 2005, pp. 19-22.<\/p>\n<p class=\"bodytext\"><strong>Mart\u00edn-Mer\u00e1s, Luisa,<span class=\"Apple-converted-space\">\u00a0<\/span><\/strong>Estudio introductorio a la edici\u00f3n facs\u00edmil de<span class=\"Apple-converted-space\">\u00a0<\/span><em>Carta portulana de Mateo Prunes, 1563, del Museo Naval de Madrid<\/em>. &#8211; Madrid : Museo Naval, A. y N. Ediciones, 2005 ISBN-84-934057-7-7<\/p>\n<p class=\"bodytext\"><strong>Mart\u00edn-Mer\u00e1s, Luisa,<span class=\"Apple-converted-space\">\u00a0<\/span><\/strong>\u201cLos mapamundis que inspiraron a Col\u00f3n\u201d,<em>Congreso Internacional Crist\u00f3bal Col\u00f3n, 1506-2006, Historia y leyenda<\/em>.- La R\u00e1bida : Universidad Internacional de Andaluc\u00eda, 2006, pp. 51-71.ISBN-84-7993-037-3<\/p>\n<p class=\"bodytext\"><strong>Mart\u00edn-Mer\u00e1s, Luisa,<span class=\"Apple-converted-space\">\u00a0<\/span><\/strong>Estudio introductorio al la edici\u00f3n facs\u00edmil del<span class=\"Apple-converted-space\">\u00a0<\/span><em>Atlas de Diego Homen, 1559<\/em>. &#8211; Madrid : AyN Ediciones, 2006, ISBN<span class=\"Apple-converted-space\">\u00a0<\/span><strong>84-935153-5-3<\/strong><\/p>\n<p class=\"bodytext\"><strong>Mart\u00edn-Mer\u00e1s, Luisa,<span class=\"Apple-converted-space\">\u00a0<\/span><\/strong>\u201cLa toma de Pensacola a trav\u00e9s de los mapas\u201d En<em>: Bernardo de G\u00e1lvez y su tiempo<\/em>. \u2013 M\u00e1laga : Colegio Oficial de Ingenieros T\u00e9cnicos Industriales de M\u00e1laga, 2007, 38-53 ISBN:978-84-611-6092-1<\/p>\n<p class=\"bodytext\"><strong>Mill\u00e1n Gamboa, Jos\u00e9 Manuel<em>,<span class=\"Apple-converted-space\">\u00a0<\/span><\/em><\/strong><em>Fundamentos para cartograf\u00eda n\u00e1utica : curso de oficiales, especialidad de hidrograf\u00eda<\/em>. &#8211; C\u00e1diz : Instituto Hidrogr\u00e1fico de la Marina, 2006.- 244 p. : il. col., gr\u00e1f. ; 27 cm<\/p>\n<p class=\"bodytext\"><strong>Mill\u00e1n Gamboa, Jos\u00e9 Manuel<\/strong>,<span class=\"Apple-converted-space\">\u00a0<\/span><em>Geodesia y topograf\u00eda<\/em>. &#8211; C\u00e1diz : &#8211; C\u00e1diz : Instituto Hidrogr\u00e1fico de la Marina, 2006<\/p>\n<p class=\"bodytext\"><strong>Mill\u00e1n Gamboa, Jos\u00e9 Manuel<\/strong>,<span class=\"Apple-converted-space\">\u00a0<\/span><em>Fundamentos de fotogrametr\u00eda a\u00e9rea.<\/em><span class=\"Apple-converted-space\">\u00a0<\/span>&#8211; C\u00e1diz : Instituto Hidrogr\u00e1fico de la Marina, 2006<\/p>\n<p class=\"bodytext\"><strong>Montaner i Garcia, Carme,<span class=\"Apple-converted-space\">\u00a0<\/span><\/strong>Estudi introductori a l&#8217;edici\u00f3 del facs\u00edmil del mapa &#8220;Catalonia&#8221; de Joannes Janssonius i Henricus Hondius: un mapa impr\u00e8s de Catalunya a la primera meitat del segle XVII. En:<span class=\"Apple-converted-space\">\u00a0<\/span><em>Janssonius, Joannes. Catalonia<span class=\"Apple-converted-space\">\u00a0<\/span><\/em>[Document cartogr\u00e0fic]. &#8211; Barcelona : Institut Cartogr\u00e0fic de Catalunya, DL 2006, pp. 9-21<\/p>\n<p class=\"bodytext\"><strong>Moreno Regidor, Pilar; F\u00e1brega Golpe, Jos\u00e9<\/strong>, Pr\u00e1cticas de S.I.G. con GeoMedia.- Madrid : Universidad Polit\u00e9cnica de Madrid. Fundaci\u00f3n General, 2006<\/p>\n<p class=\"bodytext\"><strong>Nadal Piqu\u00e9, Francesc, \u201c<\/strong>El Atlas parcelario de Ll\u00edvia (Catalu\u00f1a) de 1849\u201d [Recurs electr\u00f2nic] . En:<span class=\"Apple-converted-space\">\u00a0<\/span><em>Scripta Nova : revista electr\u00f3nica de Geograf\u00eda y Ciencias Sociales<\/em>. &#8211; 2006.<span class=\"Apple-converted-space\">\u00a0<\/span><a class=\"nav\" href=\"http:\/\/www.ub.es\/geocrit\/sn\/sn-218-57.htm\" target=\"_blank\" rel=\"external noopener\">http:\/\/www.ub.es\/geocrit\/sn\/sn-218-57.htm<\/a><\/p>\n<p class=\"bodytext\"><strong>Nadal Piqu\u00e9, Francesc; Urteaga Gonz\u00e1lez, Luis ; Muro Morales, Jos\u00e9 Ignacio<\/strong>,<span class=\"Apple-converted-space\">\u00a0<\/span><em>El territori dels ge\u00f2metres : cartografia parcel\u00b7l\u00e0ria dels municipis de la prov\u00edncia de Barcelona (1845-1895)<\/em>.- Barcelona : Diputaci\u00f3n Provincial de Barcelona. Instituto de Ediciones, 2006<\/p>\n<p class=\"bodytext\"><strong>P\u00e9rez Guti\u00e9rrez, Carlos ; Mu\u00f1oz Nieto, \u00c1ngel Luis<\/strong>,<span class=\"Apple-converted-space\">\u00a0<\/span><em>Teledetecci\u00f3n : nociones y aplicaciones. \u2013<span class=\"Apple-converted-space\">\u00a0<\/span><\/em>[Madrid] : P\u00e9rez Guti\u00e9rrez, Carlos, 2006<\/p>\n<p class=\"bodytext\"><strong>Rossell\u00f3 i Verger, Vicen\u00e7 M, \u201c<\/strong>La Col\u00b7lecci\u00f3 de cartes i atles portolans de la Fundaci\u00f3 Bartomeu March\u201d . En:<span class=\"Apple-converted-space\">\u00a0<\/span><em>Actes de la VIII Trobada d&#8217;Hist\u00f2ria de la Ci\u00e8ncia i de la T\u00e8cnica<\/em>. &#8211; Barcelona : SCHCT, 2006, pp. 57-74<\/p>\n<p class=\"bodytext\"><strong>Rossell\u00f3 i Verger, Vicen\u00e7 M,<span class=\"Apple-converted-space\">\u00a0<\/span><\/strong>Estudi introductori a l&#8217;edici\u00f3 facs\u00edmil del &#8220;Mapa del Principado de Catalu\u00f1a y Condado del Rosell\u00f3n&#8221;, por D. Francisco Xavier de Garma y Dur\u00e1n. En: Garma i Duran, Francesc Xavier de 1708-1783.<span class=\"Apple-converted-space\">\u00a0<\/span><em>Mapa del Principado de Catalu\u00f1a, y Condado del Rosellon .-<\/em>Barcelona : Institut Cartogr\u00e0fic de Catalunya, 2006, pp- 7-25<\/p>\n<p class=\"bodytext\"><strong>Ruiz Morales, Mario, \u201c<\/strong>El primer sistema cartogr\u00e1fico del Mapa Topogr\u00e1fico Nacional\u201d.En:<span class=\"Apple-converted-space\">\u00a0<\/span><em>Mapping : revista internacional de ciencias de la tierra.<\/em><span class=\"Apple-converted-space\">\u00a0<\/span>N\u00ba 109 (2006), pp.52-62<\/p>\n<p class=\"bodytext\"><strong>Ruiz Morales, Mario, \u201c<\/strong>Mapas atribuidos a Crist\u00f3bal Col\u00f3n\u201d. En:<span class=\"Apple-converted-space\">\u00a0<\/span><em>Mapping : revista internacional de ciencias de la tierra<\/em>. N\u00ba 114 (2006), pp<strong>.<\/strong><span class=\"Apple-converted-space\">\u00a0<\/span>6-9<\/p>\n<p class=\"bodytext\"><strong>Urrutia, Javier<\/strong>,<span class=\"Apple-converted-space\">\u00a0<\/span><em>Cartograf\u00eda, orientaci\u00f3n y GPS.<span class=\"Apple-converted-space\">\u00a0<\/span><\/em>&#8211; [Lasarte-Oria] : Etor-Ostoa, [2006]. &#8211; 294 p. : il., gr\u00e1f., mapas ; 23 cm<\/p>\n<p class=\"bodytext\"><strong>Urteaga, Luis, \u201c<\/strong>El mapa del norte de Marruecos a escala 1:500.000 y la Conferencia de Algeciras de 1906\u201d [Recurs electr\u00f2nic] En:<span class=\"Apple-converted-space\">\u00a0<\/span><em>Scripta Nova : revista electr\u00f3nica de Geograf\u00eda y Ciencias Sociale<\/em>s. \u2013 2006.<a class=\"nav\" href=\"http:\/\/www.ub.es\/geocrit\/sn\/sn-218-58.htm\" target=\"_blank\" rel=\"external noopener\">http:\/\/www.ub.es\/geocrit\/sn\/sn-218-58.htm<\/a><\/p>\n<p class=\"bodytext\"><strong>Varela Marcos, Jes\u00fas,<span class=\"Apple-converted-space\">\u00a0<\/span><\/strong>La cartograf\u00eda colombina. &#8211; [Valladolid] : Editora Provincial, [2006]. &#8211; 134 p. : il. col. y n., mapas ; 24 cm<\/p>\n<\/div><\/section>\n","protected":false},"excerpt":{"rendered":"","protected":false},"author":1,"featured_media":0,"parent":77,"menu_order":2,"comment_status":"closed","ping_status":"closed","template":"","meta":{"footnotes":""},"class_list":["post-81","page","type-page","status-publish","hentry"],"_links":{"self":[{"href":"https:\/\/old.sge.org\/ibercarto\/wp-json\/wp\/v2\/pages\/81","targetHints":{"allow":["GET"]}}],"collection":[{"href":"https:\/\/old.sge.org\/ibercarto\/wp-json\/wp\/v2\/pages"}],"about":[{"href":"https:\/\/old.sge.org\/ibercarto\/wp-json\/wp\/v2\/types\/page"}],"author":[{"embeddable":true,"href":"https:\/\/old.sge.org\/ibercarto\/wp-json\/wp\/v2\/users\/1"}],"replies":[{"embeddable":true,"href":"https:\/\/old.sge.org\/ibercarto\/wp-json\/wp\/v2\/comments?post=81"}],"version-history":[{"count":4,"href":"https:\/\/old.sge.org\/ibercarto\/wp-json\/wp\/v2\/pages\/81\/revisions"}],"predecessor-version":[{"id":835,"href":"https:\/\/old.sge.org\/ibercarto\/wp-json\/wp\/v2\/pages\/81\/revisions\/835"}],"up":[{"embeddable":true,"href":"https:\/\/old.sge.org\/ibercarto\/wp-json\/wp\/v2\/pages\/77"}],"wp:attachment":[{"href":"https:\/\/old.sge.org\/ibercarto\/wp-json\/wp\/v2\/media?parent=81"}],"curies":[{"name":"wp","href":"https:\/\/api.w.org\/{rel}","templated":true}]}}