{"id":79,"date":"2016-01-28T16:51:57","date_gmt":"2016-01-28T15:51:57","guid":{"rendered":"http:\/\/sge.org\/ibercarto\/?page_id=79"},"modified":"2020-12-10T11:20:59","modified_gmt":"2020-12-10T10:20:59","slug":"espana-bibliografia-cartografica-de-autores-espanoles-anos-2001-2005","status":"publish","type":"page","link":"https:\/\/old.sge.org\/ibercarto\/bibliografia-cartografica\/espana-bibliografia-cartografica-de-autores-espanoles-anos-2001-2005\/","title":{"rendered":"ESPA\u00d1A.- Bibliograf\u00eda cartogr\u00e1fica de autores espa\u00f1oles a\u00f1os 2001-2005"},"content":{"rendered":"<section  class='av_textblock_section av-av_textblock-0366cc7376be6c9e82a3e9cc8987b64f'  itemscope=\"itemscope\" itemtype=\"https:\/\/schema.org\/CreativeWork\" ><div class='avia_textblock'  itemprop=\"text\" ><p><em>El atlas del rey Planeta : la &#8220;Descripci\u00f3n de Espa\u00f1a y de las costas y puertos de sus reinos&#8221; de Pedro Texeira (1634)\u00a0<\/em>\/ Felipe Pereda y Fernando Mar\u00edas (eds.) .- Hondarribia : Nerea, [2002] .- 398 p. : il. col. y n., mapas, planos ; 32 cm .<\/p>\n<p class=\"bodytext\"><em>Atlas universal, Diogo Homem<span class=\"Apple-converted-space\">\u00a0<\/span><\/em>.- Barcelona : M. Moleiro Editor, [2002] .- 331 p. : il. col. ; 34 cm<\/p>\n<p class=\"bodytext\">Bol\u00f2s, Jordi,<span class=\"Apple-converted-space\">\u00a0<\/span><em>Cartografia i hist\u00f2ria medieval : 1r seminari,<span class=\"Apple-converted-space\">\u00a0<\/span><\/em>Cicle &#8220;Els seminaris del Departament de Geografia i Historia&#8221; (Lleida, 2000) \/ Lleida : Institut d&#8217;Estudis Ilerdencs, 2001.- 124 p. : mapas ; 24 cm .<\/p>\n<p class=\"bodytext\"><em>Cartograf\u00eda antigua del Ayuntamiento de Vitoria<span class=\"Apple-converted-space\">\u00a0<\/span><\/em>: (1617-1950) \/ [idea, coordinaci\u00f3n y direcci\u00f3n, Juan Carrascal M.].- [Vitoria-Gasteiz] : Ayuntamiento de Vitoria-Gasteiz, [2003] .- 282 p. : il. col. ; 32 cm<\/p>\n<p class=\"bodytext\"><em>Cartograf\u00eda hist\u00f3rica. Andaluc\u00eda<span class=\"Apple-converted-space\">\u00a0<\/span><\/em>\/ [esta obra ha sido recopilada por Pilar Guerrero Fern\u00e1ndez y Nuria Casado Gonz\u00e1lez, bajo la direcci\u00f3n de Rosa Mart\u00edn y de Vega].- [Madrid]: Ministerio de Defensa, Secretar\u00eda General T\u00e9cnica, [2002].- 831 p.; 30 cm<\/p>\n<p class=\"bodytext\">Centro Geogr\u00e1fico del Ej\u00e9rcito (Espanya). Archivo Cartogr\u00e1fico y de Estudios Geogr\u00e1ficos,<span class=\"Apple-converted-space\">\u00a0<\/span><em>Cartograf\u00eda de la Comunidad de Madrid en el Centro Geogr\u00e1fico del Ej\u00e9rcito<span class=\"Apple-converted-space\">\u00a0<\/span><\/em>; Luis Magallanes Pernas ; Ministerio de Defensa, Centro Geogr\u00e1fico del Ej\u00e9rcito, Archivo Cartogr\u00e1fico y de Estudios Geogr\u00e1ficos.- [Madrid] : Ministerio de Defensa, Secretar\u00eda General T\u00e9cnica, D.L. 2004, xix, 611 p. : il. col., map. ; 25 x 25 cm<\/p>\n<p class=\"bodytext\"><strong>Chueca Pazos, Manuel<\/strong><span class=\"Apple-converted-space\">\u00a0<\/span><em>, Ingenier\u00eda cartogr\u00e1fica en la Comunidad Valenciana. &#8211; Universidad Polit\u00e9cnica e Instituto Cartogr\u00e1fico : su peque\u00f1a historia<span class=\"Apple-converted-space\">\u00a0<\/span><\/em>; Manuel Chueca Pazos, Jos\u00e9 Luis Bern\u00e9; Valero, Francisco Garc\u00eda Garc\u00eda. &#8211; Valencia : Editorial UPV, 2003, : 87 p. : il. ; 22 cm. ISBN: 84-9705-316-8<\/p>\n<p class=\"bodytext\"><em>Entre la tierra y el cielo<span class=\"Apple-converted-space\">\u00a0<\/span><\/em>[Sistema v\u00eddeo].- Barcelona : Planeta, cop. 2003, 1 disc \u00f2ptic [DVD] 60 min. : col. (Pal) : Los Grandes descubrimientos. Evoluci\u00f3n de los inventos ; 1 Cont\u00e9: Cartograf\u00eda.- Observatorios Versi\u00f3 en castell\u00e0, catal\u00e0, basc i gallec<\/p>\n<p class=\"bodytext\"><strong>Eslava Gal\u00e1n, Juan<\/strong>,<span class=\"Apple-converted-space\">\u00a0<\/span><em>El enigma de Col\u00f3n y los descubrimientos de Am\u00e9rica<\/em>.- Barcelona : Planeta, 2004.- 247 p. ; 18 cm<\/p>\n<p class=\"bodytext\"><strong>Franco Aliaga, Tom\u00e1s<\/strong>,<span class=\"Apple-converted-space\">\u00a0<\/span><em>Viajar a trav\u00e9s de la cartograf\u00eda<span class=\"Apple-converted-space\">\u00a0<\/span><\/em>.- Madrid : UNED, 2001.- 143 p. : il. col. y n., mapas ; 24 cm .<\/p>\n<p class=\"bodytext\"><strong>Garc\u00eda-Romeral, Carlos<\/strong>,<span class=\"Apple-converted-space\">\u00a0<\/span><em>Diccionario de viajeros espa\u00f1oles : desde la Edad Media a 1970<span class=\"Apple-converted-space\">\u00a0<\/span><\/em>.- Madrid : Ollero y Ramos, [2004].- 475 p. ; 30 cm<\/p>\n<p class=\"bodytext\"><strong>Gil Albarrac\u00edn, Antonio<\/strong>,<span class=\"Apple-converted-space\">\u00a0<\/span><em>Documentos sobre la defensa de la costa del Reino de Granada (1497-1857<span class=\"Apple-converted-space\">\u00a0<\/span><\/em>) \/; pr\u00f3logo de Horacio Capel S\u00e1ez .- Almer\u00eda ; Barcelona : G.B.G., 2004.- 1274 p. : il., mapas ; 25 cm + fe de erratas<\/p>\n<p class=\"bodytext\"><strong>Ginard Bujosa, Antoni<span class=\"Apple-converted-space\">\u00a0<\/span><em>La cartografia mallorquina a Mallorca<span class=\"Apple-converted-space\">\u00a0<\/span><\/em><\/strong>\/; [presentaci\u00f3 de Maria Ant\u00f2nia Munar Riutort].- Palma de Mallorca : Ola\u00f1eta, [2002].- 131 p. : il., mapas col. ; 35 cm<\/p>\n<p class=\"bodytext\"><strong>Gonz\u00e1lez, Francisco Jos\u00e9<\/strong>; Mart\u00edn-Mer\u00e1s, Luisa et al.,<span class=\"Apple-converted-space\">\u00a0<\/span><em>La Direcci\u00f3n de Trabajos Hidrogr\u00e1ficos (1797-1908)<span class=\"Apple-converted-space\">\u00a0<\/span><\/em>\/ edici\u00f3n y coordinaci\u00f3n, Luisa Mart\u00edn-Mer\u00e1s ; autores, , , Jos\u00e9 Mar\u00eda Cano Trigo.- [Madrid] : Ministerio de Defensa, Secretar\u00eda General T\u00e9cnica, [2003].- 2 v. : il., mapas ; 30 cm<\/p>\n<p class=\"bodytext\"><strong>Hurtado Garc\u00eda, Jos\u00e9 Antonio<\/strong>,<span class=\"Apple-converted-space\">\u00a0<\/span><em>El error de Col\u00f3n<span class=\"Apple-converted-space\">\u00a0<\/span><\/em>[Recurso electr\u00f3nico] \/.- [Santa Cruz de Tenerife (Santa Rosal\u00eda, 37, 38002, Santa Cruz de Tenerife) : J.A. Hurtado, 2002].- 1 disco (CD-ROM) : col. ; 12 cm<\/p>\n<p class=\"bodytext\"><em>Im\u00e1genes de un imperio perdido : el Atlas del Marqu\u00e9s de Heliche : plantas de diferentes plazas de Espa\u00f1a, Italia, Flandes y las Indias<span class=\"Apple-converted-space\">\u00a0<\/span><\/em>\/ [edici\u00f3n], Roc\u00edo S\u00e1nchez Rubio, Isabel Test\u00f3n N\u00fa\u00f1ez y Carlos M. S\u00e1nchez Rubio.- [M\u00e9rida] : Presidencia de la Junta de Extremadura, [2004] .- 140 p., [246] p. de l\u00e1m. : col. ; 31 x 43 cm<\/p>\n<p class=\"bodytext\">Laborda, Antonio,<span class=\"Apple-converted-space\">\u00a0<\/span><em>Descripciones de don Fernando Col\u00f3n, 1517-1523 : una visi\u00f3n de la Espa\u00f1a del Renacimiento<span class=\"Apple-converted-space\">\u00a0<\/span><\/em>\/.- Madrid : Instituto Nacional de Estad\u00edstica, 2002.- 208 p. : il., gr\u00e1f. ; 20 cm<\/p>\n<p class=\"bodytext\">Le\u00f3n Casas, Miguel \u00c1ngel,<span class=\"Apple-converted-space\">\u00a0<\/span><em>Las convenciones para la representaci\u00f3n del territorio en la cartograf\u00eda hist\u00f3rica<span class=\"Apple-converted-space\">\u00a0<\/span><\/em>.- Madrid : Eupalinos, [2001].- 213 p. : il., mapas ; 30 cm .<\/p>\n<p class=\"bodytext\">Le\u00f3n Casas, Miguel \u00c1ngel,<span class=\"Apple-converted-space\">\u00a0<\/span><em>Representaci\u00f3n cient\u00edfica del territorio en el siglo XIX<span class=\"Apple-converted-space\">\u00a0<\/span><\/em>\/ .- Madrid : Gonz\u00e1lez Yanci, M\u00aa Pilar, Cartograf\u00eda madrile\u00f1a y evoluci\u00f3n de la ciudad en el tiempo de Mesonero Romanos \/ .- Madrid: Imprenta Municipal, 2004, 55 p.: planos; 21 cm<\/p>\n<p class=\"bodytext\">Le\u00f3n Casas, Miguel \u00c1ngel,<span class=\"Apple-converted-space\">\u00a0<\/span><em>Desarrollo y evoluci\u00f3n de la representaci\u00f3n del territorio durante el siglo XVIII: de lo intuitivo a lo cient\u00edfico<span class=\"Apple-converted-space\">\u00a0<\/span><\/em>.- Madrid : Eupalinos, [2001].- X, 229 p. : il., mapas ; 30 cm .<\/p>\n<p class=\"bodytext\"><em>Las l\u00edneas del patrimonio hist\u00f3rico : planos topogr\u00e1ficos del siglo XIX de la provincia de Toledo<span class=\"Apple-converted-space\">\u00a0<\/span><\/em>[autores, Luis Bernardo Briones Toribio, Jes\u00fas Corroto Brice\u00f1o, Bienvenido Maquedano Carrasco] .- [Toledo] : Diputaci\u00f3n Provincial de Toledo, [2004]- v. &lt;1&gt; : il., planos ; 31 x 44 cm<\/p>\n<p class=\"bodytext\">Manso Porto, Carmen, &#8220;El Diccionario geogr\u00e1fico-hist\u00f3rico de Espa\u00f1a de la Real Academia de la Historia&#8221;. En Iura Vasconiae ,2, 2005, pp. 287-336.<\/p>\n<p class=\"bodytext\">Manso Porto, Carmen, &#8220;La colecci\u00f3n de dibujos y estampas&#8221;, en<span class=\"Apple-converted-space\">\u00a0<\/span><em>Tesoros de la Real Academia de la Historia<\/em>, Madrid, Real Academia de la Historia, Patrimonio Nacional, 2001, pp. 173-174.<\/p>\n<p class=\"bodytext\">Manso Porto, Carmen, La colecci\u00f3n de mapas y planos&#8221;, en<span class=\"Apple-converted-space\">\u00a0<\/span><em>Tesoros de la Real Academia de la Historia<\/em>, Madrid, Real Academia de la Historia, Patrimonio Nacional, 2001, pp. 161-168.<\/p>\n<p class=\"bodytext\">Manso Porto, Carmen, &#8220;La colecci\u00f3n de mapas y planos manuscritos de Espa\u00f1a y los atlas de Tom\u00e1s L\u00f3pez en la Biblioteca Nacional&#8221;,<span class=\"Apple-converted-space\">\u00a0<\/span><em>Bolet\u00edn de la Real Academia de la Historia<\/em>, t. CXCIX, 2002, pp. 105-116.<\/p>\n<p class=\"bodytext\">Manso Porto, Carmen, &#8220;Campomanes y la colecci\u00f3n cartogr\u00e1fica de la Real Academia de la Historia&#8221;,<span class=\"Apple-converted-space\">\u00a0<\/span><em>Campomanes y su Tiempo<\/em>, Madrid, Fundaci\u00f3n Santander Central Hispano, 2003, pp. 117-128.<\/p>\n<p class=\"bodytext\">Manso Porto, Carmen, &#8220;El interrogatorio de Tom\u00e1s L\u00f3pez: nueva hip\u00f3tesis sobre su finalidad&#8221;, en Homenaje a D. Antonio L\u00f3pez G\u00f3mez, en<span class=\"Apple-converted-space\">\u00a0<\/span><em>Historia, Clima y Paisaje. Estudios Geogr\u00e1ficos en memoria del profesor Antonio L\u00f3pez G\u00f3mez<\/em>, Universidad de Valencia, Universidad Aut\u00f3noma de Madrid y Universidad de Alicante, 2004, p\u00e1gs. 177-186.<\/p>\n<p class=\"bodytext\">Manso Porto, Carmen, &#8220;Tom\u00e1s L\u00f3pez en la Real Academia de la Historia&#8221;, en<span class=\"Apple-converted-space\">\u00a0<\/span><em>II Centenario de Tom\u00e1s L\u00f3pez Ge\u00f3grafo de S. M. Carlos III<\/em>.<span class=\"Apple-converted-space\">\u00a0<\/span><em>1802-2002<\/em>, Ciclo de Conferencias Conmemorativo, 11 de diciembre de 2002 al 26 de abril de 2003, Madrid, Amigos de la Cartograf\u00eda de Madrid, Fundaci\u00f3n Villa y Corte, 2004 (separata, p\u00e1gs. 1-47).<\/p>\n<p class=\"bodytext\">Manso Porto, Carmen, \u201cLa Cosmograf\u00eda di Tolomeo della Reale Accademia di Storia e la sua relazione con Cristoforo Colombo\u201d, en<span class=\"Apple-converted-space\">\u00a0<\/span><em>Cartografia e Storia Naturale del Nuovo Mondo. Manoscritti, Libri ed Incisioni tra Italia e Spagna nei secoli XV e XVIII,<span class=\"Apple-converted-space\">\u00a0<\/span><\/em>Giornata Nazionale per le ceelbrazioni di Cristoforo Colombo, 14 ottobre 2005 &#8211; 8 gennaio 2006, Fermo, Centro Congressi S. Martino, pp. 45-54.<\/p>\n<p class=\"bodytext\">Mart\u00edn L\u00f3pez, Jos\u00e9,<span class=\"Apple-converted-space\">\u00a0<\/span><em>Cart\u00f3grafos espa\u00f1oles<span class=\"Apple-converted-space\">\u00a0<\/span><\/em>\/.- Madrid: Centro Nacional de Informaci\u00f3n Geogr\u00e1fica, [2001].- 319 p.: il., mapas, planos; 27 x 22 cm<\/p>\n<p class=\"bodytext\">Mart\u00edn-Mer\u00e1s, Luisa, &#8221; Fabricando la imagen del mundo: Los trabajos cartogr\u00e1ficos de la Casa de la Contrataci\u00f3n &#8220;,<span class=\"Apple-converted-space\">\u00a0<\/span><em>Espa\u00f1a y Am\u00e9rica. Un oc\u00e9ano de negocios. Exposici\u00f3n con motivo del quinto centenario de la casa de la Contrataci\u00f3n 1503-2003<span class=\"Apple-converted-space\">\u00a0<\/span><\/em>. &#8211; Sevilla : Sociedad Estatal para las Conmemoraciones Culturales, 2003 pp. 89-102.<\/p>\n<p class=\"bodytext\">Mart\u00edn-Mer\u00e1s, Luisa , &#8220;La cartograf\u00eda del Mediterr\u00e1neo&#8221;,<span class=\"Apple-converted-space\">\u00a0<\/span><em>Boletin de la Sociedad Geogr\u00e1fica Espa\u00f1ola,<span class=\"Apple-converted-space\">\u00a0<\/span><\/em>N\u00ba 15 (2003) pp. 28-39.<\/p>\n<p class=\"bodytext\">Mart\u00edn-Mer\u00e1s, Luisa, &#8220;Las ense\u00f1anzas n\u00e1uticas en la Casa de la Contrataci\u00f3n de Sevilla&#8221;<span class=\"Apple-converted-space\">\u00a0<\/span><em>La Casa<span class=\"Apple-converted-space\">\u00a0<\/span><\/em><em>de la Contrataci\u00f3n y la navegaci\u00f3n entre Espa\u00f1a y las Indias<span class=\"Apple-converted-space\">\u00a0<\/span><\/em>.- Sevilla : Universidad de Sevilla, 2004, pp. 667-693.<\/p>\n<p class=\"bodytext\">Mart\u00edn-Mer\u00e1s, Luisa , &#8220;Cosme Damian de Churruca, cient\u00edfico: ilustraci\u00f3n versus adocenamiento&#8221; en<span class=\"Apple-converted-space\">\u00a0<\/span><em>Cosme Damian de Chrurruca<span class=\"Apple-converted-space\">\u00a0<\/span><\/em>, Luisa Mart\u00edn-Mer\u00e1s (coord), cat\u00e1logo de la exposici\u00f3n , Museo Naval Junio-noviembre 2005, pp. 21- 40.<\/p>\n<p class=\"bodytext\">Montaner i Garcia, M. Carme,<span class=\"Apple-converted-space\">\u00a0<\/span><em>Cartografia de la provincia de Barcelona, 1833-2000<span class=\"Apple-converted-space\">\u00a0<\/span><\/em>\/.- [Barcelona] : Diputaci\u00f3 de Barcelona, [2003].- 179 p. : il. col., mapas ; 29 cm<\/p>\n<p class=\"bodytext\">Muro, Jos\u00e9 Ignacio; Luis Urteaga et al., &#8220;Los trabajos cartogr\u00e1ficos y catastrales de Lloren\u00e7 Presas i Puig (1811-1875)&#8221;,<span class=\"Apple-converted-space\">\u00a0<\/span><em>Treballs de la Societat Catalana de Geografia<span class=\"Apple-converted-space\">\u00a0<\/span><\/em>, Barcelona, 2004, n\u00ba 58, p\u00e1gs.23-42.<\/p>\n<p class=\"bodytext\">Nadal, Francesc; Urteaga, Luis, &#8220;The Topographic Map of Spain to Scale 1:50.000 (1875-1968): A Critical Summary&#8221;, en Diogo Ramada Curto, Angelo Cattaneo, Andr\u00e9 Ferrand De Almeida (eds.):<span class=\"Apple-converted-space\">\u00a0<\/span><em>La cartografia europea tra primo Renascimento e fine dell&#8217;Illuminismo<span class=\"Apple-converted-space\">\u00a0<\/span><\/em>, Florencia, L.S. Olshki Editore, 2003, p\u00e1gs. 265-273.<\/p>\n<p class=\"bodytext\">Nadal, Francesc; Urteaga, Luis et al. &#8220;Los mapas impresos durante la guerra civil (I): cartograf\u00eda republicana&#8221;,<span class=\"Apple-converted-space\">\u00a0<\/span><em>Estudios Geogr\u00e1ficos<span class=\"Apple-converted-space\">\u00a0<\/span><\/em>, Madrid, 2003, vol. LXIV, n\u00ba 251, p\u00e1gs. 305-374. &#8220;Los mapas impresos durante la guerra civil (II): cartograf\u00eda del Cuartel<span class=\"Apple-converted-space\">\u00a0<\/span><br \/>\nGeneral del General\u00edsimo&#8221;, Estudios Geogr\u00e1ficos, Madrid, 2003, vol. LXIV, n\u00ba<span class=\"Apple-converted-space\">\u00a0<\/span><br \/>\n253, p\u00e1gs. 655-683; &#8220;Cartografia parcel.l\u00e0ria i estad\u00edstica territorial a la prov\u00edncia de<span class=\"Apple-converted-space\">\u00a0<\/span><br \/>\nBarcelona (1845-1895)&#8221;, Revista de Geografia, Barcelona, segunda \u00e9poca, 2003,<span class=\"Apple-converted-space\">\u00a0<\/span><br \/>\nn\u00ba 2, p\u00e1gs. 37-60. Autores: Francesc Nadal; Jos\u00e9 Ignacio Muro; Luis Urteaga.<\/p>\n<p class=\"bodytext\">Nadal, Francesc; Urteaga, Luis et al. &#8220;Los planos urbanos de la Comisi\u00f3n de Marruecos (1882-1908)&#8221;,<span class=\"Apple-converted-space\">\u00a0<\/span><em>Er\u00eda. Revista cuatrimestral de geograf\u00eda,<\/em>Oviedo, 2004, n\u00ba 64-65, p\u00e1gs. 261-283.<br \/>\nAutores: Francesc Nadal; Jos\u00e9 Ignacio Muro; Luis Urteaga.<\/p>\n<p class=\"bodytext\">Nadal Piqu\u00e9, Francesc ; Muro Morales, Jos\u00e9 Ignacio ; Urteaga Gonz\u00e1lez, Luis. &#8220;Cartografia parcel.l\u00e0ria i estad\u00edstica territorial a la prov\u00edncia de Barcelona (1845-1895)&#8221;. En:<span class=\"Apple-converted-space\">\u00a0<\/span><em>Revista de geograf\u00eda<span class=\"Apple-converted-space\">\u00a0<\/span><\/em>, ISSN 0048-7708, N\u00ba 2 (2003), p. 37-60<\/p>\n<p class=\"bodytext\">Nadal Piqu\u00e9, Francesc ; Muro Morales, Jos\u00e9 Ignacio ; Urteaga Gonz\u00e1lez, Luis. &#8220;Los mapas impresos durante la guerra civil espa\u00f1ola (I) : cartograf\u00eda republicana&#8221;. En:<span class=\"Apple-converted-space\">\u00a0<\/span><em>Estudios geogr\u00e1ficos<span class=\"Apple-converted-space\">\u00a0<\/span><\/em>, ISSN 0014-1496, Vol. 64, N\u00ba 251 (2003), p. 305-334<\/p>\n<p class=\"bodytext\">Nadal Piqu\u00e9, Francesc ; Muro Morales, Jos\u00e9 Ignacio ; Urteaga Gonz\u00e1lez, Luis. &#8220;Los mapas impresos durante la guerra civil espa\u00f1ola (II) : cartograf\u00eda del Cuartel General del General\u00edsimo&#8221;. En:<span class=\"Apple-converted-space\">\u00a0<\/span><em>Estudios geogr\u00e1ficos<span class=\"Apple-converted-space\">\u00a0<\/span><\/em>, ISSN 0014-1496, Vol. 64, N\u00ba 253 (2003), p. 655-684<\/p>\n<p class=\"bodytext\">Nadal Piqu\u00e9, Francesc ; Muro Morales, Jos\u00e9 Ignacio ; Urteaga Gonz\u00e1lez, Luis. &#8220;Los planos urbanos de la Comisi\u00f3n de Marruecos (1882-1908)&#8221;. En:<em>Er\u00eda.<span class=\"Apple-converted-space\">\u00a0<\/span><\/em>ISSN 0211-0563, N\u00ba 64-65 (2004), p. 261-283<\/p>\n<p class=\"bodytext\">Nadal, Francesc; Urteaga, Luis et al, &#8220;La documentaci\u00f3n cartogr\u00e1fica de la Contribuci\u00f3n de inmuebles, cultivo y ganader\u00eda: el caso de la provincia de Barcelona (1845-1895)&#8221;,<span class=\"Apple-converted-space\">\u00a0<\/span><em>Bolet\u00edn de la Asociaci\u00f3n de Ge\u00f3grafos Espa\u00f1oles, Madrid, 2005, n\u00ba 40<span class=\"Apple-converted-space\">\u00a0<\/span><\/em>(aparecer\u00e1 en octubre<span class=\"Apple-converted-space\">\u00a0<\/span><br \/>\nde este a\u00f1o).<\/p>\n<p class=\"bodytext\"><em>La primera vuelta al mundo<span class=\"Apple-converted-space\">\u00a0<\/span><\/em>Juan Sebasti\u00e1n de Elcano &#8230; [et al.].- Madrid : Miraguano : Polifemo, [2003].- 327 p. : mapas, retr. ; 21 cm<\/p>\n<p class=\"bodytext\">Rossell\u00f3 i Verger, Vicen\u00e7 M. &#8220;Cartes portolanes i mestres de cartes de navegar : homenatge a Julio Guill\u00e9n Tato, militar i historiador&#8221;.<span class=\"Apple-converted-space\">\u00a0<\/span><em>Homenatge als nostres pobles i a la seua gent : primer cicle de confer\u00e8ncies al sud del Pa\u00eds Valenci\u00e0.<span class=\"Apple-converted-space\">\u00a0<\/span><\/em>2004<span class=\"Apple-converted-space\">\u00a0<\/span><em>.<span class=\"Apple-converted-space\">\u00a0<\/span><\/em>224 p. ISBN: 84-7283-723-8, p. 97-131.<\/p>\n<p class=\"bodytext\">Rossell\u00f3 i Verger, Vicen\u00e7 M. &#8220;La cartograf\u00eda tamb\u00e9 \u00e9s per a (fer) la guerra (El mapa orteli\u00e0 del Regne de Val\u00e8ncia. 1584)&#8221;. En:<span class=\"Apple-converted-space\">\u00a0<\/span><em>Cuadernos de geograf\u00eda<span class=\"Apple-converted-space\">\u00a0<\/span><\/em>, ISSN 0210-086X, N\u00ba 75, 2004, p. 43-52<\/p>\n<p class=\"bodytext\"><strong>Rossell\u00f3 Verger, Vicen\u00e7 M.<\/strong>, &#8220;El mapa del Maestrado Nuevo de Tom\u00e1s L\u00f3pez (1786)&#8221;.<span class=\"Apple-converted-space\">\u00a0<\/span><em>Historia, clima y paisaje : estudios geogr\u00e1ficos en memoria del profesor Antonio L\u00f3pez G\u00f3mez<span class=\"Apple-converted-space\">\u00a0<\/span><\/em>. 2004. ISBN 84-370-5864-3, p. 207-216<\/p>\n<p class=\"bodytext\"><strong>Rossell\u00f3 i Verger, Vicen\u00e7 M<\/strong>., &#8220;Tom\u00e0s V. Tosca y su entorno ilustrado en Valencia. Obra aut\u00f3grafa y atribuciones&#8221;. En:<span class=\"Apple-converted-space\">\u00a0<\/span><em>Er\u00eda<span class=\"Apple-converted-space\">\u00a0<\/span><\/em>, ISSN 0211-0563, N\u00ba 64-65, 2004, p. 159-176<\/p>\n<p class=\"bodytext\"><strong>Rossell\u00f3 i Verger, Vicen\u00e7 M.<\/strong>, &#8220;La topon\u00edmia urbana de la Valencia de 1704 seg\u00fan el plano de Tom\u00e1s Vicent Tosca&#8221;.<span class=\"Apple-converted-space\">\u00a0<\/span><em>El Plano de Valencia de Tom\u00e1s Vicente Tosca (1704).<span class=\"Apple-converted-space\">\u00a0<\/span><\/em>2003. 290 p. ISBN: 84-4823588-6, p. 131-158.<\/p>\n<p class=\"bodytext\"><strong>Scharfe, Wolfgang<\/strong>, <em>\u00abDeutsche Heereskarte von Spanien\u00bb. El Mapa de Espa\u00f1a a escala 1:50.000 del Estado Mayor del Ej\u00e9rcito alem\u00e1n (1940-1944)<\/em>. En :<span class=\"Apple-converted-space\">\u00a0<\/span><em>Treballs de la Societat Catalana de Geograf\u00eda<span class=\"Apple-converted-space\">\u00a0<\/span><\/em>. ISSN: 1133-2190. N\u00fam. 57 (2004), p. 111-138<\/p>\n<p class=\"bodytext\"><strong>Varela Marcos, Jes\u00fas; Le\u00f3n Guerrero; M\u00aa Montserrat<\/strong>, <em>Col\u00f3n, su tesis &#8220;pezonoidal&#8221; del globo terr\u00e1queo y el itinerario del tercer viaje : la fantas\u00eda del para\u00edso terrenal<span class=\"Apple-converted-space\">\u00a0<\/span><\/em>.- Valladolid : Seminario Iberoamericano de Descubrimientos y Cartograf\u00eda, U. Valladolid, 2002.- 118 p. : mapas ; 24 cm<\/p>\n<p class=\"bodytext\"><strong>Test\u00f3n N\u00fa\u00f1ez, Isabel; S\u00e1nchez Rubio, Carlos M\u00aa; S\u00e1nchez Rubio, Roc\u00edo,<\/strong> <em>Planos, guerra y frontera: la Raya luso-extreme\u00f1a en el Archivo Militar de Estocolmo = Mapas, guerra e fronteira: a Raia luso-extremenha no Arquivo Militar de Estocolmo<span class=\"Apple-converted-space\">\u00a0<\/span><\/em>[traducci\u00f3n, D&amp;D Traducciones].- M\u00e9rida : Gabinete de Iniciativas Transfronterizas, 2003.- 200 p. : planos ; 22 x 31 cm<\/p>\n<p class=\"bodytext\"><strong>Vilar, Mar\u00eda Jos\u00e9,<\/strong> <em>Ceuta en el siglo XIX : a trav\u00e9s de su cartograf\u00eda hist\u00f3rica y fuentes in\u00e9ditas : de presidio fortificado a ciudad abierta, portuaria y mercantil (1800-1912<span class=\"Apple-converted-space\">\u00a0<\/span><\/em>). [Murcia] : Universidad de Murcia, Servicio de Publicaciones, 2002. XIV, 379 p. : il., mapas, planos ; 24 cm<\/p>\n<p class=\"bodytext\"><strong>Vilar; Juan B; Vilar, Mar\u00eda Jos\u00e9<\/strong><span class=\"Apple-converted-space\">\u00a0<\/span><em>, L\u00edmites, fortificaciones y evoluci\u00f3n urbana de Ceuta (siglos XV-XX) en su cartograf\u00eda hist\u00f3rica y fuentes in\u00e9ditas<span class=\"Apple-converted-space\">\u00a0<\/span><\/em>. -[Ceuta] : Consejer\u00eda de Educaci\u00f3n y Cultura, Archivos y Museos, 2002, 573 p. : il. col. y n. ; 22 x 30 cm<\/p>\n<\/div><\/section>\n","protected":false},"excerpt":{"rendered":"","protected":false},"author":1,"featured_media":0,"parent":77,"menu_order":1,"comment_status":"closed","ping_status":"closed","template":"","meta":{"footnotes":""},"class_list":["post-79","page","type-page","status-publish","hentry"],"_links":{"self":[{"href":"https:\/\/old.sge.org\/ibercarto\/wp-json\/wp\/v2\/pages\/79","targetHints":{"allow":["GET"]}}],"collection":[{"href":"https:\/\/old.sge.org\/ibercarto\/wp-json\/wp\/v2\/pages"}],"about":[{"href":"https:\/\/old.sge.org\/ibercarto\/wp-json\/wp\/v2\/types\/page"}],"author":[{"embeddable":true,"href":"https:\/\/old.sge.org\/ibercarto\/wp-json\/wp\/v2\/users\/1"}],"replies":[{"embeddable":true,"href":"https:\/\/old.sge.org\/ibercarto\/wp-json\/wp\/v2\/comments?post=79"}],"version-history":[{"count":7,"href":"https:\/\/old.sge.org\/ibercarto\/wp-json\/wp\/v2\/pages\/79\/revisions"}],"predecessor-version":[{"id":1024,"href":"https:\/\/old.sge.org\/ibercarto\/wp-json\/wp\/v2\/pages\/79\/revisions\/1024"}],"up":[{"embeddable":true,"href":"https:\/\/old.sge.org\/ibercarto\/wp-json\/wp\/v2\/pages\/77"}],"wp:attachment":[{"href":"https:\/\/old.sge.org\/ibercarto\/wp-json\/wp\/v2\/media?parent=79"}],"curies":[{"name":"wp","href":"https:\/\/api.w.org\/{rel}","templated":true}]}}