{"id":54,"date":"2016-01-21T13:16:32","date_gmt":"2016-01-21T13:16:32","guid":{"rendered":"http:\/\/sge.org\/ibercarto\/?page_id=54"},"modified":"2016-01-21T13:16:32","modified_gmt":"2016-01-21T13:16:32","slug":"estatutos","status":"publish","type":"page","link":"https:\/\/old.sge.org\/ibercarto\/participantes-y-organizacion\/estatutos\/","title":{"rendered":"Estatutos"},"content":{"rendered":"<div id='av_section_1'  class='avia-section av-av_section-d18d8c2c81d10022ebd21ffa95322c35 main_color avia-section-default avia-no-shadow  avia-builder-el-0  avia-builder-el-no-sibling  avia-bg-style-scroll container_wrap sidebar_right'  ><div class='container av-section-cont-open' ><main  role=\"main\" itemprop=\"mainContentOfPage\"  class='template-page content  av-content-small alpha units'><div class='post-entry post-entry-type-page post-entry-54'><div class='entry-content-wrapper clearfix'>\n\n<style type=\"text\/css\" data-created_by=\"avia_inline_auto\" id=\"style-css-av-av_one_third-9497bbf8bff73ea4c6992cc17fa9ec36\">\n.flex_column.av-av_one_third-9497bbf8bff73ea4c6992cc17fa9ec36{\n-webkit-border-radius:0px 0px 0px 0px;\n-moz-border-radius:0px 0px 0px 0px;\nborder-radius:0px 0px 0px 0px;\npadding:0px 0px 0px 0px;\n}\n<\/style>\n<div class='flex_column av-av_one_third-9497bbf8bff73ea4c6992cc17fa9ec36 av_one_third  avia-builder-el-1  el_before_av_two_third  avia-builder-el-first  first flex_column_div av-zero-column-padding '     ><style type=\"text\/css\" data-created_by=\"avia_inline_auto\" id=\"style-css-av-av_image-a717ea06ab5f64a31d250a6c1673cf07\">\n.avia-image-container.av-av_image-a717ea06ab5f64a31d250a6c1673cf07 img.avia_image{\nbox-shadow:none;\n}\n.avia-image-container.av-av_image-a717ea06ab5f64a31d250a6c1673cf07 .av-image-caption-overlay-center{\ncolor:#ffffff;\n}\n<\/style>\n<div  class='avia-image-container av-av_image-a717ea06ab5f64a31d250a6c1673cf07 av-styling- avia-align-center  avia-builder-el-2  avia-builder-el-no-sibling '   itemprop=\"image\" itemscope=\"itemscope\" itemtype=\"https:\/\/schema.org\/ImageObject\" ><div class=\"avia-image-container-inner\"><div class=\"avia-image-overlay-wrap\"><img class='avia-img-lazy-loading-not- avia_image ' src='https:\/\/old.sge.org\/ibercarto\/wp-content\/uploads\/sites\/4\/2016\/01\/ee3464984d.jpg' alt='' title=''   itemprop=\"thumbnailUrl\"  \/><\/div><\/div><\/div><\/div>\n<style type=\"text\/css\" data-created_by=\"avia_inline_auto\" id=\"style-css-av-av_two_third-9c1d454dc06f7247226bc4e8f931daae\">\n.flex_column.av-av_two_third-9c1d454dc06f7247226bc4e8f931daae{\n-webkit-border-radius:0px 0px 0px 0px;\n-moz-border-radius:0px 0px 0px 0px;\nborder-radius:0px 0px 0px 0px;\npadding:0px 0px 0px 0px;\n}\n<\/style>\n<div class='flex_column av-av_two_third-9c1d454dc06f7247226bc4e8f931daae av_two_third  avia-builder-el-3  el_after_av_one_third  avia-builder-el-last  flex_column_div av-zero-column-padding '     ><section  class='av_textblock_section av-av_textblock-0366cc7376be6c9e82a3e9cc8987b64f'  itemscope=\"itemscope\" itemtype=\"https:\/\/schema.org\/CreativeWork\" ><div class='avia_textblock'  itemprop=\"text\" ><h3><strong>ESTATUTOS DE IBERCARTO<\/strong><\/h3>\n<p><strong>APROBADOS EN LA ASAMBLEA CELEBRADA EN EL VI CONGRESO DE IBERCARTO EN MADRID EL 24 DE OCTUBRE DE 2014.<\/strong><\/p>\n<ol>\n<li><strong> Naturaleza y fines de IBERCARTO<\/strong><\/li>\n<\/ol>\n<ul>\n<li>1.1 El Grupo de Trabajo de Cartotecas P\u00fablicas Hispano-Lusas, de ahora en adelante IBERCARTO, es un grupo de profesionales (no de centros o instituciones)\u00a0\u00a0sin \u00e1nimo de lucro que aspira a reunir a los profesionales que trabajan en el \u00e1mbito de las colecciones p\u00fablicas de mapas en Espa\u00f1a y Portugal, con el objetivo de formar un grupo t\u00e9cnico que permita un di\u00e1logo constante y un intercambio de conocimientos y experiencias en torno a la gesti\u00f3n (adquisici\u00f3n, conservaci\u00f3n, proceso t\u00e9cnico, difusi\u00f3n o cualquier otro trabajo) de todo tipo de fondos cartogr\u00e1ficos.<\/li>\n<\/ul>\n<ol start=\"2\">\n<li><strong> Socios de IBERCARTO<\/strong><\/li>\n<\/ol>\n<ul>\n<li>2.1 Podr\u00e1n formar parte como miembros de pleno derecho de IBERCARTO todos los profesionales que presten sus servicios en las cartotecas o secciones de cartograf\u00eda de instituciones de titularidad p\u00fablica de Espa\u00f1a y Portugal que lo deseen. La pertenencia es gratuita y no genera derechos ni obligaciones econ\u00f3micas para las personas ni para las instituciones.<\/li>\n<\/ul>\n<ul>\n<li>2.2 Los miembros de IBERCARTO que dejen de estar activos profesionalmente (jubilados), siempre que lo soliciten, pasar\u00e1n a denominarse miembros honor\u00edficos\/ membros honorios para que as\u00ed puedan seguir participando en las actividades del Grupo\u00a0\u00a0y contar\u00e1n con voz y voto en la asamblea. No podr\u00e1n ser elegidos como miembros de la Junta Directiva, excepto a t\u00edtulo de asesores para alg\u00fan asunto determinado, ni podr\u00e1n organizar los congresos.<\/li>\n<\/ul>\n<ul>\n<li>\u00a02.3 Podr\u00e1n, asimismo, pertenecer a IBERCARTO en la condici\u00f3n de simpatizantes las personas vinculadas profesionalmente o por estudios a los \u00e1mbitos de las bibliotecas y archivos y\/o a la producci\u00f3n e investigaci\u00f3n de la cartograf\u00eda. En este caso, podr\u00e1n recibir informaci\u00f3n sobre las actividades de IBERCARTO y contribuir a difundirlas, pero no tendr\u00e1n voz ni voto en las asambleas, ni podr\u00e1n ser elegidos como miembros de la Junta Directiva ni como organizadores de los congresos.<\/li>\n<\/ul>\n<ol start=\"3\">\n<li><strong> Estructura de IBERCARTO<\/strong><\/li>\n<\/ol>\n<ul>\n<li>3.1 IBERCARTO se estructura en dos \u00f3rganos colegiados: Asamblea y Junta Directiva, y dos cargos personales: Presidencia y Secretar\u00eda. Tambi\u00e9n se podr\u00e1n crear otras agrupaciones o secciones.<\/li>\n<\/ul>\n<ul>\n<li>3.2 La Asamblea de IBERCARTO est\u00e1 compuesta por todos los socios de pleno derecho de IBERCARTO y se re\u00fane una vez cada dos a\u00f1os, coincidiendo con la celebraci\u00f3n de los congresos. Sus competencias son la elecci\u00f3n de la Junta Directiva, Presidencia y Secretar\u00eda, la elecci\u00f3n del tema y lugar de celebraci\u00f3n de los congresos de IBERCARTO, la estructura cient\u00edfica de IBERCARTO a trav\u00e9s de grupos de trabajo tem\u00e1ticos o cualesquiera otros, la modificaci\u00f3n de los estatutos\u00a0y el debate y votaci\u00f3n de cualquier asunto relacionado con los fines y gesti\u00f3n de la asociaci\u00f3n.<\/li>\n<\/ul>\n<ul>\n<li>3.3 Las sesiones de la Asamblea se estructurar\u00e1n a trav\u00e9s de un orden del d\u00eda debatido y aprobado previamente por la Junta Directiva y difundido con antelaci\u00f3n a la celebraci\u00f3n de las mismas. Todos los socios de pleno derecho de IBERCARTO tendr\u00e1n voz y voto en las asambleas y las decisiones se tomar\u00e1n por mayor\u00eda simple.<\/li>\n<\/ul>\n<ul>\n<li>3.4 La Junta Directiva se elegir\u00e1 cada cuatro a\u00f1os\u00a0\u00a0por votaci\u00f3n de la Asamblea de entre los candidatos que se presenten, y se procurar\u00e1 que conste de un representante por cada uno de los siguientes grupos de cartotecas: Archivos, Bibliotecas, Cartotecas Universitarias, Centros productores de cartograf\u00eda,\u00a0\u00a0otros Centros integrados en la asociaci\u00f3n. Se procurar\u00e1 tambi\u00e9n que haya paridad de representaci\u00f3n entre miembros espa\u00f1oles y portugueses. Ser\u00e1 adem\u00e1s miembro autom\u00e1tico de la Junta la persona representante de la instituci\u00f3n donde vaya a celebrarse el siguiente congreso de IBERCARTO, por lo tanto esta persona ser\u00e1 renovada autom\u00e1ticamente cada dos a\u00f1os.<\/li>\n<\/ul>\n<p>No obstante, no podr\u00e1n cesar todos los miembros de la Junta Directiva de manera simult\u00e1nea. La renovaci\u00f3n de los mismos se har\u00e1 paulatinamente de manera parcial seg\u00fan se considere m\u00e1s operativo para el funcionamiento de la Junta.<\/p>\n<p>En el caso del vocal representante de Portugal, renovar\u00e1 el cargo autom\u00e1ticamente si no hubiera sustituto\/a.<\/p>\n<ul>\n<li>3.5 Cualquier miembro de pleno derecho de IBERCARTO (excepto el personal jubilado), podr\u00e1 presentarse como candidato a la Junta Directiva, excepto la persona que represente a la instituci\u00f3n organizadora del congreso, que pertenece a la Junta de manera autom\u00e1tica. Asimismo, no podr\u00e1 haber m\u00e1s de una persona de la misma instituci\u00f3n en la Junta Directiva.<\/li>\n<\/ul>\n<ul>\n<li>3.6 Las funciones de la Junta Directiva ser\u00e1n las de prestar asesoramiento y apoyo a la organizaci\u00f3n de cada congreso y la toma de decisiones colegiadas entre asambleas sobre los asuntos de gesti\u00f3n ordinaria de IBERCARTO, la discusi\u00f3n y aprobaci\u00f3n del orden del d\u00eda de la Asamblea a propuesta de la Presidencia, constituirse en comit\u00e9 cient\u00edfico de los congresos, as\u00ed como cualesquiera otras sobre asuntos sobrevenidos que no permitan demora. Sus decisiones se tomar\u00e1n por mayor\u00eda simple. En caso de empate, la Presidencia tendr\u00e1 voto de calidad.<\/li>\n<\/ul>\n<ul>\n<li>3.7 La Presidencia la asumir\u00e1\u00a0\u00a0una persona elegida entre los miembros de la Junta Directiva, y tendr\u00e1 una duraci\u00f3n de cuatro a\u00f1os. Sus funciones son las de ostentar la representaci\u00f3n oficial del grupo, la proposici\u00f3n de temas a tratar por la Junta Directiva y la direcci\u00f3n de sus debates, la presentaci\u00f3n a la Junta Directiva del borrador del orden del d\u00eda de las Asambleas para su discusi\u00f3n y aprobaci\u00f3n, dar la bienvenida a los nuevos miembros de IBERCARTO y la felicitaci\u00f3n por los servicios prestados al personal que se jubile, la presidencia de los congresos de IBERCARTO y la moderaci\u00f3n de los debates de la Asamblea, as\u00ed como cualquiera otra que le confiera la Asamblea o la Junta Directiva.<\/li>\n<\/ul>\n<ul>\n<li>3.8 La Secretar\u00eda la asumir\u00e1 una persona elegida entre los miembros de la Junta Directiva, y tendr\u00e1 una duraci\u00f3n de cuatro a\u00f1os. Sus funciones son las de asegurar la comunicaci\u00f3n entre todos los miembros de IBERCARTO por medio del mantenimiento y la gesti\u00f3n de una lista de correo electr\u00f3nico, el mantenimiento de la p\u00e1gina web de la asociaci\u00f3n, el levantamiento de actas de las Asambleas o posibles reuniones de la Junta Directiva y la comunicaci\u00f3n a todos los socios de los temas tratados en esta, as\u00ed como la difusi\u00f3n de las actas correspondientes y cualquiera otra que le confiera la Asamblea o la Junta Directiva.<\/li>\n<\/ul>\n<ul>\n<li>3.9 Todos los miembros de la Junta Directiva, as\u00ed como la Presidencia y la Secretar\u00eda podr\u00e1n presentarse a la reelecci\u00f3n de sus cargos una sola vez (hasta un total de ocho a\u00f1os seguidos). Despu\u00e9s, para volver a presentarse habr\u00e1n de pasar cuatro a\u00f1os como m\u00ednimo.<\/li>\n<\/ul>\n<ul>\n<li>3.10 Si las personas que ostentan la Presidencia o la Secretar\u00eda por alguna causa tuvieran que dejar sus cargos, la Junta proceder\u00e1 a su sustituci\u00f3n por otra persona elegida de entre sus miembros hasta la siguiente Asamblea. Si la baja fuera de un componente de la Junta, \u00e9sta desarrollar\u00e1 sus funciones con las personas que queden hasta la celebraci\u00f3n de la siguiente Asamblea.<\/li>\n<\/ul>\n<ul>\n<li>3.11 Otras agrupaciones: secciones de trabajo . La Asamblea podr\u00e1 debatir y constituir secciones de trabajo especializadas para preparar recomendaciones t\u00e9cnicas sobre temas profesionales o para elaborar comunicaciones para los congresos. La composici\u00f3n, tem\u00e1tica y duraci\u00f3n de estas secciones de trabajo ser\u00e1n los que determine la Asamblea.<\/li>\n<\/ul>\n<ol start=\"4\">\n<li><strong> Organizaci\u00f3n y celebraci\u00f3n de Congresos<\/strong><\/li>\n<\/ol>\n<ul>\n<li>4.1 Los congresos de IBERCARTO son la expresi\u00f3n de la labor cient\u00edfica y profesional del grupo. Se celebrar\u00e1n cada dos a\u00f1os en una de las instituciones p\u00fablicas espa\u00f1olas o portuguesas que tengan personal como miembros de pleno derecho de la asociaci\u00f3n. La sede y el tema de cada congreso ser\u00e1 elegida por la Asamblea en el congreso anterior.<\/li>\n<\/ul>\n<ul>\n<li>4.2 La tem\u00e1tica de los congresos estar\u00e1 siempre relacionada con alg\u00fan \u00e1mbito de la gesti\u00f3n de las colecciones cartogr\u00e1ficas (selecci\u00f3n, adquisici\u00f3n, procesos t\u00e9cnicos en sentido amplio, difusi\u00f3n, digitalizaci\u00f3n u otra materia).<\/li>\n<\/ul>\n<ul>\n<li>4.3 Cualquier persona, aunque no sea miembro de IBERCARTO, podr\u00e1 presentar comunicaciones a los congresos, foment\u00e1ndose la participaci\u00f3n entre los colectivos de profesionales relacionados de cualquier forma con la cartograf\u00eda, pero tendr\u00e1n preferencia aquellos trabajos que traten espec\u00edficamente sobre temas de gesti\u00f3n de las colecciones cartogr\u00e1ficas mencionados en el art\u00edculo anterior sobre otras tem\u00e1ticas (historia de la cartograf\u00eda, nuevos productos, etc.), aunque siempre que sea posible, se incluir\u00e1n trabajos sobre estas tem\u00e1ticas que por su inter\u00e9s general puedan aportar informaci\u00f3n \u00fatil para la gesti\u00f3n de las cartotecas. Corresponder\u00e1 a la Junta Directiva, constituida en estos casos en comit\u00e9 cient\u00edfico del congreso, evaluar los trabajos que se presenten a cada congreso y aceptarlos o rechazarlos.<\/li>\n<\/ul>\n<ul>\n<li>4.4 La organizaci\u00f3n de los congresos correr\u00e1 a cargo de la instituci\u00f3n que sea elegida como sede a trav\u00e9s de la persona que la represente. \u00c9sta contar\u00e1 con la ayuda y colaboraci\u00f3n de la Junta Directiva y de la organizaci\u00f3n del congreso anterior para llevarla a buen fin. Siempre que sea posible, la Junta Directiva realizar\u00e1 una reuni\u00f3n en la sede del congreso con la antelaci\u00f3n suficiente antes de su realizaci\u00f3n para evaluar e impulsar los trabajos previos .<\/li>\n<\/ul>\n<ul>\n<li>4.5 La instituci\u00f3n organizadora se compromete a proporcionar una sede para la celebraci\u00f3n del congreso, la creaci\u00f3n de la p\u00e1gina web del mismo, que deber\u00e1 estar en espa\u00f1ol y portugu\u00e9s, as\u00ed como a la gesti\u00f3n administrativa de las inscripciones. Tambi\u00e9n se ocupar\u00e1 de la elaboraci\u00f3n del calendario del congreso y de la informaci\u00f3n sobre alojamientos y otras noticias que sean de inter\u00e9s para los congresistas.\u00a0Siempre que sea posible, se recomienda que la inscripci\u00f3n sea gratuita para los socios, quedando a discreci\u00f3n de la instituci\u00f3n organizadora el cobro de tasas a las personas no socias de IBERCARTO. Tambi\u00e9n correr\u00e1 a cargo de la instituci\u00f3n organizadora la publicidad del evento en su \u00e1mbito geogr\u00e1fico, local o regional, sin perjuicio de la difusi\u00f3n que puedan darle otros miembros de IBERCARTO u otras instancias.<\/li>\n<\/ul>\n<\/div><\/section><\/div><\/div><\/div><\/main><!-- close content main element --><\/div><\/div><div id='after_section_1'  class='main_color av_default_container_wrap container_wrap sidebar_right'  ><div class='container av-section-cont-open' ><div class='template-page content  av-content-small alpha units'><div class='post-entry post-entry-type-page post-entry-54'><div class='entry-content-wrapper clearfix'>\n","protected":false},"excerpt":{"rendered":"","protected":false},"author":1,"featured_media":0,"parent":42,"menu_order":2,"comment_status":"closed","ping_status":"closed","template":"","meta":{"footnotes":""},"class_list":["post-54","page","type-page","status-publish","hentry"],"_links":{"self":[{"href":"https:\/\/old.sge.org\/ibercarto\/wp-json\/wp\/v2\/pages\/54","targetHints":{"allow":["GET"]}}],"collection":[{"href":"https:\/\/old.sge.org\/ibercarto\/wp-json\/wp\/v2\/pages"}],"about":[{"href":"https:\/\/old.sge.org\/ibercarto\/wp-json\/wp\/v2\/types\/page"}],"author":[{"embeddable":true,"href":"https:\/\/old.sge.org\/ibercarto\/wp-json\/wp\/v2\/users\/1"}],"replies":[{"embeddable":true,"href":"https:\/\/old.sge.org\/ibercarto\/wp-json\/wp\/v2\/comments?post=54"}],"version-history":[{"count":1,"href":"https:\/\/old.sge.org\/ibercarto\/wp-json\/wp\/v2\/pages\/54\/revisions"}],"predecessor-version":[{"id":55,"href":"https:\/\/old.sge.org\/ibercarto\/wp-json\/wp\/v2\/pages\/54\/revisions\/55"}],"up":[{"embeddable":true,"href":"https:\/\/old.sge.org\/ibercarto\/wp-json\/wp\/v2\/pages\/42"}],"wp:attachment":[{"href":"https:\/\/old.sge.org\/ibercarto\/wp-json\/wp\/v2\/media?parent=54"}],"curies":[{"name":"wp","href":"https:\/\/api.w.org\/{rel}","templated":true}]}}