{"id":49,"date":"2016-01-21T13:12:14","date_gmt":"2016-01-21T13:12:14","guid":{"rendered":"http:\/\/sge.org\/ibercarto\/?page_id=49"},"modified":"2016-11-17T11:06:26","modified_gmt":"2016-11-17T10:06:26","slug":"comite-de-direccion-2012-2014","status":"publish","type":"page","link":"https:\/\/old.sge.org\/ibercarto\/participantes-y-organizacion\/comite-de-direccion-2014-2016\/comite-de-direccion-2012-2014\/","title":{"rendered":"Comit\u00e9 de direcci\u00f3n 2014-2016"},"content":{"rendered":"<div id='av_section_1'  class='avia-section av-av_section-d18d8c2c81d10022ebd21ffa95322c35 main_color avia-section-default avia-no-shadow  avia-builder-el-0  avia-builder-el-no-sibling  avia-bg-style-scroll container_wrap sidebar_right'  ><div class='container av-section-cont-open' ><main  role=\"main\" itemprop=\"mainContentOfPage\"  class='template-page content  av-content-small alpha units'><div class='post-entry post-entry-type-page post-entry-49'><div class='entry-content-wrapper clearfix'>\n<section  class='av_textblock_section av-av_textblock-0366cc7376be6c9e82a3e9cc8987b64f'  itemscope=\"itemscope\" itemtype=\"https:\/\/schema.org\/CreativeWork\" ><div class='avia_textblock'  itemprop=\"text\" ><h2>COMIT\u00c9 DE DIRECCI\u00d3N 2014-2016<\/h2>\n<h3>\u00b7\u00a0\u00a0\u00a0\u00a0\u00a0\u00a0\u00a0\u00a0 PRESIDENTA<\/h3>\n<ul>\n<ul>\n<li><strong>Carmen Manso Porto<\/strong>\u00a0(Real Academia de la Historia)<a href=\"mailto:carmen_manso@rah.es\"><br \/>\ncarmen_manso@rah.es<\/a><\/li>\n<\/ul>\n<\/ul>\n<h3>\u00b7\u00a0\u00a0\u00a0\u00a0\u00a0\u00a0\u00a0\u00a0 SECRETARIO<\/h3>\n<ul>\n<ul>\n<li><strong>Jos\u00e9 Rueda Murria<\/strong>\u00a0(Universitat de Val\u00e8ncia)<a href=\"mailto:cartoteca@uv.es\"><br \/>\ncartoteca@uv.es<\/a><a href=\"mailto:carmen_manso@rah.es\"><br \/>\n<\/a><\/li>\n<\/ul>\n<\/ul>\n<h3>\u00b7\u00a0\u00a0\u00a0\u00a0\u00a0\u00a0\u00a0\u00a0 VOCALES<\/h3>\n<ul>\n<ul>\n<li><strong>Mar\u00eda Joaquina Esteves Feij\u00e2o<\/strong>\u00a0(Biblioteca Nacional de Portugal)<a href=\"mailto:mfeijao@bn.pt\"><br \/>\nmfeijao@bn.pt<\/a><\/li>\n<li><strong>Jos\u00e9 Mar\u00eda Moreno Mart\u00edn<\/strong>\u00a0(Archivo del Museo Naval)<br \/>\n<a href=\"mailto:jmormar@fn.mde.es\">jmormar@fn.mde.es<\/a><\/li>\n<li><strong>Ana Santamar\u00eda Guti\u00e9rrez<\/strong>\u00a0(Universidad de Cantabria)<br \/>\n<a href=\"mailto:ana.santamaria@unican.es\">ana.santamaria@unican.es<\/a><\/li>\n<li><strong>Carme Montaner<\/strong>\u00a0(Institut Cartogr\u00e0fic de Catalunya)<br \/>\n<a href=\"mailto:carme.montaner@icc.cat\">carme.montaner@icgc.cat<\/a><\/li>\n<li><strong>Carmen Garc\u00eda Calatayud<\/strong>\u00a0(Biblioteca Nacional de Espa\u00f1a)<br \/>\n<a href=\"mailto:carmen.garcia@bne.es\">carmen.garcia@bne.es<\/a><\/li>\n<li><strong>Francisco D\u00e1vila Mart\u00ednez<\/strong>\u00a0(Instituto Geogr\u00e1fico Nacional)<br \/>\n<a href=\"mailto:fjdavila@fomento.es\">fjdavila@fomento.es<\/a><\/li>\n<\/ul>\n<\/ul>\n<p><a href=\"https:\/\/old.sge.org\/ibercarto\/participantes-y-organizacion\/comite-de-direccion-2014-2016\/\">Directiva actual<\/a><\/p>\n<\/div><\/section>\n<\/div><\/div><\/main><!-- close content main element --><\/div><\/div><div id='after_section_1'  class='main_color av_default_container_wrap container_wrap sidebar_right'  ><div class='container av-section-cont-open' ><div class='template-page content  av-content-small alpha units'><div class='post-entry post-entry-type-page post-entry-49'><div class='entry-content-wrapper clearfix'>\n","protected":false},"excerpt":{"rendered":"","protected":false},"author":1,"featured_media":0,"parent":47,"menu_order":1,"comment_status":"closed","ping_status":"closed","template":"","meta":{"footnotes":""},"class_list":["post-49","page","type-page","status-publish","hentry"],"_links":{"self":[{"href":"https:\/\/old.sge.org\/ibercarto\/wp-json\/wp\/v2\/pages\/49","targetHints":{"allow":["GET"]}}],"collection":[{"href":"https:\/\/old.sge.org\/ibercarto\/wp-json\/wp\/v2\/pages"}],"about":[{"href":"https:\/\/old.sge.org\/ibercarto\/wp-json\/wp\/v2\/types\/page"}],"author":[{"embeddable":true,"href":"https:\/\/old.sge.org\/ibercarto\/wp-json\/wp\/v2\/users\/1"}],"replies":[{"embeddable":true,"href":"https:\/\/old.sge.org\/ibercarto\/wp-json\/wp\/v2\/comments?post=49"}],"version-history":[{"count":7,"href":"https:\/\/old.sge.org\/ibercarto\/wp-json\/wp\/v2\/pages\/49\/revisions"}],"predecessor-version":[{"id":506,"href":"https:\/\/old.sge.org\/ibercarto\/wp-json\/wp\/v2\/pages\/49\/revisions\/506"}],"up":[{"embeddable":true,"href":"https:\/\/old.sge.org\/ibercarto\/wp-json\/wp\/v2\/pages\/47"}],"wp:attachment":[{"href":"https:\/\/old.sge.org\/ibercarto\/wp-json\/wp\/v2\/media?parent=49"}],"curies":[{"name":"wp","href":"https:\/\/api.w.org\/{rel}","templated":true}]}}