{"id":47,"date":"2016-01-21T13:11:16","date_gmt":"2016-01-21T13:11:16","guid":{"rendered":"http:\/\/sge.org\/ibercarto\/?page_id=47"},"modified":"2018-08-07T09:34:09","modified_gmt":"2018-08-07T07:34:09","slug":"comite-de-direccion-2014-2016","status":"publish","type":"page","link":"https:\/\/old.sge.org\/ibercarto\/participantes-y-organizacion\/comite-de-direccion-2014-2016\/","title":{"rendered":"Comit\u00e9 de direcci\u00f3n 2016-2018"},"content":{"rendered":"<div id='av_section_1'  class='avia-section av-av_section-d18d8c2c81d10022ebd21ffa95322c35 main_color avia-section-default avia-no-shadow  avia-builder-el-0  avia-builder-el-no-sibling  avia-bg-style-scroll container_wrap sidebar_right'  ><div class='container av-section-cont-open' ><main  role=\"main\" itemprop=\"mainContentOfPage\"  class='template-page content  av-content-small alpha units'><div class='post-entry post-entry-type-page post-entry-47'><div class='entry-content-wrapper clearfix'>\n<section  class='av_textblock_section av-av_textblock-0366cc7376be6c9e82a3e9cc8987b64f'  itemscope=\"itemscope\" itemtype=\"https:\/\/schema.org\/CreativeWork\" ><div class='avia_textblock'  itemprop=\"text\" ><h2>COMIT\u00c9 DE DIRECCI\u00d3N 2016-2018<\/h2>\n<h3>\u00b7\u00a0\u00a0\u00a0\u00a0\u00a0\u00a0\u00a0\u00a0 PRESIDENTA<\/h3>\n<ul>\n<li style=\"list-style-type: none\">\n<ul>\n<li><strong>Carmen Montaner Garc\u00eda<\/strong>\u00a0(Institut Cartografic i Geol\u00f2gic de Catalunya)<br \/>\n<a href=\"mailto:carme.montaner@icgc.cat\">carme.montaner@icgc.cat<\/a><\/li>\n<\/ul>\n<\/li>\n<\/ul>\n<h3>\u00b7\u00a0\u00a0\u00a0\u00a0\u00a0\u00a0\u00a0\u00a0 SECRETARIA<\/h3>\n<ul>\n<li style=\"list-style-type: none\">\n<ul>\n<li><strong>\u00c1ngela del Carmen Ruiz Ram\u00edrez (Instituto Geogr\u00e1fico Nacional)<\/strong><u><br \/>\n<\/u><a href=\"mailto:ibercarto@fomento.es\">ibercarto@fomento.es<\/a><a href=\"mailto:carmen_manso@rah.es\"><br \/>\n<\/a><\/li>\n<\/ul>\n<\/li>\n<\/ul>\n<h3>\u00b7\u00a0\u00a0\u00a0\u00a0\u00a0\u00a0\u00a0\u00a0 VOCALES<\/h3>\n<ul>\n<li style=\"list-style-type: none\">\n<ul>\n<li><strong>Mar\u00eda Joaquina Esteves Feij\u00e2o<\/strong>\u00a0(Biblioteca Nacional de Portugal)<a href=\"mailto:mfeijao@bn.pt\"><br \/>\nmfeijao@bn.pt<\/a><\/li>\n<li><strong>Jos\u00e9 Mar\u00eda Moreno Mart\u00edn<\/strong>\u00a0(Museo Naval)<a href=\"jmormar@fn.mde.es\"><br \/>\njmormar@fn.mde.es<\/a><\/li>\n<li><strong>Marta Gil Ma\u00f1\u00e1<\/strong>\u00a0(Universitat Aut\u00f3noma de Barcelona)<br \/>\n<a href=\"mailto:cartoteca@uab.cat\">cartoteca@uab.cat<\/a><\/li>\n<li><strong>Carmen Garc\u00eda Calatayud<\/strong>\u00a0(Biblioteca Nacional de Espa\u00f1a)<br \/>\n<a href=\"mailto:carmen.garcia@bne.es\">carmen.garcia@bne.es<\/a><\/li>\n<li><strong>Judith S\u00e1nchez Gonz\u00e1lez<\/strong>\u00a0(Instituto Geogr\u00e1fico Nacional)<br \/>\n<a href=\"mailto:jsgonzalez@fomento.es\">jsgonzalez@fomento.es<\/a><\/li>\n<li><strong>Isabel S\u00e1<\/strong> (Universidade do Porto)<br \/>\n<a href=\"mailto:isabel.sa@fc.up.pt\">isabel.sa@fc.up.pt<\/a><\/li>\n<\/ul>\n<\/li>\n<\/ul>\n<p><a href=\"https:\/\/old.sge.org\/ibercarto\/participantes-y-organizacion\/comite-de-direccion-2014-2016\/comite-de-direccion-2012-2014\/\">Directiva anterior<\/a><\/p>\n<\/div><\/section>\n<\/div><\/div><\/main><!-- close content main element --><\/div><\/div><div id='after_section_1'  class='main_color av_default_container_wrap container_wrap sidebar_right'  ><div class='container av-section-cont-open' ><div class='template-page content  av-content-small alpha units'><div class='post-entry post-entry-type-page post-entry-47'><div class='entry-content-wrapper clearfix'>\n","protected":false},"excerpt":{"rendered":"","protected":false},"author":1,"featured_media":0,"parent":42,"menu_order":1,"comment_status":"closed","ping_status":"closed","template":"","meta":{"footnotes":""},"class_list":["post-47","page","type-page","status-publish","hentry"],"_links":{"self":[{"href":"https:\/\/old.sge.org\/ibercarto\/wp-json\/wp\/v2\/pages\/47","targetHints":{"allow":["GET"]}}],"collection":[{"href":"https:\/\/old.sge.org\/ibercarto\/wp-json\/wp\/v2\/pages"}],"about":[{"href":"https:\/\/old.sge.org\/ibercarto\/wp-json\/wp\/v2\/types\/page"}],"author":[{"embeddable":true,"href":"https:\/\/old.sge.org\/ibercarto\/wp-json\/wp\/v2\/users\/1"}],"replies":[{"embeddable":true,"href":"https:\/\/old.sge.org\/ibercarto\/wp-json\/wp\/v2\/comments?post=47"}],"version-history":[{"count":9,"href":"https:\/\/old.sge.org\/ibercarto\/wp-json\/wp\/v2\/pages\/47\/revisions"}],"predecessor-version":[{"id":743,"href":"https:\/\/old.sge.org\/ibercarto\/wp-json\/wp\/v2\/pages\/47\/revisions\/743"}],"up":[{"embeddable":true,"href":"https:\/\/old.sge.org\/ibercarto\/wp-json\/wp\/v2\/pages\/42"}],"wp:attachment":[{"href":"https:\/\/old.sge.org\/ibercarto\/wp-json\/wp\/v2\/media?parent=47"}],"curies":[{"name":"wp","href":"https:\/\/api.w.org\/{rel}","templated":true}]}}