{"id":198,"date":"2016-01-28T18:53:33","date_gmt":"2016-01-28T17:53:33","guid":{"rendered":"http:\/\/sge.org\/ibercarto\/?page_id=198"},"modified":"2018-08-06T15:09:50","modified_gmt":"2018-08-06T13:09:50","slug":"universidad-politecnica-de-valencia-fundacion-gimenez-lorente","status":"publish","type":"page","link":"https:\/\/old.sge.org\/ibercarto\/cartotecas-digitales\/universidad-politecnica-de-valencia-fundacion-gimenez-lorente\/","title":{"rendered":"Universidad Polit\u00e9cnica de Valencia. Fundaci\u00f3n Gim\u00e9nez Lorente"},"content":{"rendered":"\n<style type=\"text\/css\" data-created_by=\"avia_inline_auto\" id=\"style-css-av-av_image-5531d56ddf6a25b89739004b0572bc31\">\n.avia-image-container.av-av_image-5531d56ddf6a25b89739004b0572bc31 img.avia_image{\nbox-shadow:none;\n}\n.avia-image-container.av-av_image-5531d56ddf6a25b89739004b0572bc31 .av-image-caption-overlay-center{\ncolor:#ffffff;\n}\n<\/style>\n<div  class='avia-image-container av-av_image-5531d56ddf6a25b89739004b0572bc31 av-styling- avia-align-center  avia-builder-el-0  el_before_av_hr  avia-builder-el-first '   itemprop=\"image\" itemscope=\"itemscope\" itemtype=\"https:\/\/schema.org\/ImageObject\" ><div class=\"avia-image-container-inner\"><div class=\"avia-image-overlay-wrap\"><img class='wp-image-132 avia-img-lazy-loading-not-132 avia_image ' src='https:\/\/old.sge.org\/ibercarto\/wp-content\/uploads\/sites\/4\/2016\/01\/imagen.png' alt='' title='imagen'  height=\"600\" width=\"800\"  itemprop=\"thumbnailUrl\"  \/><\/div><\/div><\/div>\n\n<style type=\"text\/css\" data-created_by=\"avia_inline_auto\" id=\"style-css-av-av_hr-5ea7596238ed9f191e6b5e662093052f\">\n#top .hr.hr-invisible.av-av_hr-5ea7596238ed9f191e6b5e662093052f{\nheight:30px;\n}\n<\/style>\n<div  class='hr av-av_hr-5ea7596238ed9f191e6b5e662093052f hr-invisible  avia-builder-el-1  el_after_av_image  el_before_av_textblock '><span class='hr-inner '><span class=\"hr-inner-style\"><\/span><\/span><\/div>\n<section  class='av_textblock_section av-av_textblock-0366cc7376be6c9e82a3e9cc8987b64f'  itemscope=\"itemscope\" itemtype=\"https:\/\/schema.org\/CreativeWork\" ><div class='avia_textblock'  itemprop=\"text\" ><p>Est\u00e1n disponibles en la Web oficial de la Fundaci\u00f3n Gim\u00e9nez Lorente de la Universidad Polit\u00e9cnica de Valencia las colecciones digitales de cartograf\u00eda hist\u00f3rica valenciana y regional comprendidas entre los siglos XVI y XIX donde puede consultarse la informaci\u00f3n completa referente a cada mapa, presentados por escuelas de producci\u00f3n.<\/p>\n<p><a href=\"http:\/\/www.upv.es\/entidades\/FPA\/info\/1018536normalc.html\">P\u00e1gina web Oficial<\/a><\/p>\n<\/div><\/section>\n","protected":false},"excerpt":{"rendered":"","protected":false},"author":1,"featured_media":0,"parent":101,"menu_order":10,"comment_status":"closed","ping_status":"closed","template":"","meta":{"footnotes":""},"class_list":["post-198","page","type-page","status-publish","hentry"],"_links":{"self":[{"href":"https:\/\/old.sge.org\/ibercarto\/wp-json\/wp\/v2\/pages\/198","targetHints":{"allow":["GET"]}}],"collection":[{"href":"https:\/\/old.sge.org\/ibercarto\/wp-json\/wp\/v2\/pages"}],"about":[{"href":"https:\/\/old.sge.org\/ibercarto\/wp-json\/wp\/v2\/types\/page"}],"author":[{"embeddable":true,"href":"https:\/\/old.sge.org\/ibercarto\/wp-json\/wp\/v2\/users\/1"}],"replies":[{"embeddable":true,"href":"https:\/\/old.sge.org\/ibercarto\/wp-json\/wp\/v2\/comments?post=198"}],"version-history":[{"count":4,"href":"https:\/\/old.sge.org\/ibercarto\/wp-json\/wp\/v2\/pages\/198\/revisions"}],"predecessor-version":[{"id":735,"href":"https:\/\/old.sge.org\/ibercarto\/wp-json\/wp\/v2\/pages\/198\/revisions\/735"}],"up":[{"embeddable":true,"href":"https:\/\/old.sge.org\/ibercarto\/wp-json\/wp\/v2\/pages\/101"}],"wp:attachment":[{"href":"https:\/\/old.sge.org\/ibercarto\/wp-json\/wp\/v2\/media?parent=198"}],"curies":[{"name":"wp","href":"https:\/\/api.w.org\/{rel}","templated":true}]}}