{"id":196,"date":"2016-01-28T18:51:37","date_gmt":"2016-01-28T17:51:37","guid":{"rendered":"http:\/\/sge.org\/ibercarto\/?page_id=196"},"modified":"2016-01-28T18:51:37","modified_gmt":"2016-01-28T17:51:37","slug":"universidad-de-valencia-cartoteca","status":"publish","type":"page","link":"https:\/\/old.sge.org\/ibercarto\/cartotecas-digitales\/universidad-de-valencia-cartoteca\/","title":{"rendered":"Universidad de Valencia. Cartoteca"},"content":{"rendered":"\n<style type=\"text\/css\" data-created_by=\"avia_inline_auto\" id=\"style-css-av-av_image-5531d56ddf6a25b89739004b0572bc31\">\n.avia-image-container.av-av_image-5531d56ddf6a25b89739004b0572bc31 img.avia_image{\nbox-shadow:none;\n}\n.avia-image-container.av-av_image-5531d56ddf6a25b89739004b0572bc31 .av-image-caption-overlay-center{\ncolor:#ffffff;\n}\n<\/style>\n<div  class='avia-image-container av-av_image-5531d56ddf6a25b89739004b0572bc31 av-styling- avia-align-center  avia-builder-el-0  el_before_av_hr  avia-builder-el-first '   itemprop=\"image\" itemscope=\"itemscope\" itemtype=\"https:\/\/schema.org\/ImageObject\" ><div class=\"avia-image-container-inner\"><div class=\"avia-image-overlay-wrap\"><img class='wp-image-132 avia-img-lazy-loading-not-132 avia_image ' src='https:\/\/old.sge.org\/ibercarto\/wp-content\/uploads\/sites\/4\/2016\/01\/imagen.png' alt='' title='imagen'  height=\"600\" width=\"800\"  itemprop=\"thumbnailUrl\"  \/><\/div><\/div><\/div>\n\n<style type=\"text\/css\" data-created_by=\"avia_inline_auto\" id=\"style-css-av-av_hr-5ea7596238ed9f191e6b5e662093052f\">\n#top .hr.hr-invisible.av-av_hr-5ea7596238ed9f191e6b5e662093052f{\nheight:30px;\n}\n<\/style>\n<div  class='hr av-av_hr-5ea7596238ed9f191e6b5e662093052f hr-invisible  avia-builder-el-1  el_after_av_image  el_before_av_textblock '><span class='hr-inner '><span class=\"hr-inner-style\"><\/span><\/span><\/div>\n<section  class='av_textblock_section av-av_textblock-0366cc7376be6c9e82a3e9cc8987b64f'  itemscope=\"itemscope\" itemtype=\"https:\/\/schema.org\/CreativeWork\" ><div class='avia_textblock'  itemprop=\"text\" ><p>Desde el a\u00f1o 2014 la Cartoteca de la Universidad de Valencia ha comenzado a digitalizar sus fondos patrimoniales y a incluirlos dentro del repositorio institucional de la universidad, RODERIC. Los materiales digitalizados se ha estructurado en dos colecciones: \u201cMapes\u201d , colecci\u00f3n de fondo general, y \u201cMapes de la Guerra Civil\u201d, donde se va a ir digitalizando el importante fondo de mapas de la guerra civil espa\u00f1ola conservado en la Cartoteca. Los primeros documentos digitalizados han sido las casi 80 hojas del Mapa Militar de Espa\u00f1a 1:25.000 editadas por el bando republicano entre finales de 1937 y sobre todo en 1938, y que abarcan la zona geogr\u00e1fica comprendida entre el Delta del Ebro y Sagunto, incluyendo tambi\u00e9n zonas de la provincia de Teruel.<\/p>\n<p>Para acceder a las colecciones hay que escribir en la caja de b\u00fasqueda el nombre de cualquiera de ellas.<\/p>\n<p><a href=\"http:\/\/roderic.uv.es\/\">P\u00e1gina web Oficial<\/a><\/p>\n<\/div><\/section>\n","protected":false},"excerpt":{"rendered":"","protected":false},"author":1,"featured_media":0,"parent":101,"menu_order":9,"comment_status":"closed","ping_status":"closed","template":"","meta":{"footnotes":""},"class_list":["post-196","page","type-page","status-publish","hentry"],"_links":{"self":[{"href":"https:\/\/old.sge.org\/ibercarto\/wp-json\/wp\/v2\/pages\/196","targetHints":{"allow":["GET"]}}],"collection":[{"href":"https:\/\/old.sge.org\/ibercarto\/wp-json\/wp\/v2\/pages"}],"about":[{"href":"https:\/\/old.sge.org\/ibercarto\/wp-json\/wp\/v2\/types\/page"}],"author":[{"embeddable":true,"href":"https:\/\/old.sge.org\/ibercarto\/wp-json\/wp\/v2\/users\/1"}],"replies":[{"embeddable":true,"href":"https:\/\/old.sge.org\/ibercarto\/wp-json\/wp\/v2\/comments?post=196"}],"version-history":[{"count":1,"href":"https:\/\/old.sge.org\/ibercarto\/wp-json\/wp\/v2\/pages\/196\/revisions"}],"predecessor-version":[{"id":197,"href":"https:\/\/old.sge.org\/ibercarto\/wp-json\/wp\/v2\/pages\/196\/revisions\/197"}],"up":[{"embeddable":true,"href":"https:\/\/old.sge.org\/ibercarto\/wp-json\/wp\/v2\/pages\/101"}],"wp:attachment":[{"href":"https:\/\/old.sge.org\/ibercarto\/wp-json\/wp\/v2\/media?parent=196"}],"curies":[{"name":"wp","href":"https:\/\/api.w.org\/{rel}","templated":true}]}}