{"id":188,"date":"2016-01-28T18:46:37","date_gmt":"2016-01-28T17:46:37","guid":{"rendered":"http:\/\/sge.org\/ibercarto\/?page_id=188"},"modified":"2016-01-28T18:48:40","modified_gmt":"2016-01-28T17:48:40","slug":"biblioteca-valenciana-digital","status":"publish","type":"page","link":"https:\/\/old.sge.org\/ibercarto\/cartotecas-digitales\/biblioteca-valenciana-digital\/","title":{"rendered":"Biblioteca Valenciana Digital"},"content":{"rendered":"\n<style type=\"text\/css\" data-created_by=\"avia_inline_auto\" id=\"style-css-av-av_image-5531d56ddf6a25b89739004b0572bc31\">\n.avia-image-container.av-av_image-5531d56ddf6a25b89739004b0572bc31 img.avia_image{\nbox-shadow:none;\n}\n.avia-image-container.av-av_image-5531d56ddf6a25b89739004b0572bc31 .av-image-caption-overlay-center{\ncolor:#ffffff;\n}\n<\/style>\n<div  class='avia-image-container av-av_image-5531d56ddf6a25b89739004b0572bc31 av-styling- avia-align-center  avia-builder-el-0  el_before_av_hr  avia-builder-el-first '   itemprop=\"image\" itemscope=\"itemscope\" itemtype=\"https:\/\/schema.org\/ImageObject\" ><div class=\"avia-image-container-inner\"><div class=\"avia-image-overlay-wrap\"><img class='wp-image-132 avia-img-lazy-loading-not-132 avia_image ' src='https:\/\/old.sge.org\/ibercarto\/wp-content\/uploads\/sites\/4\/2016\/01\/imagen.png' alt='' title='imagen'  height=\"600\" width=\"800\"  itemprop=\"thumbnailUrl\"  \/><\/div><\/div><\/div>\n\n<style type=\"text\/css\" data-created_by=\"avia_inline_auto\" id=\"style-css-av-av_hr-5ea7596238ed9f191e6b5e662093052f\">\n#top .hr.hr-invisible.av-av_hr-5ea7596238ed9f191e6b5e662093052f{\nheight:30px;\n}\n<\/style>\n<div  class='hr av-av_hr-5ea7596238ed9f191e6b5e662093052f hr-invisible  avia-builder-el-1  el_after_av_image  el_before_av_textblock '><span class='hr-inner '><span class=\"hr-inner-style\"><\/span><\/span><\/div>\n<section  class='av_textblock_section av-av_textblock-0366cc7376be6c9e82a3e9cc8987b64f'  itemscope=\"itemscope\" itemtype=\"https:\/\/schema.org\/CreativeWork\" ><div class='avia_textblock'  itemprop=\"text\" ><p>La colecci\u00f3n cartogr\u00e1fica de la Biblioteca Valenciana est\u00e1 formada por mapas, atlas, planos, cartas n\u00e1uticas, fotograf\u00edas a\u00e9reas, etc. Con cerca de 22.000 documentos, esta colecci\u00f3n abarca el periodo que va desde el siglo XVI hasta la actualidad.<\/p>\n<\/div><\/section>\n","protected":false},"excerpt":{"rendered":"","protected":false},"author":1,"featured_media":0,"parent":101,"menu_order":5,"comment_status":"closed","ping_status":"closed","template":"","meta":{"footnotes":""},"class_list":["post-188","page","type-page","status-publish","hentry"],"_links":{"self":[{"href":"https:\/\/old.sge.org\/ibercarto\/wp-json\/wp\/v2\/pages\/188","targetHints":{"allow":["GET"]}}],"collection":[{"href":"https:\/\/old.sge.org\/ibercarto\/wp-json\/wp\/v2\/pages"}],"about":[{"href":"https:\/\/old.sge.org\/ibercarto\/wp-json\/wp\/v2\/types\/page"}],"author":[{"embeddable":true,"href":"https:\/\/old.sge.org\/ibercarto\/wp-json\/wp\/v2\/users\/1"}],"replies":[{"embeddable":true,"href":"https:\/\/old.sge.org\/ibercarto\/wp-json\/wp\/v2\/comments?post=188"}],"version-history":[{"count":2,"href":"https:\/\/old.sge.org\/ibercarto\/wp-json\/wp\/v2\/pages\/188\/revisions"}],"predecessor-version":[{"id":734,"href":"https:\/\/old.sge.org\/ibercarto\/wp-json\/wp\/v2\/pages\/188\/revisions\/734"}],"up":[{"embeddable":true,"href":"https:\/\/old.sge.org\/ibercarto\/wp-json\/wp\/v2\/pages\/101"}],"wp:attachment":[{"href":"https:\/\/old.sge.org\/ibercarto\/wp-json\/wp\/v2\/media?parent=188"}],"curies":[{"name":"wp","href":"https:\/\/api.w.org\/{rel}","templated":true}]}}