{"id":184,"date":"2016-01-28T18:44:46","date_gmt":"2016-01-28T17:44:46","guid":{"rendered":"http:\/\/sge.org\/ibercarto\/?page_id=184"},"modified":"2016-01-28T18:48:40","modified_gmt":"2016-01-28T17:48:40","slug":"biblioteca-regional-de-madrid-joaquin-leguina","status":"publish","type":"page","link":"https:\/\/old.sge.org\/ibercarto\/cartotecas-digitales\/biblioteca-regional-de-madrid-joaquin-leguina\/","title":{"rendered":"Biblioteca Regional de Madrid Joaqu\u00edn Leguina"},"content":{"rendered":"\n<style type=\"text\/css\" data-created_by=\"avia_inline_auto\" id=\"style-css-av-av_image-5531d56ddf6a25b89739004b0572bc31\">\n.avia-image-container.av-av_image-5531d56ddf6a25b89739004b0572bc31 img.avia_image{\nbox-shadow:none;\n}\n.avia-image-container.av-av_image-5531d56ddf6a25b89739004b0572bc31 .av-image-caption-overlay-center{\ncolor:#ffffff;\n}\n<\/style>\n<div  class='avia-image-container av-av_image-5531d56ddf6a25b89739004b0572bc31 av-styling- avia-align-center  avia-builder-el-0  el_before_av_hr  avia-builder-el-first '   itemprop=\"image\" itemscope=\"itemscope\" itemtype=\"https:\/\/schema.org\/ImageObject\" ><div class=\"avia-image-container-inner\"><div class=\"avia-image-overlay-wrap\"><img class='wp-image-132 avia-img-lazy-loading-not-132 avia_image ' src='https:\/\/old.sge.org\/ibercarto\/wp-content\/uploads\/sites\/4\/2016\/01\/imagen.png' alt='' title='imagen'  height=\"600\" width=\"800\"  itemprop=\"thumbnailUrl\"  \/><\/div><\/div><\/div>\n\n<style type=\"text\/css\" data-created_by=\"avia_inline_auto\" id=\"style-css-av-av_hr-5ea7596238ed9f191e6b5e662093052f\">\n#top .hr.hr-invisible.av-av_hr-5ea7596238ed9f191e6b5e662093052f{\nheight:30px;\n}\n<\/style>\n<div  class='hr av-av_hr-5ea7596238ed9f191e6b5e662093052f hr-invisible  avia-builder-el-1  el_after_av_image  el_before_av_textblock '><span class='hr-inner '><span class=\"hr-inner-style\"><\/span><\/span><\/div>\n<section  class='av_textblock_section av-av_textblock-0366cc7376be6c9e82a3e9cc8987b64f'  itemscope=\"itemscope\" itemtype=\"https:\/\/schema.org\/CreativeWork\" ><div class='avia_textblock'  itemprop=\"text\" ><h2>La secci\u00f3n de Materiales Especiales en la Biblioteca Digital<\/h2>\n<p>Los Materiales Especiales dentro de la Biblioteca Digital de la Comunidad de Madrid destacan, principalmente, por los propios documentos que los componen. Es evidente que existen diferencias catalogr\u00e1ficas, de clasificaci\u00f3n, pero si necesitamos hablar de diferencias, nos centrar\u00edamos en la propia naturaleza de los documentos. Estos implican una documentaci\u00f3n complementaria basada actualmente en documentos digitales cartogr\u00e1ficos (mapas y planos) y documentos gr\u00e1ficos (carteles). Este a\u00f1o se ver\u00e1 la Biblioteca Digital incrementada por grabados, documentos fotogr\u00e1ficos y m\u00fasica impresa y manuscrita, entre otros documentos.<\/p>\n<p>Los carteles, a los que hacemos menci\u00f3n, forman parte de una colecci\u00f3n taurina que progresivamente la Biblioteca Regional est\u00e1 constituyendo. De estos carteles destacan los carteles del siglo XVIII y los del siglo XIX, cuyo contenido se presenta en diferentes materiales: seda, papel. Tambi\u00e9n podemos tener acceso a carteles taurinos hasta 1930, a partir de esta fecha, solo se pueden consultar en la propia Biblioteca, debido esto a los posibles derechos de autor, que obligan a 80 a\u00f1os de espera.<\/p>\n<p>Otra menci\u00f3n destacable ser\u00edan las anal\u00edticas de mapas y grabados vinculadas a las monograf\u00edas, las cuales completan el contenido de las mismas.<\/p>\n<p>En cuanto a\u00a0\u00a0material CARTOGR\u00c1FICO:\u00a0<strong>530\u00a0<\/strong>documentos, de ellos existen en la Biblioteca Digital de Madrid referidos a Madrid cerca de\u00a0<strong>100<\/strong>documentos. La colecci\u00f3n abarca desde documentos cartogr\u00e1ficos del S. XVI hasta los anteriores a 1930.<\/p>\n<\/div><\/section>\n","protected":false},"excerpt":{"rendered":"","protected":false},"author":1,"featured_media":0,"parent":101,"menu_order":3,"comment_status":"closed","ping_status":"closed","template":"","meta":{"footnotes":""},"class_list":["post-184","page","type-page","status-publish","hentry"],"_links":{"self":[{"href":"https:\/\/old.sge.org\/ibercarto\/wp-json\/wp\/v2\/pages\/184","targetHints":{"allow":["GET"]}}],"collection":[{"href":"https:\/\/old.sge.org\/ibercarto\/wp-json\/wp\/v2\/pages"}],"about":[{"href":"https:\/\/old.sge.org\/ibercarto\/wp-json\/wp\/v2\/types\/page"}],"author":[{"embeddable":true,"href":"https:\/\/old.sge.org\/ibercarto\/wp-json\/wp\/v2\/users\/1"}],"replies":[{"embeddable":true,"href":"https:\/\/old.sge.org\/ibercarto\/wp-json\/wp\/v2\/comments?post=184"}],"version-history":[{"count":2,"href":"https:\/\/old.sge.org\/ibercarto\/wp-json\/wp\/v2\/pages\/184\/revisions"}],"predecessor-version":[{"id":740,"href":"https:\/\/old.sge.org\/ibercarto\/wp-json\/wp\/v2\/pages\/184\/revisions\/740"}],"up":[{"embeddable":true,"href":"https:\/\/old.sge.org\/ibercarto\/wp-json\/wp\/v2\/pages\/101"}],"wp:attachment":[{"href":"https:\/\/old.sge.org\/ibercarto\/wp-json\/wp\/v2\/media?parent=184"}],"curies":[{"name":"wp","href":"https:\/\/api.w.org\/{rel}","templated":true}]}}