{"id":179,"date":"2016-01-28T18:42:29","date_gmt":"2016-01-28T17:42:29","guid":{"rendered":"http:\/\/sge.org\/ibercarto\/?page_id=179"},"modified":"2016-01-28T18:42:48","modified_gmt":"2016-01-28T17:42:48","slug":"archivo-general-de-simancas","status":"publish","type":"page","link":"https:\/\/old.sge.org\/ibercarto\/cartotecas-digitales\/archivo-general-de-simancas\/","title":{"rendered":"Archivo General de Simancas"},"content":{"rendered":"\n<style type=\"text\/css\" data-created_by=\"avia_inline_auto\" id=\"style-css-av-av_image-5531d56ddf6a25b89739004b0572bc31\">\n.avia-image-container.av-av_image-5531d56ddf6a25b89739004b0572bc31 img.avia_image{\nbox-shadow:none;\n}\n.avia-image-container.av-av_image-5531d56ddf6a25b89739004b0572bc31 .av-image-caption-overlay-center{\ncolor:#ffffff;\n}\n<\/style>\n<div  class='avia-image-container av-av_image-5531d56ddf6a25b89739004b0572bc31 av-styling- avia-align-center  avia-builder-el-0  el_before_av_hr  avia-builder-el-first '   itemprop=\"image\" itemscope=\"itemscope\" itemtype=\"https:\/\/schema.org\/ImageObject\" ><div class=\"avia-image-container-inner\"><div class=\"avia-image-overlay-wrap\"><img class='wp-image-132 avia-img-lazy-loading-not-132 avia_image ' src='https:\/\/old.sge.org\/ibercarto\/wp-content\/uploads\/sites\/4\/2016\/01\/imagen.png' alt='' title='imagen'  height=\"600\" width=\"800\"  itemprop=\"thumbnailUrl\"  \/><\/div><\/div><\/div>\n\n<style type=\"text\/css\" data-created_by=\"avia_inline_auto\" id=\"style-css-av-av_hr-5ea7596238ed9f191e6b5e662093052f\">\n#top .hr.hr-invisible.av-av_hr-5ea7596238ed9f191e6b5e662093052f{\nheight:30px;\n}\n<\/style>\n<div  class='hr av-av_hr-5ea7596238ed9f191e6b5e662093052f hr-invisible  avia-builder-el-1  el_after_av_image  el_before_av_textblock '><span class='hr-inner '><span class=\"hr-inner-style\"><\/span><\/span><\/div>\n<section  class='av_textblock_section av-av_textblock-0366cc7376be6c9e82a3e9cc8987b64f'  itemscope=\"itemscope\" itemtype=\"https:\/\/schema.org\/CreativeWork\" ><div class='avia_textblock'  itemprop=\"text\" ><p>El origen del Archivo General de Simancas hay que enmarcarlo en los inicios del Estado Moderno, en la burocratizaci\u00f3n administrativa. La idea de recoger y guardar la documentaci\u00f3n emanada de la administraci\u00f3n no es solo idea de los reyes sino que nace de la propia administraci\u00f3n. El creador del Archivo fue Carlos V (1540), aunque fue Felipe II qui\u00e9n desarrollo todo el proyecto archiv\u00edstico, que culmin\u00f3\u00a0\u00a0en las \u201cInstrucciones para el gobierno del Archivo de Simancas (1588)\u201d<\/p>\n<p>El Archivo comenz\u00f3 inmediatamente a recibir en sucesivas remesas los papeles procedentes de los \u00f3rganos centrales de la Monarqu\u00eda Hisp\u00e1nica, los Consejos en la \u00e9poca de los Austrias y las Secretar\u00edas de Despacho en la \u00e9poca borb\u00f3nica[1]<\/p>\n<p>Dentro de esta documentaci\u00f3n administrativa se encuentran tambi\u00e9n los mapas y los planos. Los mapas permiten la representaci\u00f3n gr\u00e1fica de realidades espaciales que el hombre no pod\u00eda percibir sin su ayuda. Se utilizaron para conocer el espacio real, y en cierta manera lo sustituyeron o reemplazaron.[2]<\/p>\n<p><strong>La Colecci\u00f3n de Mapas, Planos y Dibujos<\/strong><\/p>\n<p>\u00c9sta Colecci\u00f3n facticia es de creaci\u00f3n reciente. En 1923 no exist\u00eda m\u00e1s que una carpeta grande en la que se guardaban unos cuantos mapas y planos separados de los legajos, aunque no constaba cuando se hab\u00edan separado ni tampoco el motivo o la finalidad perseguidos.[3]<\/p>\n<p>Cuando se pens\u00f3 seriamente en organizar esta secci\u00f3n fue hacia 1932, fecha en la que se adquiere el primer planero para guardar con las debidas garant\u00edas los documentos, que casi siempre estaban plegados en los legajos. Buena prueba de que se continua con la b\u00fasqueda y separaci\u00f3n de este tipo de documentos es la adquisici\u00f3n de un segundo planero en 1934.<\/p>\n<p>El desglose de estos documentos de sus legajos se realizaba con el debido cuidado, dejando en el legajo un testigo con la descripci\u00f3n del documento y la nueva signatura en la secci\u00f3n de Mapas, Planos y Dibujos, anotando al mismo tiempo en el documento desglosado el legajo de procedencia y la signatura. Se redactaba tambi\u00e9n la correspondiente ficha para un \u00edndice alfab\u00e9tico de nombre geogr\u00e1ficos, asuntos y autores. En la d\u00e9cada de los 60 la colecci\u00f3n de mapas constaba de unos 2.500 items, repartidos en dos planeros.<\/p>\n<p>La mayor parte de los planos existentes en Simancas provienen del Consejo de Estado , del Consejo de Guerra y del de Hacienda, que en el XVII pasaron a llamarse Secretar\u00eda de Despacho de Estado, Secretar\u00eda de Guerra y Marina y Secretar\u00eda de Hacienda. El tema m\u00e1s com\u00fan de la mayor\u00eda de los mapas es el militar, fortificaciones de todo tipo (murallas, arsenales, castillos&#8230;), puertos, construcciones militares (almacenes, polvorines&#8230;). La tem\u00e1tica civil se centra en las obras hidr\u00e1ulicas (puentes, presas, acueductos, abastecimientos de agua&#8230;) y sobre todo en el siglo XVIII en la incipiente industria (industria textil, de tabaco, salinas&#8230;).<\/p>\n<p><a href=\"http:\/\/www.sge.org\/?id=1456#_ftnref1\" name=\"_ftn1\">[1]<\/a>\u00a0Rodriguez de Diego, Jose Luis. La Secci\u00f3n de Mpas y Planos del Archivo General de Simancas. [Madrid] : Ministerio de Defensa : Centro de Estudios Europa Hisp\u00e1nica , [2005]p. 352<\/p>\n<p><a href=\"http:\/\/www.sge.org\/?id=1456#_ftnref2\" name=\"_ftn2\">[2]<\/a>\u00a0Bouza, Fernando. Una hist\u00f2rie de mapes, una hist\u00f2ria en mapes. En :De Mercator a Blaeu. Barcelona : Institut Cartogr\u00e0fic de Catalunya, 1995. p. 13<\/p>\n<p><a href=\"http:\/\/www.sge.org\/?id=1456#_ftnref3\" name=\"_ftn3\">[3]<\/a>\u00a0Archivo General de Simancas. Gu\u00eda del Investigador. Madrid, 1992. p. 341<\/p>\n<\/div><\/section>\n","protected":false},"excerpt":{"rendered":"","protected":false},"author":1,"featured_media":0,"parent":101,"menu_order":1,"comment_status":"closed","ping_status":"closed","template":"","meta":{"footnotes":""},"class_list":["post-179","page","type-page","status-publish","hentry"],"_links":{"self":[{"href":"https:\/\/old.sge.org\/ibercarto\/wp-json\/wp\/v2\/pages\/179","targetHints":{"allow":["GET"]}}],"collection":[{"href":"https:\/\/old.sge.org\/ibercarto\/wp-json\/wp\/v2\/pages"}],"about":[{"href":"https:\/\/old.sge.org\/ibercarto\/wp-json\/wp\/v2\/types\/page"}],"author":[{"embeddable":true,"href":"https:\/\/old.sge.org\/ibercarto\/wp-json\/wp\/v2\/users\/1"}],"replies":[{"embeddable":true,"href":"https:\/\/old.sge.org\/ibercarto\/wp-json\/wp\/v2\/comments?post=179"}],"version-history":[{"count":2,"href":"https:\/\/old.sge.org\/ibercarto\/wp-json\/wp\/v2\/pages\/179\/revisions"}],"predecessor-version":[{"id":181,"href":"https:\/\/old.sge.org\/ibercarto\/wp-json\/wp\/v2\/pages\/179\/revisions\/181"}],"up":[{"embeddable":true,"href":"https:\/\/old.sge.org\/ibercarto\/wp-json\/wp\/v2\/pages\/101"}],"wp:attachment":[{"href":"https:\/\/old.sge.org\/ibercarto\/wp-json\/wp\/v2\/media?parent=179"}],"curies":[{"name":"wp","href":"https:\/\/api.w.org\/{rel}","templated":true}]}}