{"id":1223,"date":"2021-12-13T10:39:04","date_gmt":"2021-12-13T09:39:04","guid":{"rendered":"https:\/\/sge.org\/ibercarto\/?page_id=1223"},"modified":"2021-12-22T13:17:11","modified_gmt":"2021-12-22T12:17:11","slug":"espana-bibliografia-cartografica-de-autores-espanoles-2021","status":"publish","type":"page","link":"https:\/\/old.sge.org\/ibercarto\/bibliografia-cartografica\/espana-bibliografia-cartografica-de-autores-espanoles-2021\/","title":{"rendered":"ESPA\u00d1A.- Bibliograf\u00eda cartogr\u00e1fica de autores espa\u00f1oles a\u00f1o 2021"},"content":{"rendered":"<section  class='av_textblock_section av-av_textblock-0366cc7376be6c9e82a3e9cc8987b64f'  itemscope=\"itemscope\" itemtype=\"https:\/\/schema.org\/CreativeWork\" ><div class='avia_textblock'  itemprop=\"text\" ><h3><strong>MONOGRAF\u00cdAS<\/strong><\/h3>\n<p><strong>DALMAU, Eduard. <\/strong>El porqu\u00e9 de los mapas. [Barcelona]: Debate,[2021], 978-84-18006-17-3<\/p>\n<p><strong>GARC\u00c9S BL\u00c1ZQUEZ, Fernando; SOLANS, B\u00e1rbara; GONZ\u00c1LEZ, Elisa. <\/strong>Los mapas en la Europa ilustrada, [Barcelona]; EMSE EDAPP, S.L., [2020]<\/p>\n<p><strong>GARC\u00cdA CALATAYUD, Carmen, HERN\u00c1NDEZ P\u00c9REZ, Azucena<\/strong>. La belleza del cosmos: Astronomicum Caesareum. Madrid: Biblioteca Nacional de Espa\u00f1a, [2021]. NIPO 824-21-006-6, ISBN 978-84-92462-72-8<\/p>\n<p><strong>MANSO PORTO, Carmen.<\/strong> Espa\u00f1a en mapas antiguos. Cat\u00e1logo de la Colecci\u00f3n de Rodr\u00edguez Torres-Ayuso. Madrid;\u00a0Editores: Real Academia de la Historia, Agencia Estatal Bolet\u00edn Oficial del Estado, 2021. NIPO 090-21-084-6, ISBN: 978-84-340-2739-8.<\/p>\n<p><strong>MARCELLO Y BARRIADA,\u00a0Jos\u00e9 Luis, SANZ-HERMIDA, Jos\u00e9 Mar\u00eda. <\/strong>Chile y el Estrecho de Magallanes. Salamanca: Universidad de Salamanca, 2021, 978-84-1311-458-3<\/p>\n<p><strong>MART\u00cdN-MER\u00c1S VERDEJO, Luisa. <\/strong>Estudio y comentario del Atlas de Joan Martines de 1570. Madrid: Piaf, SL, BNE, 2020.<\/p>\n<p><strong>MEJ\u00cdA, Sergio<\/strong>. Cartograf\u00eda e Ingenier\u00eda en la Era de las Revoluciones \u2013 Mapas y obras de Vicente Talledo y Rivera en Espa\u00f1a y el Nuevo Reino de Granada (1758-1820). Madrid: Ministerio de Defensa. Secretar\u00eda General T\u00e9cnica, 2021. 978-84-9091-514-1<\/p>\n<p><strong>MONTANER, Carme. <\/strong>Mapes, pais, futur: centenari de l&#8217;exposici\u00f3 cartogr\u00e0fica catalana (1919). Barcelona: Institut Cartogr\u00e0fic i Geol\u00f2gic de Catalunya, 2020. [Cat\u00e0leg de l&#8217;exposici\u00f3 organitzada per l&#8217;Institut Cartogr\u00e0fic i Geol\u00f2gic de Catalunya i celebrada al Museu d&#8217;Hist\u00f2ria de Catalunya del 26 de gener al 19 d&#8217;abril de 2020] [<a href=\"https:\/\/www.icgc.cat\/L-ICGC\/Actualitat\/Noticia-387-Exposicio-Mapes-pais-futur-Centenari-de-l-exposicio-cartografica-catalana-1919\">Link<\/a>]<\/p>\n<p><strong>MORENO DELGADO, Juan Carlos; POLO MART\u00cdN, B\u00e1rbara; GONZ\u00c1LEZ, Elisa. <\/strong>La cartograf\u00eda en la historia de la diplomacia. [Barcelona]: EMSE EDAPP, S.L., [2020]<\/p>\n<p><strong>OLARAN MUGICA Clotilde. <\/strong>La Comarca vizca\u00edna de \u201cLas Encartaciones\u201d en las Relaciones Geogr\u00e1ficas de Tom\u00e1s L\u00f3pez de Vargas Machuca. Centro Nacional de Informaci\u00f3n Geogr\u00e1fica (CNIG), 2021, [<a href=\"https:\/\/www.ign.es\/resources\/acercaDe\/libDigPub\/Comarca-Vizcaina-asEncartaciones-TomasLopez.pdf\">PDF<\/a>]<\/p>\n<p><strong>RUIZ MORALES, Mario. <\/strong>Apuntes cosmogr\u00e1ficos en la primera circunnavegaci\u00f3n de la Tierra: Fernando de Magallanes y Juan Sebasti\u00e1n Elcano (1519-1522. Madrid (Espa\u00f1a): Centro Nacional de Informaci\u00f3n Geogr\u00e1fica, [2020], 9788441656406<\/p>\n<p><strong>Vistes panor\u00e0miques, cartes militars i pl\u00e0nols urban\u00edstics a Barcelona del segle XVI al XIX<\/strong>. Ramon Grau, Carme Montaner (editors). Barcelona: Ajuntament de Barcelona; Institut Cartogr\u00e0fic i Geol\u00f2gic de Catalunya, 2020, 978-84-18199-73-8<\/p>\n<h3><\/h3>\n<h3><strong>CAP\u00cdTULOS DE MONOGRAF\u00cdAS<\/strong><\/h3>\n<p><strong>CAMARERO BULL\u00d3N Concepci\u00f3n; AGUILAR CUESTA, \u00c1ngel Ignacio. \u201c<\/strong>Sitios Reales menores y Sitios del Rey en el Catastro de Ensenada\u201d. Localizaci\u00f3n: De reinos a naciones: espacios, territorios y mentalidades, coord. por Juan Jim\u00e9nez Castillo, Manuel Rivero Rodr\u00edguez \u00c1rbol acad\u00e9mico, 2021, ISBN 978-84-16335-74-9, p\u00e1gs. 155-192<\/p>\n<p><strong>CH\u00cdAS NAVARRO, Pilar; ABAD BALBOA, Tom\u00e1s. \u201c<\/strong>La cartograf\u00eda y otras fuentes gr\u00e1ficas para el conocimiento del territorio y del paisaje. Los Reales Sitios en torno a Madrid\u201d. En CT Catastro N\u00daMERO 96 SEXTA \u00c9POCA AGOSTO 2019 \u00a0[<a href=\"https:\/\/www.catastro.meh.es\/documentos\/publicaciones\/ct\/ct96\/Catastro_96_accesible.PDF\">PDF<\/a>]<\/p>\n<p><strong>MANSO PORTO, Carmen<\/strong>. \u201cMapas que cambiaron la imagen del mundo a partir de la expedici\u00f3n Magallanes-Elcano (1519-1522)\u201d. Cap\u00edtulo 5. En: Pablo Vargas G\u00f3mez, editor, En busca de las especias. Las plantas de la expedici\u00f3n Magallanes-Elcano (1519-1522), V Centenario de la Primera Vuelta al Mundo. Madrid: CSIC-Catarata, Colecci\u00f3n Divulgaci\u00f3n, 2020, pp. 53-74.<\/p>\n<p><strong>MANSO PORTO, Carmen.<\/strong> \u201cLas huellas del Camino de Santiago en la cartograf\u00eda europea\u201d. En: Xacobeo. Las huellas del Camino. Madrid: Biblioteca Nacional de Espa\u00f1a, Xunta de Galicia, 2021, pp. 82-101.<\/p>\n<p><strong>MANSO PORTO, Carmen.<\/strong> \u201cLa primera circunnavegaci\u00f3n y la cartograf\u00eda. En: I Congreso Transdisciplinar de Historia Naval Ib\u00e9rica, Madrid: Sociedad Espa\u00f1ola Transdisciplinar de Investigaci\u00f3n y Divulgaci\u00f3n Cient\u00edfica, 2021.<\/p>\n<h3><\/h3>\n<h3><strong>ART\u00cdCULOS DE REVISTA<\/strong><\/h3>\n<p><strong>ARCOS MART\u00cdNEZ, Nelly. <\/strong><em>Inventario dibujado del territorio fortificado del Caribe (Agust\u00edn Crame, 1777-1779)<\/em>. En: Biblio3W Revista Bibliogr\u00e1fica de Geograf\u00eda y Ciencias Sociales Universitat de Barcelona ISSN: 1138-9796 Vol. XXVI. N\u00fam. 1319 5 de abril 2021 <u>https:\/\/revistes.ub.edu\/index.php\/b3w<\/u><\/p>\n<p><strong>AGUIRRE LORA, Georgina Maria Esther. <\/strong><em>Viajar por la mar del Sur\u2026de toponimia y cartograf\u00eda hist\u00f3rica<\/em>. En: Historia y Memoria de la Educaci\u00f3n, ISSN-e 2444-0043, N\u00ba. 13, 2021 (Ejemplar dedicado a: Arquitectura escolar), p\u00e1gs. 427-453 <a href=\"http:\/\/revistas.uned.es\/index.php\/HMe\/article\/view\/27841\/22378\">http:\/\/revistas.uned.es\/index.php\/HMe\/article\/view\/27841\/22378<\/a><\/p>\n<p><strong>BRINGAS GUTI\u00c9RREZ, Miguel \u00c1ngel; MAZO DURANGO, \u00cd\u00f1igo del; MERCAPIDE ARG\u00dcELLO, Guillermo; AGUILAR CUESTA, \u00c1ngel Ignacio. <\/strong><em>El catastro, la estad\u00edstica y Mart\u00edn de Garay en la Comunidad de Madrid, 1817-1820<\/em>. En: Estudios Geogr\u00e1ficos 82 (290) Enero-Junio 2021, e065 ISSN: 0014-1496, eISSN: 1988-8546<\/p>\n<p><strong>BURGUE\u00d1O RIVERO, Jes\u00fas; GUERRERO LLAD\u00d3S, Montserrat. <\/strong><em>Los mapas del Cuerpo de Estado Mayor (1864-1867) referidos a los escenarios de las batallas de Julio C\u00e9sar en Hispania. Un singular encargo de Napole\u00f3n III a Isabel II<\/em>. En: Er\u00eda, 1(1), Volumen 2021-1. A\u00f1o XLI [<a href=\"https:\/\/reunido.uniovi.es\/index.php\/RCG\/article\/view\/15601\">Link<\/a>]<\/p>\n<p><strong>BURGUE\u00d1O RIVERO, Jes\u00fas<\/strong>. <em>El tractat d\u2019agrimensura de la Bisbal (1812)<\/em>. Treballs de la Societat Catalana de Geografia, [en l\u00ednia], 2020, N\u00fam. 90, p. 173-04 \u00a0[<a href=\"https:\/\/raco.cat\/index.php\/TreballsSCGeografia\/article\/view\/383678\">Link<\/a>]<\/p>\n<p><strong>CASC\u00d3N KATCHADOURIAN, Jes\u00fas Daniel; ALBERICH PASCUAL, Jordi. <\/strong><em>The Georeferencing of Old Cartography in Geographic InformationSystems (GIS): Review, Analysis and Comparative Study of Georeferencing Software. <\/em>En: Revista general de informaci\u00f3n y documentaci\u00f3n, ISSN 1132-1873, ISSN-e 1988-2858, Vol. 31, N\u00ba 1, 2021, p\u00e1gs. 437-460 [<a href=\"https:\/\/revistas.ucm.es\/index.php\/RGID\/article\/view\/76965\/4564456558201\">Link<\/a>]\u00a0<strong>\u00a0<\/strong><\/p>\n<p><strong>DUZER, Chet Van. <\/strong><em>&#8216;Hic sunt dracones&#8217;: la geograf\u00eda y la cartograf\u00eda de los monstruos<\/em>. En: eHumanista: Journal of Iberian Studies, ISSN-e 1540-5877, Vol. 47, 2021, p\u00e1gs. 29-88 [<a href=\"https:\/\/dialnet.unirioja.es\/servlet\/articulo?codigo=8019890\">Link<\/a>]\u00a0<strong>\u00a0<\/strong><\/p>\n<p><strong>G\u00c1MEZ CASADO, Manuel. <\/strong><em>La visi\u00f3n del enemigo: Cartagena de Indias a trav\u00e9s de la cartograf\u00eda europea (1739-1743)<\/em>. En: Esencias y pervivencias barrocas: Colombia en el Nuevo Reino de Granada \/ Adri\u00e1n Contrera Guerrero , 2021, ISBN 978-84-09-32246-6, p\u00e1gs. 43-60 <a href=\"https:\/\/rio.upo.es\/xmlui\/handle\/10433\/11207\">https:\/\/rio.upo.es\/xmlui\/handle\/10433\/11207<\/a><\/p>\n<p><strong><strong>LABRADOR ARROYO, F\u00e9lix. <\/strong><em>Extracto general comprensivo del real patrimonio de 1825<\/em>. En CT Catastro N\u00daMERO 96 SEXTA \u00c9POCA AGOSTO 2019 <\/strong>[<a href=\"https:\/\/www.catastro.meh.es\/documentos\/publicaciones\/ct\/ct96\/Catastro_96_accesible.PDF\">PDF<\/a>]\u00a0<strong>\u00a0<\/strong><\/p>\n<p><strong>LAVADO RODR\u00cdGUEZ, Fabi\u00e1n. <\/strong><em>La plaza de Olivenza en 1801-02: descripci\u00f3n, estado de la fortificaci\u00f3n y de sus edificios militares, obras necesarias y pertrechos<\/em>. En: O Pelourinho: Boletin de Relaciones transfronterizas, ISSN-e 1136-1670, N\u00ba. 25 (2a \u00e9poca), 2021, p\u00e1gs. 143-190 \u00a0[<a href=\"https:\/\/dialnet.unirioja.es\/servlet\/articulo?codigo=7949674\">Link<\/a>]\u00a0<strong>\u00a0<\/strong>\u00a0<strong>\u00a0<\/strong><\/p>\n<p><strong>L\u00d3PEZ BRAGADO, Daniel; ARENAS PRIETO, Fernando; LAFUENTE S\u00c1NCHEZ, V\u00edctor Antonio. <\/strong><em>Juan Mart\u00edn Zerme\u00f1o y los planos de Zamora de 1766<\/em>. En: Goya: revista de arte: publicaci\u00f3n bimestral de la Fundaci\u00f3n L\u00e1zaro Galdiano N. 371. Abril-junio 2020<\/p>\n<p><strong>L\u00d3PEZ HERN\u00c1NDEZ, Ignacio J. <\/strong><em>Alejandro O&#8217;Reilly y el ingeniero Beltr\u00e1n Beaumont en Santiago de Cuba: causas y principios de un proyecto de fortificaci\u00f3n frustrado (1764-1766)<\/em>. En: Temas Americanistas. N\u00famero 46, junio 2021, pp.396-421 \u00a0[<a href=\"https:\/\/revistascientificas.us.es\/index.php\/Temas_Americanistas\/article\/view\/18898\/16552\">Link<\/a>]<\/p>\n<p><strong>L\u00d3PEZ HERN\u00c1NDEZ, Ignacio J. <\/strong><em>La fortificaci\u00f3n de campa\u00f1a en Cuba durante la guerra del Asiento: la definici\u00f3n de un modelo defensivo en el Caribe hispano<\/em>. En: Revista\u00a0\u00a0 de\u00a0\u00a0 Indias, LXXXI\/282 (Madrid, 2021): 345-374 <a href=\"https:\/\/revistadeindias.revistas.csic.es\/index.php\/revistadeindias\/article\/view\/1491\/1855\">https:\/\/revistadeindias.revistas.csic.es\/index.php\/revistadeindias\/article\/view\/1491\/1855<\/a><\/p>\n<p><strong>MERINO DEL R\u00cdO, Rebeca; LINARES G\u00d3MEZ DEL PULGAR, Mercedes; TEJEDOR CABRERA, Antonio. <\/strong><em>An\u00e1lisis de los procesos de territorializaci\u00f3n en el bajo Guadalquivir a trav\u00e9s de la cartograf\u00eda hist\u00f3rica<\/em>. En: EGA: revista de expresi\u00f3n gr\u00e1fica arquitect\u00f3nica, ISSN 1133-6137, ISSN-e 2254-6103, Vol. 26, N\u00ba. 41, 2021 (ejemplar dedicado a: Conversando con&#8230;Sol Madridejos), p\u00e1gs. 102-119 [<a href=\"https:\/\/polipapers.upv.es\/index.php\/EGA\/article\/view\/14255\">Link<\/a>]<\/p>\n<p><strong>MOREIRA, Lu\u00eds Miguel Alves de Bessa. <\/strong><em>Fortifica\u00e7oes abaluartadas da fronteira luso-extremenha na cartografia de Nicol\u00e1s de Fer<\/em>. En: O Pelourinho: Boletin de Relaciones transfronterizas, ISSN-e 1136-1670, N\u00ba. 25 (2a \u00e9poca), 2021, p\u00e1gs. 89-113 <a href=\"https:\/\/dialnet.unirioja.es\/servlet\/articulo?codigo=7949671\">https:\/\/dialnet.unirioja.es\/servlet\/articulo?codigo=7949671<\/a><\/p>\n<p><strong>MORENO MART\u00cdN, Jos\u00e9 Mar\u00eda.<\/strong> \u201cMaestros y cosm\u00f3grafos: la labor de Nu\u00f1o Garc\u00eda de Toreno y Diego Ribero en la Casa de la Contrataci\u00f3n\u201d. En <em>Actas del I Congreso Transdisciplinar de Historia Naval Ib\u00e9rica \u00abPrimus circumdedisti me. La odisea transoce\u00e1nica de Magallanes-Elcano (1519-1522)\u00bb<\/em>. Organiza: Sociedad Espa\u00f1ola Transdisciplinar de Investigaci\u00f3n y Divulgaci\u00f3n Cient\u00edfica, Facultad de Geograf\u00eda e Historia. Universidad Complutense de Madrid, Madrid 8-9 de noviembre de 2021.<strong>\u00a0<\/strong><\/p>\n<p><strong>OLIVA CA\u00d1IZARES, Antonio; OLCINA CANTOS, Jorge. <\/strong> <em>La importancia de la cartograf\u00eda hist\u00f3rica en la elaboraci\u00f3n de mapas de peligrosidad de inundaci\u00f3n en el contexto del cambio clim\u00e1tico: propuestas para la Rambla de Abanilla (Alicante)<\/em>. En: Estudios Geogr\u00e1ficos, 82 (290), e069. \u00a0[<a href=\"https:\/\/estudiosgeograficos.revistas.csic.es\/index.php\/estudiosgeograficos\/article\/view\/1048\">Link<\/a>]<strong>\u00a0<\/strong><\/p>\n<p><strong>RODR\u00cdGUEZ DOMENECH, Mar\u00eda de los \u00c1ngeles; CAMARERO BULL\u00d3N Concepci\u00f3n; RODR\u00cdGUEZ ESPINOSA, Eduardo. <\/strong><em>La representaci\u00f3n cartogr\u00e1fica de los municipios manchegos en el XVIII. El Catastro de Ensenada<\/em>. En: Localizaci\u00f3n: Anales de geograf\u00eda de la Universidad Complutense, ISSN 0211-9803, Vol. 40, N\u00ba 2, 2020, p\u00e1gs. 499-540 <a href=\"https:\/\/dialnet.unirioja.es\/servlet\/articulo?codigo=7709019\">https:\/\/dialnet.unirioja.es\/servlet\/articulo?codigo=7709019<\/a><\/p>\n<p><strong>S\u00c1NCHEZ GONZ\u00c1LEZ, Antonio. <\/strong><em>Cartograf\u00eda y litigio territorial en los confines de Arag\u00f3n y raya de Castilla: La pila bautismal que separa dos reinos<\/em>. En: Revista de estudios regionales, ISSN 0213-7585, N\u00ba. 120, 2021, p\u00e1gs. 165-189 [<a href=\"http:\/\/www.revistaestudiosregionales.com\/documentos\/articulos\/pdf-articulo-2609.pdf\">PDF<\/a>]<strong>\u00a0<\/strong><\/p>\n<p><strong>URTEAGA, Luis. <\/strong><em>La g\u00e9nesis del Instituto Geogr\u00e1fico<\/em>. En: Bolet\u00edn de la Real Sociedad Geogr\u00e1fica. Tomo CLVI [<a href=\"https:\/\/books.google.es\/books?hl=es&amp;lr=&amp;id=4eExEAAAQBAJ&amp;oi=fnd&amp;pg=PA26&amp;dq=Historia+de+la+cartograf%C3%ADa&amp;ots=Jk5W0HOgZM&amp;sig=FaCbLQoPvyl2nqLLR0C3NykAwPE#v=onepage&amp;q=Historia%20de%20la%20cartograf%C3%ADa&amp;f=false\">Libro<\/a>]<strong>\u00a0<strong>\u00a0<\/strong><\/strong><\/p>\n<p><strong>VOLOSYUK, Olga. <\/strong><em>La expansi\u00f3n territorial de Rusia en el siglo XVIII. Primeros pasos de la cartograf\u00eda<\/em>. En: De reinos a naciones: espacios, territorios y mentalidades, coord. por Juan Jim\u00e9nez Castillo, Manuel Rivero Rodr\u00edguez \u00c1rbol acad\u00e9mico, 2021, ISBN 978-84-16335-74-9, p\u00e1gs. 301-321<\/p>\n<h3><strong>TESIS<\/strong><\/h3>\n<p><strong>AR\u00cdSTEGUI CORTIJO, Andr\u00e9s. <\/strong>El levantamiento del Mapa de Espa\u00f1a: trabajos geod\u00e9sicos, topogr\u00e1ficos y catastrales (1853-1883). An\u00e1lisis actuales aplicando Tecnolog\u00edas de la Informaci\u00f3n Geogr\u00e1fica. <a href=\"https:\/\/eprints.ucm.es\/id\/eprint\/65256\/1\/T42268.pdf\">https:\/\/eprints.ucm.es\/id\/eprint\/65256\/1\/T42268.pdf<\/a><\/p>\n<p><strong>PRIETO SARRO, Ignacio. <\/strong>Le\u00f3n en la cartograf\u00eda contempor\u00e1nea. Universidad de Le\u00f3n (Espa\u00f1a), 2021. <a href=\"http:\/\/buleria.unileon.es\/handle\/10612\/13364\">http:\/\/buleria.unileon.es\/handle\/10612\/13364<\/a><\/p>\n<h3><strong>OTROS<\/strong><\/h3>\n<p><strong>Calendario IGN para el a\u00f1o 2022<\/strong>: http:\/\/www.ign.es\/web\/ign\/portal\/publicaciones-boletines-ylibros-digitales#calendarios Autor: Instituto Geogr\u00e1fico Nacional. Edici\u00f3n y comercializaci\u00f3n: Centro Nacional de Informaci\u00f3n Geogr\u00e1fica. Las im\u00e1genes del calendario corresponden a mapas pertenecientes a la exposici\u00f3n Ciudades del Mundo. Vistas y Planos, actualmente exhibida en la Sala de Exposiciones del Instituto Geogr\u00e1fico Nacional.<\/p>\n<p><strong>D\u00edptico de la exposici\u00f3n \u201cCiudades del Mundo\u201d,<\/strong> http:\/\/www.ign.es\/resources\/docs\/IGNCnig\/SCexposicion_diptico_2021.pdf .Autor: Instituto Geogr\u00e1fico Nacional. Edici\u00f3n y comercializaci\u00f3n:Centro Nacional de Informaci\u00f3n Geogr\u00e1fica.<\/p>\n<p>&#8211; D\u00edpticos publicados de las exposiciones itinerantes llevadas a cabo en 2021:<\/p>\n<p><strong>Palma (Mallorca):<\/strong><\/p>\n<p>D\u00edpticos en castellano:<\/p>\n<p>https:\/\/www.ign.es\/resources\/docs\/IGNCnig\/Diptico_VueltaMundo_Baleares.pdf<\/p>\n<p>https:\/\/www.ign.es\/resources\/docs\/IGNCnig\/Diptico_Baleares.pdf<\/p>\n<p>D\u00edpticos en catal\u00e1n:<\/p>\n<p>https:\/\/www.ign.es\/resources\/docs\/IGNCnig\/D%C3%ADptico_VueltaMundo_Baleares_CAT.pdf<\/p>\n<p><a href=\"https:\/\/www.ign.es\/resources\/docs\/IGNCnig\/Diptico_Baleares_cat_.pdf\">https:\/\/www.ign.es\/resources\/docs\/IGNCnig\/Diptico_Baleares_cat_.pdf<\/a><\/p>\n<p><strong>Murcia\/\u00c1guilas:<\/strong> [<a href=\"https:\/\/www.ign.es\/web\/resources\/docs\/IGNCnig\/150-aniversario\/diptico_IberiaEspa%C3%B1a_Murcia_WEB.pdf\">PDF<\/a>]<strong>\u00a0<\/strong><\/p>\n<p><strong>Logro\u00f1o:<\/strong> [<a href=\"https:\/\/www.ign.es\/resources\/docs\/IGNCnig\/Diptico_Vuelta-Mundo_Logrono.pdf\">PDF<\/a>]<strong>\u00a0<\/strong><\/p>\n<\/div><\/section>\n","protected":false},"excerpt":{"rendered":"","protected":false},"author":643,"featured_media":0,"parent":77,"menu_order":12,"comment_status":"closed","ping_status":"closed","template":"","meta":{"footnotes":""},"class_list":["post-1223","page","type-page","status-publish","hentry"],"_links":{"self":[{"href":"https:\/\/old.sge.org\/ibercarto\/wp-json\/wp\/v2\/pages\/1223","targetHints":{"allow":["GET"]}}],"collection":[{"href":"https:\/\/old.sge.org\/ibercarto\/wp-json\/wp\/v2\/pages"}],"about":[{"href":"https:\/\/old.sge.org\/ibercarto\/wp-json\/wp\/v2\/types\/page"}],"author":[{"embeddable":true,"href":"https:\/\/old.sge.org\/ibercarto\/wp-json\/wp\/v2\/users\/643"}],"replies":[{"embeddable":true,"href":"https:\/\/old.sge.org\/ibercarto\/wp-json\/wp\/v2\/comments?post=1223"}],"version-history":[{"count":11,"href":"https:\/\/old.sge.org\/ibercarto\/wp-json\/wp\/v2\/pages\/1223\/revisions"}],"predecessor-version":[{"id":1244,"href":"https:\/\/old.sge.org\/ibercarto\/wp-json\/wp\/v2\/pages\/1223\/revisions\/1244"}],"up":[{"embeddable":true,"href":"https:\/\/old.sge.org\/ibercarto\/wp-json\/wp\/v2\/pages\/77"}],"wp:attachment":[{"href":"https:\/\/old.sge.org\/ibercarto\/wp-json\/wp\/v2\/media?parent=1223"}],"curies":[{"name":"wp","href":"https:\/\/api.w.org\/{rel}","templated":true}]}}