{"id":1052,"date":"2020-12-15T12:56:54","date_gmt":"2020-12-15T11:56:54","guid":{"rendered":"https:\/\/sge.org\/ibercarto\/?page_id=1052"},"modified":"2020-12-15T12:59:08","modified_gmt":"2020-12-15T11:59:08","slug":"espana-bibliografia-cartografica-de-autores-espanoles-ano-2018","status":"publish","type":"page","link":"https:\/\/old.sge.org\/ibercarto\/bibliografia-cartografica\/espana-bibliografia-cartografica-de-autores-espanoles-ano-2018\/","title":{"rendered":"ESPA\u00d1A.- Bibliograf\u00eda cartogr\u00e1fica de autores espa\u00f1oles a\u00f1o 2018"},"content":{"rendered":"<section  class='av_textblock_section av-av_textblock-0366cc7376be6c9e82a3e9cc8987b64f'  itemscope=\"itemscope\" itemtype=\"https:\/\/schema.org\/CreativeWork\" ><div class='avia_textblock'  itemprop=\"text\" ><h3><strong>MONOGRAF\u00cdAS<\/strong><\/h3>\n<p><strong>Arag\u00f3n <\/strong>en el mapa: la imagen de Arag\u00f3n a trav\u00e9s de la cartograf\u00eda (siglos XV a XXI) [cat\u00e1logo exposici\u00f3n], [Fernando L\u00f3pez Mart\u00edn y Consuelo Sus\u00edn L\u00f3pez, coord. y textos].\u00a0&#8211; Zaragoza: Instituto Geogr\u00e1fico de Arag\u00f3n, D.L. 2018.<br \/>\nISBN 978-84-8380-389-9<\/p>\n<p><strong>Historia de la cartograf\u00eda urbana en Espa\u00f1a<\/strong>: Modelos y realizaciones. Grup d\u2019estudis d\u2019hist\u00f2ria de la cartografia, Luis Urteaga y Francesc Nadal Editores. Madrid: Centro Nacional de Informaci\u00f3n Geogr\u00e1fica. NIPO: 162-17-022-4. DOI:10.7419\/162.07. 2017<\/p>\n<p><a href=\"http:\/\/www.ign.es\/web\/resources\/acercaDe\/libDigPub\/Historia_cartografia_urbana.zip\">http:\/\/www.ign.es\/web\/resources\/acercaDe\/libDigPub\/Historia_cartografia_urbana.zip<\/a><\/p>\n<p><strong>PADROSA GORGOT, In\u00e9s<\/strong>. La Cartograf\u00eda de la Colecci\u00f3n Mascort. Escenas de la Historia. Girona: Fundaci\u00f3 Privada Mascort, 2018, 480 p.\u00a0 ISBN: 978-84-09-03042-2<\/p>\n<p><strong>Pennier. <\/strong>Recueil des plans du Roussillon, de Catalogne : des chasteaux, villages, eglises, chapelles &amp; maisons qui peuvent servir de postes en temps de guerre : et de quelques endroits de France et d&#8217;Espagne. Pennier (ingeniero). Barcelona: Institut Cartogr\u00e0fic i Geol\u00f2gic de Catalunya, 2017. 978-84-393-9636-9; 84-393-9636-9<\/p>\n<p><strong>POLO MART\u00cdN, B\u00e1rbara. <\/strong>Juan Ponce de Le\u00f3n a trav\u00e9s de las fuentes. Canterano: Gioacchino Onorati editore, 2018<\/p>\n<p><strong>RECUEIL<\/strong> des plans du Roussillon, de Catalogne\u2026 Par le Sr Pennier, 1719. Barcelona: Institut Cartogr\u00e0fic i Geol\u00f2gic de Catalunya, 2017<\/p>\n<p><strong>REGUERA RODR\u00cdGUEZ<\/strong>, <strong>Antonio T<\/strong>. La carta geom\u00e9trica: los antecedentes del mapa topogr\u00e1fico nacional. [Le\u00f3n]: \u00c1rea de Publicaciones e Instituto de Humanismo y Tradici\u00f3n Cl\u00e1sica de la Universidad de Le\u00f3n, 2017. 978-84-9773-905-4<\/p>\n<p><strong>TOUS MELI\u00c1, Juan. <\/strong>Cabrera a trav\u00e9s de la cartograf\u00eda, (c.1275-1916): atlas hist\u00f3rico-geogr\u00e1fico de la isla. San Crist\u00f3bal de La Laguna: J. Tous, 2017<\/p>\n<p>978-84-697-2728-7<\/p>\n<h3><strong>ARTICULOS DE REVISTAS<\/strong><\/h3>\n<p><strong>BES\u00d3 ROS, Adri\u00e0. \u201c<\/strong>Las planimetr\u00edas del Instituto Geogr\u00e1fico Nacional como fuente para la documentaci\u00f3n hist\u00f3rica del patrimonio de la obra p\u00fablica y del paisaje construido\u201d. En: E-rph: Revista electr\u00f3nica de Patrimonio Hist\u00f3rico, ISSN-e 1988-7213, N\u00ba. 22, 2018, p\u00e1gs. 184-209<\/p>\n<p><a href=\"https:\/\/dialnet.unirioja.es\/servlet\/revista?codigo=14544\">https:\/\/dialnet.unirioja.es\/servlet\/revista?codigo=14544<\/a><\/p>\n<p><strong>BLANCO V\u00c1ZQUEZ, Luis. \u201c<\/strong>El establecimiento hispano africano de Santa Cruz de Mar Peque\u00f1a y su aparici\u00f3n en la cartograf\u00eda n\u00e1utica portuguesa de finales del siglo XV\u201d. En:\u00a0 Anuario de Estudios Atl\u00e1nticos, ISSN 0570-4065, N\u00ba. 64, 2018<\/p>\n<p><a href=\"http:\/\/anuariosatlanticos.casadecolon.com\/index.php\/aea\/article\/view\/10172\/9654\">http:\/\/anuariosatlanticos.casadecolon.com\/index.php\/aea\/article\/view\/10172\/9654<\/a><\/p>\n<p><strong>BOSSI, Paolo; NADAL PIQU\u00c9, Francesc. \u201c<\/strong>Ambrosio Borsano: un exponente de la escuela de ingenier\u00eda militar de Mil\u00e1n al servicio de la Monarqu\u00eda Hisp\u00e1nica (1633-1661)\u201d. En: Hispania, Vol 77, No 257 (2017) <a href=\"http:\/\/hispania.revistas.csic.es\/index.php\/hispania\/article\/view\/528\/523\">http:\/\/hispania.revistas.csic.es\/index.php\/hispania\/article\/view\/528\/523<\/a><\/p>\n<p><strong>CAMARERO BULL\u00d3N, Concepci\u00f3n; GARC\u00cdA JUAN, Laura. \u201c<\/strong>Geograf\u00eda hist\u00f3rica de los espacios reales: Al\u00f3ndiga, Aceca y Barciles, despoblados del rey en la vega del Tajo\u201d. En: Estudios Geogr\u00e1ficos Vol. LXXIX, 284, pp. 209-235 Enero-junio 2018. ISSN: 0014-1496 e ISSN: 1988-8546<\/p>\n<p><strong>CAMARERO BULL\u00d3N, Concepci\u00f3n; URTEAGA GONZ\u00c1LEZ, Luis. \u201c<\/strong>De la Corte al Estado: la cartograf\u00eda de los sitios reales levantada por la Junta General de Estad\u00edstica (1861-1869)\u201d. En: La extensi\u00f3n de la corte: Los sitios reales \/ Concepci\u00f3n Camarero Bull\u00f3n (dir.); F\u00e9lix Labrador Arroyo (dir.) 2017, ISBN 9788483445549, p\u00e1gs. 685-745<\/p>\n<p><strong>CASTILLO OREJA, Miguel \u00c1ngel<\/strong>. \u201cAm\u00e9rica en la cartograf\u00eda del siglo XVI (1500-1556)\u201d . En Revista Quiroga. n\u00ba 13, enero-junio 2018, 16-28 \u00b7 ISSN 2254-7037<\/p>\n<p><a href=\"https:\/\/revistaquiroga.andaluciayamerica.com\/index.php\/quiroga\/article\/viewFile\/225\/188\">https:\/\/revistaquiroga.andaluciayamerica.com\/index.php\/quiroga\/article\/viewFile\/225\/188<\/a><\/p>\n<p><strong>CH\u00cdAS NAVARRO, Pilar. \u201c<\/strong>La representaci\u00f3n de la ciudad, del territorio y del paisaje en la revista EGA: mapas, planos y dibujos\u201d. En: EGA Expresi\u00f3n Gr\u00e1fica Arquitect\u00f3nica. Vol 23 n.34<\/p>\n<p><a href=\"https:\/\/polipapers.upv.es\/index.php\/EGA\/article\/view\/10850\/10708\">https:\/\/polipapers.upv.es\/index.php\/EGA\/article\/view\/10850\/10708<\/a><\/p>\n<p><strong>CID MENDOZA, Ana del. \u201c<\/strong>Manhattan en 1782: un retrato cartogr\u00e1fico\u201d. En: GOYA, revista de arte. N. 362 (Enero-Marzo 2018). ISSN 0017-2715. Pp. 44-55<\/p>\n<p><strong>CRESPO, Antonio. \u201c<\/strong>Perdidos en el mapa del Monte Perdido\u201d. En: Revista Mapping. Vol 27, n. 188 (Marzo-Abril 2018) ISSN: 1131-9100. Pag. 40-48<\/p>\n<p><a href=\"http:\/\/revistamapping.com\/wp-content\/uploads\/2018\/07\/Revista-MAPPING-188_A5.pdf\">http:\/\/revistamapping.com\/wp-content\/uploads\/2018\/07\/Revista-MAPPING-188_A5.pdf<\/a><\/p>\n<p><strong>D\u00cdAZ GARRIDO, Mercedes. \u201c<\/strong>Evoluci\u00f3n de la forma urbana de Carmona. El an\u00e1lisis del plano en el estudio hist\u00f3rico de la ciudad\u201d. En: Arqueolog\u00eda y Territorio Medieval 24, 2017. pp. I.S.S.N.: 1134-3184 pp. 229-254<\/p>\n<p>file:\/\/\/C:\/Users\/riosmtr\/AppData\/Local\/Microsoft\/Windows\/Temporary%20Internet%20Files\/Content.IE5\/JBKTZ2TH\/3673-12393-1-PB.pdf<\/p>\n<p><strong>ECHARRI IRIBARREN<\/strong>, <strong>V\u00edctor<\/strong> . \u201cTerritorio, inundaciones y defensa en Flandes: los proyectos de Verboom y Vauban para las fortificaciones de Lier en 1702\u201d. En: Hispania, 2018, vol. LXXVIII, n\u00ba. 258, enero-abril, p\u00e1gs. 139-167 ISSN: 0018-2141, e-ISSN: 1988-8368<\/p>\n<p><a href=\"https:\/\/doi.org\/10.3989\/hispania.2018.005\">https:\/\/doi.org\/10.3989\/hispania.2018.005<\/a>&#8221;<\/p>\n<p><strong>GONZ\u00c1LEZ-PUMARIEGA SOL\u00cdS, Pelayo;\u00a0 R\u00c1BANO GUTI\u00c9RREZ, Isabel. \u201c<\/strong>El dibujo de paisaje en la ingenier\u00eda. La colecci\u00f3n de vistas de la Comisi\u00f3n del Mapa Geol\u00f3gico de Espa\u00f1a (1850-1853)\u201d. En: Er\u00eda: Revista cuatrimestral de geograf\u00eda, 2018.\u00a0 Volumen 2018-1. A\u00f1o XXXVIII<\/p>\n<p><a href=\"https:\/\/www.unioviedo.es\/reunido\/index.php\/RCG\/article\/view\/11929\">https:\/\/www.unioviedo.es\/reunido\/index.php\/RCG\/article\/view\/11929<\/a><\/p>\n<p><strong>L\u00d3PEZ OLMEDO<\/strong>, <strong>Fabi\u00e1n Luis<\/strong>. \u201cLas series cartogr\u00e1ficas: el Mapa Geol\u00f3gico\u201d. En: Memorias R. Soc. Esp. Hist. Nat., 2\u00aa \u00e9p., 14, 2017.<\/p>\n<p><a href=\"http:\/\/147.96.59.157\/rsehn\/index.php?d=publicaciones&amp;num=66&amp;w=378&amp;ft=1\">http:\/\/147.96.59.157\/rsehn\/index.php?d=publicaciones&amp;num=66&amp;w=378&amp;ft=1<\/a><\/p>\n<p><strong>L\u00d3PEZ REQUENA, Jes\u00fas. \u201c<\/strong>Los mapas del proyecto de navegaci\u00f3n del Tajo de Carlos Sim\u00f3n Pontero (1755)\u201d. En Er\u00eda: Revista cuatrimestral de geograf\u00eda, 2018.\u00a0 Volumen 2018-1. A\u00f1o XXXVIII<\/p>\n<p><strong>MAGALLANES PERNAS, Luis<\/strong> (2108). \u201cArchivo Cartogr\u00e1fico y de Estudios Geogr\u00e1ficos del Centro Geogr\u00e1fico del Ej\u00e9rcito\u201d. En Revista Mapping,\u00a0 Vol. 27\u00a0 n\u00ba 190\u00a0 Julio Agosto 2018.<\/p>\n<p><strong>MART\u00cdNEZ GARC\u00cdA, Pedro. \u201c<\/strong>Cartografiando el \u00abNuevo Mundo\u00bb: tradiciones medievales de otredad\u201d. En: Vegueta: Anuario de la Facultad de Geograf\u00eda e Historia, ISSN 1133-598X, N\u00ba 18, 2018, p\u00e1gs. 119-131<\/p>\n<p><a href=\"http:\/\/revistavegueta.ulpgc.es\/ojs\/index.php\/revistavegueta\/article\/view\/414\">http:\/\/revistavegueta.ulpgc.es\/ojs\/index.php\/revistavegueta\/article\/view\/414<\/a><\/p>\n<p><strong>MASETTI, Carla. \u201c<\/strong>Dall&#8217;Aurea Chersonesus alla Penisola di Malacca. Fonti cartografiche a confronto (prima met\u00e0 del sec. XVI)\u201d. En: Revista de Estudios Colombinos, ISSN 1699-3926, N\u00ba. 13, 2017, p\u00e1gs. 39-50<\/p>\n<p><a href=\"https:\/\/dialnet.unirioja.es\/servlet\/revista?codigo=12493\">https:\/\/dialnet.unirioja.es\/servlet\/revista?codigo=12493<\/a><\/p>\n<p><strong>MORAL ANDR\u00c9S, Fernando; MERINO G\u00d3MEZ, Elena. \u201c<\/strong>Cartograf\u00edas urbanas: la representaci\u00f3n gr\u00e1fica del conflicto en los espacios p\u00fablicos\u201d. En: EGA, expresi\u00f3n gr\u00e1fica y arquitect\u00f3nica. Inicio &gt; Vol. 23, N\u00fam. 32 (2018) Vol. 23, N\u00fam. 32 (2018). Pp 262-273&#8243;<\/p>\n<p><a href=\"https:\/\/polipapers.upv.es\/index.php\/EGA\/article\/view\/7973\">https:\/\/polipapers.upv.es\/index.php\/EGA\/article\/view\/7973<\/a><\/p>\n<p><strong>PALENQUES SALMER\u00d3N; M\u00aa Luisa; MESANZA MORAZA, Amaia. \u201c<\/strong>Fuentes geohist\u00f3ricas precatastrales para la delimitaci\u00f3n de la propiedad rural: el caso de \u00c1lava (siglo XVIII)\u201d. En: Revista CT Catastro N\u00ba90 (agosto 2017), pp. 45-62<\/p>\n<p><a href=\"http:\/\/www.catastro.meh.es\/documentos\/publicaciones\/ct\/ct90\/Catastro_90_accesible.pdf#page=11\">http:\/\/www.catastro.meh.es\/documentos\/publicaciones\/ct\/ct90\/Catastro_90_accesible.pdf#page=11<\/a><\/p>\n<p><strong>P\u00c9COUT, Gilles. \u201c<\/strong>Por una historia de las representaciones del territorio el mapa de Italia durante el siglo XIX\u201d. En: Zibaldone. Estudios italianos, ISSN-e 2255-3576, Vol. 6, N\u00ba. 1, 2018 (Ejemplar dedicado a: Primera Guerra Mundial e Irredentismo triestino), p\u00e1gs. 4-13<\/p>\n<p><a href=\"https:\/\/dialnet.unirioja.es\/servlet\/articulo?codigo=6263602\">https:\/\/dialnet.unirioja.es\/servlet\/articulo?codigo=6263602<\/a><\/p>\n<p><strong>PERAL-L\u00d3PEZ, Jos\u00e9; ALADRO-PRIETO, Jos\u00e9 Manuel. \u201c<\/strong>Canales proyectados y so\u00f1ados en el Bajo Guadalquivir. Jerez puerto de mar\u201d. En: De trazos, huellas e improntas. Arquitectura, ideaci\u00f3n, representaci\u00f3n y difusi\u00f3n.\u00a0 Congreso internacional de expresi\u00f3n gr\u00e1fica arquitect\u00f3nica. 978-84-16724-93-2<\/p>\n<p><a href=\"https:\/\/idus.us.es\/xmlui\/bitstream\/handle\/11441\/77052\/Canales%20proyectados.pdf?sequence=1&amp;isAllowed=y\">https:\/\/idus.us.es\/xmlui\/bitstream\/handle\/11441\/77052\/Canales%20proyectados.pdf?sequence=1&amp;isAllowed=y<\/a><\/p>\n<p><strong>P\u00c9REZ-RUB\u00cdN FEIGL, Juan<\/strong>. \u201c150 a\u00f1os de evoluci\u00f3n de la cartograf\u00eda nacional de la vida submarina y el impulso con el Instituto Espa\u00f1ol de Oceanograf\u00eda (1866-2016)\u201d. En: Bolet\u00edn de la\u00a0 Real\u00a0 Sociedad Espa\u00f1ola de\u00a0 Historia Natural. N.\u00a0 111, 2017.<\/p>\n<p><a href=\"http:\/\/147.96.59.157\/rsehn\/index.php?d=publicaciones&amp;num=67&amp;w=401\">http:\/\/147.96.59.157\/rsehn\/index.php?d=publicaciones&amp;num=67&amp;w=401<\/a><\/p>\n<p><strong>PINZ\u00d3N R\u00cdOS<\/strong>, <strong>Guadalupe.<\/strong> \u201cDe zona olvidada a plataforma de expansi\u00f3n. Centroam\u00e9rica en las representaciones cartogr\u00e1ficas y proyectos navales ingleses (1680-1742)\u201d. En: Anuario de Estudios Americanos, 75, 1 Sevilla (Espa\u00f1a), enero-junio, 2018, 185-210. ISSN: 0210-5810. <a href=\"https:\/\/doi.org\/10.3989\/aeamer.2018.1.07\">https:\/\/doi.org\/10.3989\/aeamer.2018.1.07<\/a><\/p>\n<p><strong>PINTO, Karen. <\/strong>\u201cIn God\u2019s Eyes: The Sacrality of the Seas in the Islamic Cartographic Vision\u201d. En: Espacio, tiempo y forma. Serie VII, Historia del arte, a\u00f1o 2017 n.5 pp. 55-79<\/p>\n<p><a href=\"http:\/\/revistas.uned.es\/index.php\/ETFVII\/article\/view\/18131\/16508\">http:\/\/revistas.uned.es\/index.php\/ETFVII\/article\/view\/18131\/16508<\/a><\/p>\n<p><strong>PLAT\u00d3NOVA, Natalia V\u00edctorovna. \u201c<\/strong>Agrimensores y Catastro general en el Imperio ruso (siglos XVIII-XIX)\u201d. En: Revista CT Catastro N\u00ba90 (agosto 2017)<\/p>\n<p><a href=\"http:\/\/www.catastro.meh.es\/documentos\/publicaciones\/ct\/ct90\/Catastro_90_accesible.pdf#page=11\">http:\/\/www.catastro.meh.es\/documentos\/publicaciones\/ct\/ct90\/Catastro_90_accesible.pdf#page=11<\/a><\/p>\n<p><strong>RECURSOS CARTOGR\u00c1FICOS<\/strong> y geohist\u00f3ricos para el inventario de humedales temporales y desecados mediterr\u00e1neos. En: Geofocus: Revista Internacional de Ciencia y Tecnolog\u00eda de la Informaci\u00f3n Geogr\u00e1fica, ISSN-e 1578-5157, N\u00ba. 19, 2017. <a href=\"https:\/\/helvia.uco.es\/bitstream\/handle\/10396\/14978\/540-1298-1-PB-1.pdf?sequence=1&amp;isAllowed=y\">https:\/\/helvia.uco.es\/bitstream\/handle\/10396\/14978\/540-1298-1-PB-1.pdf?sequence=1&amp;isAllowed=y<\/a><\/p>\n<p><strong>RODR\u00cdGUEZ ESTEBAN, Jos\u00e9 Antonio; CAMPOS SERRANO, Alicia. \u201c<\/strong>El cart\u00f3grafo Enrique d\u2019Almonte, en la encrucijada del colonialismo espa\u00f1ol de Asia y \u00c1frica\u201d. En: Scripta Nova: revista electr\u00f3nica de geograf\u00eda y ciencias sociales &gt; 2018: Vol.: 22<\/p>\n<p><a href=\"http:\/\/revistes.ub.edu\/index.php\/ScriptaNova\/article\/view\/19305\/23636\">http:\/\/revistes.ub.edu\/index.php\/ScriptaNova\/article\/view\/19305\/23636<\/a><\/p>\n<p><strong>RODR\u00cdGUEZ WITTMANN, Kevin. \u201c<\/strong>Las Islas Afortunadas como frontera hacia lo desconocido. Un estudio desde la cartograf\u00eda medieval\u201d. En: Vegueta. Anuario de la Facultad de Geograf\u00eda e Historia. 18, 2018, 233-255. ISSN: 1133-598X<\/p>\n<p><a href=\"http:\/\/revistavegueta.ulpgc.es\/ojs\/index.php\/revistavegueta\/article\/view\/418\">http:\/\/revistavegueta.ulpgc.es\/ojs\/index.php\/revistavegueta\/article\/view\/418<\/a><\/p>\n<p><strong>S\u00c1NCHEZ CELADA, Miguel. \u201c<\/strong>Evoluci\u00f3n urbana de Ponce (Puerto Rico), seg\u00fan la cartograf\u00eda hist\u00f3rica\u201d. En:\u00a0 Espacio, tiempo y forma. Serie VI, Geograf\u00eda, ISSN 1130-2968, Tomo 11, 2018, p\u00e1gs. 219-245<\/p>\n<p><a href=\"https:\/\/dialnet.unirioja.es\/servlet\/articulo?codigo=6573516\">https:\/\/dialnet.unirioja.es\/servlet\/articulo?codigo=6573516<\/a><\/p>\n<p><strong>SOBR\u00d3N Mart\u00ednez, Luis de. \u201c<\/strong>1857. Planimetr\u00eda para proyectar el Ensanche de Madrid\u201d. En: De trazos, huellas e improntas: Arquitectura, ideaci\u00f3n, representaci\u00f3n y difusi\u00f3n. Vol. 2, 2018(Tomo II), ISBN 978-84-16724-95-6, p\u00e1gs. 1041-1050<\/p>\n<p><strong>SOLANAS JIM\u00c9NEZ, Jorge. \u201c<\/strong>Tratamiento de cartograf\u00eda hist\u00f3rica para el an\u00e1lisis de la forma urbana en sistemas de informaci\u00f3n geogr\u00e1fica\u201d. En: Biblio3W: Revista bibliogr\u00e1fica de geograf\u00eda y ciencias \u00a0\u00a0\u00a0\u00a0\u00a0\u00a0\u00a0\u00a0\u00a0\u00a0\u00a0 sociales. Universidad de Barcelona. ISSN: 1138-9796. Vol. XXIII, n\u00fam. 1.225<\/p>\n<p><a href=\"http:\/\/revistes.ub.edu\/index.php\/b3w\/article\/view\/26475\/27867\">http:\/\/revistes.ub.edu\/index.php\/b3w\/article\/view\/26475\/27867<\/a><\/p>\n<p><strong>VAN DUZER, Chet and POLO MART\u00cdN, B\u00e1rbara. <\/strong><strong>\u201c<\/strong>A Newly Discovered Fragment of Ptolemy\u2019s Geography\u201d. En Imago Mundi, 70:2<\/p>\n<p><strong>VILLANOVA VALERO, Jos\u00e9 Luis. \u201c<\/strong>El plano de Huesca de 1891 en el contexto de intrigas locales y penuria de la hacienda municipal\u201d. En: Geographicalia (2017), 69, 93-115. ISSN: 0210-8380<\/p>\n<p><a href=\"https:\/\/papiro.unizar.es\/ojs\/index.php\/geographicalia\/article\/view\/2320\">https:\/\/papiro.unizar.es\/ojs\/index.php\/geographicalia\/article\/view\/2320<\/a><\/p>\n<p><strong>VILLANOVA VALERO, Jos\u00e9 Luis y BETR\u00c1N ABAD\u00cdA, Ram\u00f3n. \u201c<\/strong>Los planos de Zaragoza de Dionisio Casa\u00f1al (1880-1911): su uso en la planificaci\u00f3n y la gesti\u00f3n municipal\u201d. En: Ciudad y Territorio. Estudios territoriales, vol XLIX, n\u00ba 191, p. 99-112<\/p>\n<p><a href=\"http:\/\/www.ub.edu\/gehc\/pdf\/Los%20_planos_de_Zaragoza_de_Dionisio_Casa%20%09%C3%B1al.pdf\">http:\/\/www.ub.edu\/gehc\/pdf\/Los%20_planos_de_Zaragoza_de_Dionisio_Casa %C3%B1al.pdf<\/a><\/p>\n<h3><strong>CAP\u00cdTULOS DE LIBROS<\/strong><\/h3>\n<p><strong>GARC\u00cdA CALATAYUD, Carmen<\/strong> (2018). \u201cVisiones de la Tierra. Una imagen en construcci\u00f3n\u201d. En <em>Cosmos <\/em>(VVAA). Madrid: Biblioteca Nacional de Espa\u00f1a, 2018, pp.103-113.<\/p>\n<p><strong>FIDALGO HIJANO, Concepci\u00f3n;\u00a0 GONZ\u00c1LEZ MART\u00cdN, Juan Antonio; Montero, Javier. <\/strong>La cartograf\u00eda militar del siglo XIX. En: <em>Bosque mediterr\u00e1neo y humedales: paisaje, evoluci\u00f3n y conservaci\u00f3n: aportaciones desde la biogeograf\u00eda<\/em> . Vol. 1, 2018 (Tomo 1), ISBN 978-84-948075-6-5, p\u00e1gs. 445-454<\/p>\n<p><strong>MANSO PORTO,<\/strong> <strong>Carmen <\/strong>(2018). \u201cMapa del Nuevo Mundo con la l\u00ednea divisoria trazada por Alejandro VI: reproducci\u00f3n de un planisferio an\u00f3nimo del primer tercio del siglo XVI\u201d. En: <em>En busca del Paso. Valladolid y Magallanes<\/em>. En prensa.<\/p>\n<p><strong>MONTANER GARC\u00cdA, M. Carme. \u201c<\/strong>L&#8217;atles de Pennier i les seves aportacions a la cartografia de Catalunya de principis del segle XVIII\u201d. En: Recueil des plans du Roussillon, de Catalogne\u2026 Par le Sr Pennier, 1719. Barcelona: Institut Cartogr\u00e0fic i Geol\u00f2gic de Catalunya, 2017, p. 15-24<\/p>\n<p><strong>MORENO MART\u00cdN, Jos\u00e9 M\u00aa<\/strong> (2018). \u00a0\u201cLa conquista del horizonte: viajes y expediciones cient\u00edficas que cambiaron el mundo\u201d. En <em>Cosmos <\/em>(VVAA). Madrid: Biblioteca Nacional de Espa\u00f1a, 2018, pp.115-129.<\/p>\n<p><strong>S\u00c1ENZ-L\u00d3PEZ P\u00c9REZ, Sandra.<\/strong> \u201cEl \u2018otro\u2019 en la cartograf\u00eda bajomedieval: aportaciones desde la lectura de los mapas. En <em>Atrav\u00e9s do olhar do Outro. Reflex\u00f5es acerca da sociedade medieval europeia (s\u00e9culos XII-XV)<\/em>, ed. Jos\u00e9 Albuquerque Carreiras, Giulia Rossi Vairo and Kristjan Toomaspoeg (Tomar, Portugal: Instituto Polit\u00e9cnico de Tomar, 2018), pp. 135-156<\/p>\n<h3><strong>TESIS<\/strong><\/h3>\n<p><strong>GISBERT I TRAVERIA, Meritxell<\/strong>. &#8220;Cartografia i transformaci\u00f3 del territori a Catalunya entre l\u2019Antic R\u00e8gim i la Revoluci\u00f3 liberal (ss. XVIII-XIX): el paper de la fam\u00edlia Soler. Universidad de Bercelona. Fecha de publicaci\u00f3n 20-jun-2017.<\/p>\n<h3><\/h3>\n<h3><\/h3>\n<\/div><\/section>\n","protected":false},"excerpt":{"rendered":"","protected":false},"author":643,"featured_media":0,"parent":77,"menu_order":12,"comment_status":"closed","ping_status":"closed","template":"","meta":{"footnotes":""},"class_list":["post-1052","page","type-page","status-publish","hentry"],"_links":{"self":[{"href":"https:\/\/old.sge.org\/ibercarto\/wp-json\/wp\/v2\/pages\/1052","targetHints":{"allow":["GET"]}}],"collection":[{"href":"https:\/\/old.sge.org\/ibercarto\/wp-json\/wp\/v2\/pages"}],"about":[{"href":"https:\/\/old.sge.org\/ibercarto\/wp-json\/wp\/v2\/types\/page"}],"author":[{"embeddable":true,"href":"https:\/\/old.sge.org\/ibercarto\/wp-json\/wp\/v2\/users\/643"}],"replies":[{"embeddable":true,"href":"https:\/\/old.sge.org\/ibercarto\/wp-json\/wp\/v2\/comments?post=1052"}],"version-history":[{"count":3,"href":"https:\/\/old.sge.org\/ibercarto\/wp-json\/wp\/v2\/pages\/1052\/revisions"}],"predecessor-version":[{"id":1054,"href":"https:\/\/old.sge.org\/ibercarto\/wp-json\/wp\/v2\/pages\/1052\/revisions\/1054"}],"up":[{"embeddable":true,"href":"https:\/\/old.sge.org\/ibercarto\/wp-json\/wp\/v2\/pages\/77"}],"wp:attachment":[{"href":"https:\/\/old.sge.org\/ibercarto\/wp-json\/wp\/v2\/media?parent=1052"}],"curies":[{"name":"wp","href":"https:\/\/api.w.org\/{rel}","templated":true}]}}