{"id":1005,"date":"2020-12-10T11:15:23","date_gmt":"2020-12-10T10:15:23","guid":{"rendered":"https:\/\/sge.org\/ibercarto\/?page_id=1005"},"modified":"2021-12-15T16:48:07","modified_gmt":"2021-12-15T15:48:07","slug":"espana-bibliografia-cartografica-de-autores-espanoles-2020","status":"publish","type":"page","link":"https:\/\/old.sge.org\/ibercarto\/bibliografia-cartografica\/espana-bibliografia-cartografica-de-autores-espanoles-2020\/","title":{"rendered":"ESPA\u00d1A.- Bibliograf\u00eda cartogr\u00e1fica de autores espa\u00f1oles a\u00f1o 2020"},"content":{"rendered":"<section  class='av_textblock_section av-av_textblock-0366cc7376be6c9e82a3e9cc8987b64f'  itemscope=\"itemscope\" itemtype=\"https:\/\/schema.org\/CreativeWork\" ><div class='avia_textblock'  itemprop=\"text\" ><h3><strong>MONOGRAF\u00cdAS<\/strong><\/h3>\n<p><strong>CASTRO REDONDO, Rub\u00e9n<\/strong>. Cartograf\u00eda digital de Galicia en 1753: jurisdicciones, provincias y Reino. Santiago de Compostela: Andavira editora, 2019<\/p>\n<p><strong>GRAU, Ramon; MONTANER, Carme<\/strong> (editors): Vistes panor\u00e0miques, cartes militars i pl\u00e0nols urban\u00edstics a Barcelona del segle XVI al XIX. Barcelona: Ajuntament de Barcelona; Institut Cartogr\u00e0fic i Geol\u00f2gic de Catalunya, 2020<\/p>\n<p><strong>Madrid, tres siglos de cartograf\u00eda<\/strong>: ciudad y comunidad en la Biblioteca Regional. [Madrid]: Comunidad de Madrid, [2019]<\/p>\n<p><strong>Mapes, pa\u00eds, futur:<\/strong> centenari de l&#8217;exposici\u00f3 cartogr\u00e0fica catalana (1919)\u201d (2020). Cat\u00e1logo de la exposici\u00f3n. Barcelona: Institut Cartogr\u00e0fic i Geol\u00f2gic de Catalunya.\u00a0\u00a0\u00a0\u00a0\u00a0\u00a0\u00a0\u00a0\u00a0\u00a0 &lt;https:\/\/www.icgc.cat\/content\/download\/83281\/724718\/version\/2\/file\/icgc_Cataleg_Centenari_CEC.pdf&gt; [Consulta: 04-12-2020].<\/p>\n<p><strong>MART\u00cdN-MER\u00c1S VERDEJO<\/strong>, <strong>Luisa.<\/strong> Estudio y comentario del Atlas de Joan Martines de 1570. Madrid: Piaf, SL,\u00a0 BNE, 2020<\/p>\n<p><strong>MART\u00cdNEZ MARINA, Francisco<\/strong>. 1754-1833. Papeles para el Diccionario geogr\u00e1fico hist\u00f3rico de Asturias. Editorial: Krk, 2019<\/p>\n<p><strong>MORENO MART\u00cdN, Jos\u00e9 Mar\u00eda.<\/strong> <em>A vueltas con el mundo. Los mapas de Magallanes y Elcano<\/em>. Madrid, Ministerio de Defensa, 2019<\/p>\n<p><strong>S\u00c1NCHEZ, Jes\u00fas<\/strong>. Cartograf\u00eda de la primera vuelta al mundo: 12 mapas en torno a la circunnavegaci\u00f3n en 1519-1522. Sevilla: Instituto de Estad\u00edstica de Andaluc\u00eda, 2019<\/p>\n<h3><\/h3>\n<h3><strong>CAP\u00cdTULOS DE MONOGRAF\u00cdAS<\/strong><\/h3>\n<p><a href=\"https:\/\/dialnet.unirioja.es\/servlet\/autor?codigo=3103855\"><strong>CRESPO LOSADA<\/strong><\/a><strong>, Manuel Jos\u00e9<\/strong> (2020). <em>Ocaso y Oriente: la peregrinaci\u00f3n por Galilea. Fuentes literarias y cartograf\u00eda en la visi\u00f3n de Isidro<\/em>. En: \u00a0<a href=\"https:\/\/dialnet.unirioja.es\/servlet\/libro?codigo=776722\">La escritura religiosa de Lope de Vega<\/a>:\u00a0entre l\u00edrica y epopeya\u00a0\/\u00a0coord.\u00a0por\u00a0<a href=\"https:\/\/dialnet.unirioja.es\/servlet\/autor?codigo=88619\">Jes\u00fas Ponce C\u00e1rdenas<\/a>\u00a0, 2020,\u00a0ISBN\u00a0978-3-96869-048-3,\u00a0p\u00e1gs.\u00a0161-190<\/p>\n<p><strong>MANSO PORTO, Carmen<\/strong> (2020). \u201cMapas que cambiaron la imagen del mundo a partir de la expedici\u00f3n Magallanes-Elcano (1519-1522)\u201d. Cap\u00edtulo 5. En: Pablo Vargas G\u00f3mez, editor, En busca de las especias. Las plantas de la expedici\u00f3n Magallanes-Elcano (1519-1522), V Centenario de la Primera Vuelta al Mundo. Madrid: CSIC-Catarata, Colecci\u00f3n Divulgaci\u00f3n, 2020, pp. 53-74.<\/p>\n<h3><\/h3>\n<h3><strong>ART\u00cdCULOS DE REVISTA<\/strong><\/h3>\n<p><strong>AGUILAR-CAMACHO, Joaqu\u00edn; GRANADO-CASTRO, Gabriel;\u00a0\u00a0 LOZANO-MART\u00cdNEZ, Fco. Ram\u00f3n<\/strong> (2020). <em>La obra coronada en la fortificaci\u00f3n de Puerta Tierra (C\u00e1diz) a trav\u00e9s de la cartograf\u00eda urbana del siglo XVIII. <\/em>En: Defensive Architecture of the Mediterranean \/ Vol XI \/ Navarro Palaz\u00f3n, Garc\u00eda-Pulido (eds.)<\/p>\n<p><a href=\"https:\/\/riunet.upv.es\/bitstream\/handle\/10251\/147073\/Aguilar-Camacho%3BGranado-Castro%3BLozano-Mart%C3%ADnez%20-%20La%20obra%20coronada%20en%20la%20fortificaci%C3%B3n%20de%20Puerta%20T....pdf?sequence=1\">https:\/\/riunet.upv.es\/bitstream\/handle\/10251\/147073\/Aguilar-Camacho%3BGranado-Castro%3BLozano-Mart%C3%ADnez%20-%20La%20obra%20coronada%20en%20la%20fortificaci%C3%B3n%20de%20Puerta%20T&#8230;.pdf?sequence=1<\/a><\/p>\n<p><strong>CISNEROS \u00c1LVAREZ, Pablo<\/strong> (2019). <em>Aportaciones a la biograf\u00eda art\u00edstica del cor\u00f3grafo Antonio Mancelli: su producci\u00f3n americana. <\/em>En: Archivo Espa\u00f1ol de Arte, vol. 92, n\u00fam. 367, Madrid, pp. 427-434. <a href=\"https:\/\/doi.org\/10.3989\/aearte.2019.27\">https:\/\/doi.org\/10.3989\/aearte.2019.27<\/a>.<\/p>\n<p><strong>CH\u00cdAS NAVARRO, Pilar; ABAD BALBOA, Tom\u00e1s<\/strong> (2020). <em>Las salinas en la Cartograf\u00eda. Construcci\u00f3n del territorio y del paisaje<\/em> En: Ci[ur]: Cuadernos de investigaci\u00f3n urban\u00edstica<\/p>\n<p><a href=\"http:\/\/polired.upm.es\/index.php\/ciur\/article\/view\/4401\">http:\/\/polired.upm.es\/index.php\/ciur\/article\/view\/4401<\/a><\/p>\n<p><strong>CONTI, Simonetta<\/strong> (2019). <em>La proyecci\u00f3n del pensamiento del Siglo XVIII en la cartograf\u00eda de los Reynos de Carlos III<\/em>. En: Bolet\u00edn de la Real Sociedad Geogr\u00e1fica. Tomo CLIV, 2019. Pp. 67-86<\/p>\n<p><a href=\"https:\/\/dialnet.unirioja.es\/servlet\/autor?codigo=34244\"><strong>DOCTOR CABRERA<\/strong><\/a><strong>, Alfonso<\/strong> (2020). <em>Din\u00e1micas de cambio del suelo forestal onubense a partir de la cartograf\u00eda forestal de Manuel Mart\u00edn Bola\u00f1os (1941\u20131951) [<\/em>Changing dynamics of the forest land of the province of Huelva, as of the forest mapping made by Manuel Mart\u00edn Bola\u00f1os (1941\u20131951)]. En: <a href=\"https:\/\/dialnet.unirioja.es\/servlet\/revista?codigo=3360\">Bolet\u00edn de la Asociaci\u00f3n de Ge\u00f3grafos Espa\u00f1oles<\/a>,\u00a0ISSN\u00a00212-9426,\u00a0ISSN-e\u00a02605-3322,\u00a0<a href=\"https:\/\/dialnet.unirioja.es\/ejemplar\/537513\">N\u00ba. 84, 2020<\/a><\/p>\n<p><a href=\"https:\/\/dialnet.unirioja.es\/servlet\/articulo?codigo=7430267\">https:\/\/dialnet.unirioja.es\/servlet\/articulo?codigo=7430267<\/a><\/p>\n<p><strong>GARC\u00cdA CALATAYUD, Carmen <\/strong>(2020). <em>La belleza del Cosmos. Astronomicum Caesareum<\/em>. En <em>Tendencias del mercado del arte<\/em>, 2020, pp. 70-71<\/p>\n<p><strong>GISBERT, Meritxell; NADAL, Francesc<\/strong> (2020). <em>Enginyeria i domini dels rius: La cartografia dels projectes del Canal d\u2019Urgell (1751-1849)<\/em>. En <em>Scripta Nova. <\/em><em>Revista electr\u00f3nica de geograf\u00eda y ciencias sociales<\/em>, vol. XXIV, n\u00ba 633<\/p>\n<p>Universitat de Barcelona. ISSN: 1138-97<\/p>\n<p>[<a href=\"http:\/\/scholar.google.es\/scholar_url?url=http:\/\/revistes.ub.edu\/index.php\/ScriptaNova\/article\/download\/26939\/31113&amp;hl=es&amp;sa=X&amp;d=5232480014553647801&amp;scisig=AAGBfm3tskLue3v6v4uNL9P7pMbmMfSHag&amp;nossl=1&amp;oi=scholaralrt\">PDF<\/a>]<\/p>\n<p><strong>HAMER-FLORES, Adolfo<\/strong> (2019). <em>M\u00e1s all\u00e1 de nuestras fronteras: un mapa de las nuevas poblaciones de Sierra Morena impreso en el siglo XVIII<\/em>. En: BOLET\u00cdN. INSTITUTO DE ESTUDIOS GIENNENSES Enero-Junio 2019 \u2013 N\u00ba 219 \u2013 P\u00e1gs. 59-73 \u2013 I.S.S.N.: 0561-3590<\/p>\n<p><strong>HINAREJOS MART\u00cdN, Nuria<\/strong> (2020). <em>De Extremadura a Puerto Rico: ingenieros militares a ambos lados del Atl\u00e1ntico<\/em>. En: <a href=\"https:\/\/revistas.ucm.es\/index.php\/ANHA\/index\">Anales de Historia del Arte<\/a>. Vol. 30 (2020): ): La traves\u00eda como morada del arte: viaje, frontera y desarraigo<\/p>\n<p><a href=\"https:\/\/revistas.ucm.es\/index.php\/ANHA\/article\/view\/72181\/4564456554831\">https:\/\/revistas.ucm.es\/index.php\/ANHA\/article\/view\/72181\/4564456554831<\/a><\/p>\n<p><a href=\"https:\/\/dialnet.unirioja.es\/servlet\/autor?codigo=5193319\"><strong>LE\u00d3N P\u00c9REZ<\/strong><\/a><strong>, Ruperto, \u00a0<\/strong><a href=\"https:\/\/dialnet.unirioja.es\/servlet\/autor?codigo=5193320\"><strong>G\u00c1MIZ GORDO<\/strong><\/a><strong>, Antonio<\/strong> (2020). <em>Los primeros mapas con caminos del territorio extreme\u00f1o (1680-1711)<\/em>. En: <a href=\"https:\/\/dialnet.unirioja.es\/servlet\/revista?codigo=2013\">Revista de Obras P\u00fablicas: Organo profesional de los ingenieros de caminos, canales y puertos<\/a>,\u00a0ISSN\u00a00034-8619,\u00a0<a href=\"https:\/\/dialnet.unirioja.es\/ejemplar\/560286\">N\u00ba. 3623, 2020<\/a>,\u00a0p\u00e1gs.\u00a054-60<\/p>\n<p><strong>LLOPIS VERD\u00da, Jorge; PIQUER CASES, Juan Carlos; SERRA LLUCH, Juan<\/strong> (2020). <em>El \u201cPlan de la ciudad de San Agust\u00edn de la Florida y sus contornos, situada en la altura septentrional de 29 grados y 50 minutos\u201d de Antonio de Arredondo de 1737. Una ciudad ideal en La Florida Espa\u00f1ola en el siglo XVIII. <\/em>En <a href=\"https:\/\/dialnet.unirioja.es\/servlet\/revista?codigo=7731\">EGA: Revista de expresi\u00f3n gr\u00e1fica arquitect\u00f3nica<\/a>,\u00a0ISSN\u00a01133-6137,\u00a0ISSN-e\u00a02254-6103,\u00a0<a href=\"https:\/\/dialnet.unirioja.es\/ejemplar\/553290\">Vol. 25, N\u00ba. 39, 2020<\/a><\/p>\n<p>https:\/\/polipapers.upv.es\/index.php\/EGA\/article\/view\/13953<\/p>\n<p><a href=\"https:\/\/dialnet.unirioja.es\/servlet\/autor?codigo=2659440\"><strong>MANFR\u00c8, Valeria<\/strong><\/a> (2020). <em>Giovanni Battista Sesti y el \u201cAtlas del Estado de Mil\u00e1n\u201d ideado para el pr\u00edncipe Eugenio de SaboyaDe Mil\u00e1n a Madrid<\/em>. En <a href=\"https:\/\/dialnet.unirioja.es\/servlet\/revista?codigo=151\">Archivo espa\u00f1ol de arte<\/a>,\u00a0ISSN\u00a00004-0428,\u00a0<a href=\"https:\/\/dialnet.unirioja.es\/ejemplar\/550295\">Tomo 93, N\u00ba 370, 2020<\/a>,\u00a0p\u00e1gs.\u00a0113-130<\/p>\n<p><a href=\"http:\/\/xn--archivoespaoldearte-53b.revistas.csic.es\/index.php\/aea\/article\/view\/1102\">http:\/\/xn--archivoespaoldearte-53b.revistas.csic.es\/index.php\/aea\/article\/view\/1102<\/a><\/p>\n<p><strong>MANSO PORTO, Carmen<\/strong> (2020). <em>L\u00f3pez de Vargas Machuca, Tom\u00e1s<\/em>. En: <em>Diccionario de Arquitectos en Madrid del Instituto de Estudios Madrile\u00f1os<\/em>. Publicaci\u00f3n en la web del Instituto de Estudios Madrile\u00f1os.<\/p>\n<p><a href=\"https:\/\/xn--institutoestudiosmadrileos-4rc.es\/\">https:\/\/xn--institutoestudiosmadrileos-4rc.es\/<\/a><\/p>\n<p><strong>MANSO PORTO, Carmen<\/strong> (2019). <em>Cisneros y Or\u00e1n<\/em>. En <em>Bolet\u00edn de la Real Academia de la Historia<\/em>, tomo CCXVI, cuaderno III, septiembre-diciembre 2019. Separata, enero 2020, pp. 487-521.<\/p>\n<p><strong>MANSO PORTO, Carmen<\/strong> (2019). <em>Selecci\u00f3n de Cartograf\u00eda antigua de Asturias (siglos XVIII-XIX).<\/em> En: <em>Francisco Mart\u00ednez Marina, Papeles para el Diccionario geogr\u00e1fico-hist\u00f3rico de Asturias,<\/em> Edici\u00f3n de Florencio Friera Su\u00e1rez, Oviedo: KRK ediciones, 2019, Tomo III, pp. 1977-2034.<\/p>\n<p><strong>MANSO PORTO, Carmen<\/strong>\u00a0 (2019). <em>Espa\u00f1a en mapas antiguos. Cat\u00e1logo de la Colecci\u00f3n Rodr\u00edguez Torres-Ayuso<\/em>. Madrid: <em>Bolet\u00edn Oficial del Estado y Real Academia de la Historia<\/em> (en prensa).<\/p>\n<p><strong>MORAND, Fr\u00e9d\u00e9rique<\/strong> (2020). <em>Aportaciones jesuitas a la corograf\u00eda gaditana antes de 1596: una investigaci\u00f3n en marcha<\/em>. En: TIEMPOS MODERNOS Revista electr\u00f3nica de Historia Moderna, n\u00famero 40, junio de 2020 ISSN: 1699-7778<\/p>\n<p>[<a href=\"http:\/\/scholar.google.es\/scholar_url?url=http:\/\/www.tiemposmodernos.org\/tm3\/index.php\/tm\/article\/download\/3842\/902&amp;hl=es&amp;sa=X&amp;d=4865905654295415489&amp;scisig=AAGBfm05ggZAGUUc5CUD2ZTOgM6U1FP5Og&amp;nossl=1&amp;oi=scholaralrt&amp;html=\">PDF<\/a>]<\/p>\n<p><a href=\"https:\/\/dialnet.unirioja.es\/servlet\/autor?codigo=4619907\"><strong>MORAL GARC\u00cdA<\/strong><\/a><strong> \u00c1lvaro;\u00a0<\/strong><a href=\"https:\/\/dialnet.unirioja.es\/servlet\/autor?codigo=1791702\"><strong> CARAZO LEFORT<\/strong><\/a><strong>,\u00a0Eduardo<\/strong> (2020). <em>Forma urbana y cartograf\u00eda hist\u00f3rica: el camino de Santiago en la ciudad de Burgos<\/em>. En <a href=\"https:\/\/dialnet.unirioja.es\/servlet\/libro?codigo=773919\">El patrimonio gr\u00e1fico. La gr\u00e1fica del patrimonio<\/a>:\u00a0XVIII Congreso Internacional de Expresi\u00f3n Gr\u00e1fica Arquitect\u00f3nica, Zaragoza, 21-25 de septiembre de 2020\u00a0\/\u00a0<a href=\"https:\/\/dialnet.unirioja.es\/servlet\/autor?codigo=512900\">Luis Agust\u00edn Hern\u00e1ndez<\/a>\u00a0(ed. lit.)\u00a0,\u00a0<a href=\"https:\/\/dialnet.unirioja.es\/servlet\/autor?codigo=3517554\">Noelia Cervero S\u00e1nchez<\/a>\u00a0(ed. lit.),\u00a0<a href=\"https:\/\/dialnet.unirioja.es\/servlet\/autor?codigo=3767220\">Miguel Sancho Mir<\/a>\u00a0(ed. lit.), 2020,\u00a0ISBN\u00a0978-84-1340-161-4,\u00a0p\u00e1gs.\u00a0645-648<\/p>\n<p><strong>MORENO MART\u00cdN, Jos\u00e9 Mar\u00eda <\/strong>(2020). <em>Mapas para un mundo nuevo: el viaje de Magallanes y Elcano<\/em>. En <em>Cuadernos<\/em> monogr\u00e1ficos. Jornadas cultuales 2017-2019, Tomo I, Ediciones Mirte, Orden de San Clemente y San Fernando<em>, <\/em>Sevilla, 2020, p. 113-130<\/p>\n<p><strong>MOYA MU\u00d1OZ,\u00a0 Jorge;\u00a0 ATANASIO GUISADO, Alberto<\/strong> (2020). <em>La cartograf\u00eda hist\u00f3rica y la ortograf\u00eda en el an\u00e1lisis de la transformaci\u00f3n de los paisajes del olivar de \u00c9cija mediante SIG<\/em>. En: El patrimonio gr\u00e1fico. La gr\u00e1fica del patrimonio: XVIII Congreso Internacional de Expresi\u00f3n Gr\u00e1fica Arquitect\u00f3nica, Zaragoza, 21-25 de septiembre de 2020 \/ Luis Agust\u00edn Hern\u00e1ndez (ed. lit.) \u00c1rbol acad\u00e9mico, Noelia Cervero S\u00e1nchez (ed. lit.), Miguel Sancho Mir (ed. lit.), 2020, ISBN 978-84-1340-161-4, p\u00e1gs. 653-656<\/p>\n<p><strong>POSADA SIME\u00d3N, Jos\u00e9 Carlos<\/strong> (2020). <em>El territorio de Do\u00f1ana en la cartograf\u00eda hist\u00f3rica<\/em>. En: Visibilia. Patrimonio Cultural Andaluz. Pp. 107-130 978-84-09-21441-9<\/p>\n<p><a href=\"https:\/\/rio.upo.es\/xmlui\/bitstream\/handle\/10433\/8508\/6.%20Posada_JoseCarlos.pdf?sequence=1&amp;isAllowed=y\">https:\/\/rio.upo.es\/xmlui\/bitstream\/handle\/10433\/8508\/6.%20Posada_JoseCarlos.pdf?sequence=1&amp;isAllowed=y<\/a><\/p>\n<p><strong>POSADA SIME\u00d3N, Jos\u00e9 Carlos<\/strong> (2019). <em>Representaci\u00f3n cartogr\u00e1fica de los asentamientos humanos en los mapas de Andaluc\u00eda de los siglos XVI-XVIII<\/em>. En: Estudios Geogr\u00e1ficos, 80 (287): e025. https:\/\/doi.org\/10.3989\/estgeogr.201942.022<\/p>\n<p><a href=\"https:\/\/dialnet.unirioja.es\/servlet\/autor?codigo=2700305\"><strong>RAMOS<\/strong><\/a><strong>, Noelia<\/strong> (2020). <em>L&#8217;aflorament del paper de les dones a la cartografia i la geologia: aportacions des de la Cartoteca de Catalunya<\/em><\/p>\n<p>En: <a href=\"https:\/\/dialnet.unirioja.es\/servlet\/revista?codigo=1950\">iD: Textos universitaris de biblioteconomia i documentaci\u00f3<\/a>,\u00a0ISSN-e\u00a01575-5886,\u00a0<a href=\"https:\/\/dialnet.unirioja.es\/ejemplar\/551192\">N\u00ba. 44, 2020<\/a> <a href=\"http:\/\/bid.ub.edu\/44\/ramos.htm\">http:\/\/bid.ub.edu\/44\/ramos.htm<\/a><\/p>\n<p><strong>RODR\u00cdGUEZ ESTEBAN, Jos\u00e9 Antonio<\/strong> (2020). <em>Cartograf\u00eda Espa\u00f1ola en filipinas, Fin de Siglo<\/em>. En:\u00a0 Illes i imperis, [online], 2020, Num. 22, pp. 85-106, [View: 19-10-2020].<\/p>\n<p><a href=\"https:\/\/www.raco.cat\/index.php\/IllesImperis\/article\/view\/374560\/468152\">https:\/\/www.raco.cat\/index.php\/IllesImperis\/article\/view\/374560\/468152<\/a><\/p>\n<p><a href=\"https:\/\/dialnet.unirioja.es\/servlet\/autor?codigo=3767220\"><strong>SANCHO MIR<\/strong><\/a><strong> Miguel,\u00a0<\/strong><a href=\"https:\/\/dialnet.unirioja.es\/servlet\/autor?codigo=5154890\"><strong>MART\u00cdN DOM\u00cdNGUEZ<\/strong><\/a><strong> Beatriz<\/strong> (2020). <em>Las primeras cartograf\u00edas de Teruel, principales aportaciones para la restituci\u00f3n de la imagen hist\u00f3rica de la ciudad<\/em>. En: \u00a0<a href=\"https:\/\/dialnet.unirioja.es\/servlet\/libro?codigo=773919\">El patrimonio gr\u00e1fico. La gr\u00e1fica del patrimonio<\/a>:\u00a0XVIII Congreso Internacional de Expresi\u00f3n Gr\u00e1fica Arquitect\u00f3nica, Zaragoza, 21-25 de septiembre de 2020\u00a0\/\u00a0<a href=\"https:\/\/dialnet.unirioja.es\/servlet\/autor?codigo=512900\">Luis Agust\u00edn Hern\u00e1ndez<\/a>\u00a0(ed. lit.)\u00a0,\u00a0<a href=\"https:\/\/dialnet.unirioja.es\/servlet\/autor?codigo=3517554\">Noelia Cervero S\u00e1nchez<\/a>\u00a0(ed. lit.),\u00a0<a href=\"https:\/\/dialnet.unirioja.es\/servlet\/autor?codigo=3767220\">Miguel Sancho Mir<\/a>\u00a0(ed. lit.), 2020,\u00a0ISBN\u00a0978-84-1340-161-4,\u00a0p\u00e1gs.\u00a0717-720<\/p>\n<p><strong>STANGL, Werner<\/strong> (2020). <em>Los correos terrestres de Cartagena de Indias en tiempos de la renta (1768-1810): Itinerarios, cartograf\u00eda, un \u00abmapa en relaci\u00f3n topogr\u00e1fica\u00bb, GPS y un SIG<\/em>. En: Revista de Indias, LXXX\/278 (Madrid, 2020): 199-250<\/p>\n<p>http:\/\/revistadeindias.revistas.csic.es\/index.php\/revistadeindias\/article\/view\/1189<\/p>\n<p><a href=\"https:\/\/dialnet.unirioja.es\/servlet\/autor?codigo=3458740\"><strong>V\u00c1ZQUEZ MANASSERO<\/strong><\/a><strong>, Margarita Ana <\/strong>(2020). <em>El gran mercado del mundo: comerciantes de la cartograf\u00eda en Roma y Madrid en el siglo XVII<\/em>. En:\u00a0<a href=\"https:\/\/dialnet.unirioja.es\/servlet\/libro?codigo=775094\">La ciudad de los saberes en la Edad Moderna<\/a>\u00a0\/\u00a0coord.\u00a0por\u00a0<a href=\"https:\/\/dialnet.unirioja.es\/servlet\/autor?codigo=147728\">Alicia C\u00e1mara Mu\u00f1oz<\/a>\u00a0,\u00a0<a href=\"https:\/\/dialnet.unirioja.es\/servlet\/autor?codigo=2298587\">Alvaro Molina Mart\u00edn<\/a>\u00a0,\u00a0<a href=\"https:\/\/dialnet.unirioja.es\/servlet\/autor?codigo=3458740\">Margarita Ana V\u00e1zquez Manassero<\/a>, 2020,\u00a0ISBN\u00a0978-84-18105-00-5,\u00a0p\u00e1gs.\u00a0153-168<\/p>\n<h3><strong>TESIS<\/strong><\/h3>\n<p><strong>Cabello de Alba Lara, Manuel<\/strong>. <em>Geolocalizaci\u00f3n y an\u00e1lisis de la ingenier\u00eda, cartograf\u00eda y arquitectura espa\u00f1ola en los actuales EEUU (1513-1821)<\/em>. Directores de la Tesis: Isabel Luisa Castillejo Gonz\u00e1lez (dir. tes.), Francisco Montes Tubio (dir. tes.). Universidad de C\u00f3rdoba (Espa\u00f1a) en 2019<\/p>\n<p><a href=\"https:\/\/helvia.uco.es\/xmlui\/handle\/10396\/19167\">https:\/\/helvia.uco.es\/xmlui\/handle\/10396\/19167<\/a><\/p>\n<h3><strong>TRABAJOS ACAD\u00c9MICOS<\/strong><\/h3>\n<p><strong>VARELA V\u00c1ZQUEZ, Marcos Edmundo<\/strong>. Los viajes de agua de la ciudad de A Coru\u00f1a y su impacto en la trama urbana: cartograf\u00eda hist\u00f3rica y ciudad contempor\u00e1nea. RUC: Repositorio Universidad de La Coru\u00f1a<\/p>\n<p><a href=\"https:\/\/ruc.udc.es\/dspace\/handle\/2183\/26330\">https:\/\/ruc.udc.es\/dspace\/handle\/2183\/26330<\/a><\/p>\n<h3><strong>OTROS<\/strong><\/h3>\n<p><strong>Garc\u00eda Calatayud, Carmen<\/strong>. <em>Anecdotas de un <span style=\"text-decoration: line-through\">bibliotecario<\/span> cartotecario<\/em>. Post en la Biblioteca Nacional de Espa\u00f1a, 2020<\/p>\n<p><a href=\"http:\/\/blog.bne.es\/blog\/anecdotas-de-un-bibliotecario-cartotecario\/\">http:\/\/blog.bne.es\/blog\/anecdotas-de-un-bibliotecario-cartotecario\/<\/a><\/p>\n<p><strong>Garc\u00eda Calatayud, Carmen<\/strong>. <em>La belleza del Cosmos. Astronomicum Caesareum<\/em>. Madrid, Biblioteca Nacional de Espa\u00f1a, 2020 (folleto de la exposici\u00f3n)<\/p>\n<p><a href=\"http:\/\/www.bne.es\/export\/sites\/BNWEB1\/webdocs\/Actividades\/exposiciones\/2020\/La-belleza-cosmos_Astronomicum-caesarum.pdf\">http:\/\/www.bne.es\/export\/sites\/BNWEB1\/webdocs\/Actividades\/exposiciones\/2020\/La-belleza-cosmos_Astronomicum-caesarum.pdf<\/a><\/p>\n<p><strong>Instituto Geogr\u00e1fico Nacional<\/strong>. \u201c<em>150 a\u00f1os del Instituto Geogr\u00e1fico Nacional<\/em>\u201d. Madrid: IGN, 2020 (d\u00edptico de la exposici\u00f3n)<\/p>\n<p><a href=\"http:\/\/www.ign.es\/resources\/docs\/IGNCnig\/SC-exposicion_diptico_2020.pdf\">http:\/\/www.ign.es\/resources\/docs\/IGNCnig\/SC-exposicion_diptico_2020.pdf<\/a><\/p>\n<\/div><\/section>\n","protected":false},"excerpt":{"rendered":"","protected":false},"author":643,"featured_media":0,"parent":77,"menu_order":12,"comment_status":"closed","ping_status":"closed","template":"","meta":{"footnotes":""},"class_list":["post-1005","page","type-page","status-publish","hentry"],"_links":{"self":[{"href":"https:\/\/old.sge.org\/ibercarto\/wp-json\/wp\/v2\/pages\/1005","targetHints":{"allow":["GET"]}}],"collection":[{"href":"https:\/\/old.sge.org\/ibercarto\/wp-json\/wp\/v2\/pages"}],"about":[{"href":"https:\/\/old.sge.org\/ibercarto\/wp-json\/wp\/v2\/types\/page"}],"author":[{"embeddable":true,"href":"https:\/\/old.sge.org\/ibercarto\/wp-json\/wp\/v2\/users\/643"}],"replies":[{"embeddable":true,"href":"https:\/\/old.sge.org\/ibercarto\/wp-json\/wp\/v2\/comments?post=1005"}],"version-history":[{"count":8,"href":"https:\/\/old.sge.org\/ibercarto\/wp-json\/wp\/v2\/pages\/1005\/revisions"}],"predecessor-version":[{"id":1229,"href":"https:\/\/old.sge.org\/ibercarto\/wp-json\/wp\/v2\/pages\/1005\/revisions\/1229"}],"up":[{"embeddable":true,"href":"https:\/\/old.sge.org\/ibercarto\/wp-json\/wp\/v2\/pages\/77"}],"wp:attachment":[{"href":"https:\/\/old.sge.org\/ibercarto\/wp-json\/wp\/v2\/media?parent=1005"}],"curies":[{"name":"wp","href":"https:\/\/api.w.org\/{rel}","templated":true}]}}